{"id":32191,"date":"2020-06-07T23:00:46","date_gmt":"2020-06-07T21:00:46","guid":{"rendered":"https:\/\/softlinefurniture.com\/product\/venus-3-p-sofa\/"},"modified":"2026-03-13T11:36:01","modified_gmt":"2026-03-13T10:36:01","slug":"venus-schlafsofa","status":"publish","type":"product","link":"https:\/\/softlinefurniture.com\/de\/produkt\/venus-schlafsofa\/","title":{"rendered":"VENUS Schlafsofa"},"content":{"rendered":"<p><strong>Ein Sofa mit Pers\u00f6nlichkeit<\/strong><br \/>\nVENUS ist ein elegantes Sofa mit einer eingebauten Schlaffunktion. Der schlichte und leichte Stahlrahmen verl\u00e4uft entlang der R\u00fcckseite des Sofas &#8211; ein besonderes Detail, das dazu einl\u00e4dt, das Sofa in der Mitte des Raumes zu platzieren, so dass das Design aus allen Winkeln genossen werden kann. Die eingebauten Armlehnen und die weiche R\u00fcckenlehne schaffen maximalen Komfort. Trotz der Gr\u00f6\u00dfe l\u00e4sst sich VENUS leicht in ein Bett f\u00fcr Erwachsene verwandeln.<\/p>\n<p>Gewinner des Good Design Award 2017<\/p>\n","protected":false},"excerpt":{"rendered":"<p>Ein Sofa mit Pers\u00f6nlichkeit VENUS ist ein elegantes Sofa mit einer eingebauten Schlaffunktion. Der schlichte und leichte Stahlrahmen verl\u00e4uft entlang der R\u00fcckseite des Sofas &#8211; ein besonderes Detail, das dazu einl\u00e4dt, das Sofa in der Mitte des Raumes zu platzieren, so dass das Design aus allen Winkeln genossen werden kann. Die eingebauten Armlehnen und die [&hellip;]<\/p>\n","protected":false},"featured_media":97302,"comment_status":"closed","ping_status":"closed","template":"","meta":{"_acf_changed":false},"product_brand":[48744],"product_cat":[6258,6257],"product_tag":[6274,34680],"class_list":{"0":"post-32191","1":"product","2":"type-product","3":"status-publish","4":"has-post-thumbnail","6":"product_brand-venus","7":"product_cat-kollektionen","8":"product_cat-schlafsofas","9":"product_tag-funktion","10":"product_tag-sofa-de","11":"pa_covers-reinigung-bezuge-mit-dem-symbol-p-konnen-chemisch-gereinigt-werden-ersatzbezuge-sind-lieferbar-wenn-sie-eine-neue-farbe-oder-einen-neuen-stoff-mochten-de","13":"first","14":"instock","15":"shipping-taxable","16":"purchasable","17":"product-type-variable"},"acf":[],"_links":{"self":[{"href":"https:\/\/softlinefurniture.com\/de\/wp-json\/wp\/v2\/product\/32191","targetHints":{"allow":["GET"]}}],"collection":[{"href":"https:\/\/softlinefurniture.com\/de\/wp-json\/wp\/v2\/product"}],"about":[{"href":"https:\/\/softlinefurniture.com\/de\/wp-json\/wp\/v2\/types\/product"}],"replies":[{"embeddable":true,"href":"https:\/\/softlinefurniture.com\/de\/wp-json\/wp\/v2\/comments?post=32191"}],"version-history":[{"count":0,"href":"https:\/\/softlinefurniture.com\/de\/wp-json\/wp\/v2\/product\/32191\/revisions"}],"wp:featuredmedia":[{"embeddable":true,"href":"https:\/\/softlinefurniture.com\/de\/wp-json\/wp\/v2\/media\/97302"}],"wp:attachment":[{"href":"https:\/\/softlinefurniture.com\/de\/wp-json\/wp\/v2\/media?parent=32191"}],"wp:term":[{"taxonomy":"product_brand","embeddable":true,"href":"https:\/\/softlinefurniture.com\/de\/wp-json\/wp\/v2\/product_brand?post=32191"},{"taxonomy":"product_cat","embeddable":true,"href":"https:\/\/softlinefurniture.com\/de\/wp-json\/wp\/v2\/product_cat?post=32191"},{"taxonomy":"product_tag","embeddable":true,"href":"https:\/\/softlinefurniture.com\/de\/wp-json\/wp\/v2\/product_tag?post=32191"}],"curies":[{"name":"wp","href":"https:\/\/api.w.org\/{rel}","templated":true}]}}