{"id":38078,"date":"2021-01-14T21:01:59","date_gmt":"2021-01-14T20:01:59","guid":{"rendered":"https:\/\/softlinefurniture.com\/?post_type=product&#038;p=38078"},"modified":"2026-03-13T11:40:54","modified_gmt":"2026-03-13T10:40:54","slug":"xo-fix-tisch","status":"publish","type":"product","link":"https:\/\/softlinefurniture.com\/de\/produkt\/xo-fix-tisch\/","title":{"rendered":"XO Fix Tisch"},"content":{"rendered":"<p><strong>Ihr perfekter Gehilfe<\/strong><br \/>\nXO-Tische sind luftig und elegant. W\u00e4hlen Sie zwischen dem XO mit fester H\u00f6he oder der verstellbaren Variante. Die asymmetrische Platzierung des Tischbeins erlaubt es, den Tisch \u00fcber die Sitzfl\u00e4che fast aller denkbaren Sofas oder Sessel zu stellen. Die Form der Tischplatte ist auf unterschiedliche Nutzungsszenarien abgestimmt, je nachdem, ob Sie den Tisch als Beistelltisch oder als Arbeitstisch f\u00fcr Ihr iPad oder Ihren Laptop ben\u00f6tigen. Bei der h\u00f6henverstellbaren Variante kann die H\u00f6he des Tisches mit einem Handgriff verstellt werden.<\/p>\n","protected":false},"excerpt":{"rendered":"<p>Ihr perfekter Gehilfe XO-Tische sind luftig und elegant. W\u00e4hlen Sie zwischen dem XO mit fester H\u00f6he oder der verstellbaren Variante. Die asymmetrische Platzierung des Tischbeins erlaubt es, den Tisch \u00fcber die Sitzfl\u00e4che fast aller denkbaren Sofas oder Sessel zu stellen. Die Form der Tischplatte ist auf unterschiedliche Nutzungsszenarien abgestimmt, je nachdem, ob Sie den Tisch [&hellip;]<\/p>\n","protected":false},"featured_media":43106,"comment_status":"closed","ping_status":"closed","template":"","meta":{"_acf_changed":false},"product_brand":[48764],"product_cat":[6258,6259],"product_tag":[],"class_list":{"0":"post-38078","1":"product","2":"type-product","3":"status-publish","4":"has-post-thumbnail","6":"product_brand-xo-fix","7":"product_cat-kollektionen","8":"product_cat-tische-de","10":"first","11":"instock","12":"shipping-taxable","13":"purchasable","14":"product-type-variable"},"acf":[],"_links":{"self":[{"href":"https:\/\/softlinefurniture.com\/de\/wp-json\/wp\/v2\/product\/38078","targetHints":{"allow":["GET"]}}],"collection":[{"href":"https:\/\/softlinefurniture.com\/de\/wp-json\/wp\/v2\/product"}],"about":[{"href":"https:\/\/softlinefurniture.com\/de\/wp-json\/wp\/v2\/types\/product"}],"replies":[{"embeddable":true,"href":"https:\/\/softlinefurniture.com\/de\/wp-json\/wp\/v2\/comments?post=38078"}],"version-history":[{"count":0,"href":"https:\/\/softlinefurniture.com\/de\/wp-json\/wp\/v2\/product\/38078\/revisions"}],"wp:featuredmedia":[{"embeddable":true,"href":"https:\/\/softlinefurniture.com\/de\/wp-json\/wp\/v2\/media\/43106"}],"wp:attachment":[{"href":"https:\/\/softlinefurniture.com\/de\/wp-json\/wp\/v2\/media?parent=38078"}],"wp:term":[{"taxonomy":"product_brand","embeddable":true,"href":"https:\/\/softlinefurniture.com\/de\/wp-json\/wp\/v2\/product_brand?post=38078"},{"taxonomy":"product_cat","embeddable":true,"href":"https:\/\/softlinefurniture.com\/de\/wp-json\/wp\/v2\/product_cat?post=38078"},{"taxonomy":"product_tag","embeddable":true,"href":"https:\/\/softlinefurniture.com\/de\/wp-json\/wp\/v2\/product_tag?post=38078"}],"curies":[{"name":"wp","href":"https:\/\/api.w.org\/{rel}","templated":true}]}}