{"id":88948,"date":"2021-12-07T16:04:49","date_gmt":"2021-12-07T15:04:49","guid":{"rendered":"https:\/\/softlinefurniture.com\/product\/duet-kissen\/"},"modified":"2026-03-13T08:40:24","modified_gmt":"2026-03-13T07:40:24","slug":"duet-kissen","status":"publish","type":"product","link":"https:\/\/softlinefurniture.com\/de\/produkt\/duet-kissen\/","title":{"rendered":"DUET Kissen"},"content":{"rendered":"<p><strong>Weich und stilvoll<\/strong><br \/>\nDas cleane und minimalistische Design des DUET-Tagesbettes hat eine \u00fcberraschende Eigenschaft, die Sie lieben werden: Ein wunderbar weiches Kissen, das f\u00fcr zus\u00e4tzlichen Komfort um die Matratze gewickelt ist. Die Stahlbeine haben eine schwarze Beschichtung, und die leichte Konstruktion des Untergestells sorgt f\u00fcr einen luftigen Look. Verwenden Sie DUET als Sofa, Daybed oder als Einzel-\/Doppelbett.<\/p>\n","protected":false},"excerpt":{"rendered":"<p>Weich und stilvoll Das cleane und minimalistische Design des DUET-Tagesbettes hat eine \u00fcberraschende Eigenschaft, die Sie lieben werden: Ein wunderbar weiches Kissen, das f\u00fcr zus\u00e4tzlichen Komfort um die Matratze gewickelt ist. Die Stahlbeine haben eine schwarze Beschichtung, und die leichte Konstruktion des Untergestells sorgt f\u00fcr einen luftigen Look. Verwenden Sie DUET als Sofa, Daybed oder [&hellip;]<\/p>\n","protected":false},"featured_media":88933,"comment_status":"closed","ping_status":"closed","template":"","meta":{"_acf_changed":false},"product_brand":[48408],"product_cat":[6245],"product_tag":[],"class_list":{"0":"post-88948","1":"product","2":"type-product","3":"status-publish","4":"has-post-thumbnail","6":"product_brand-duet","7":"product_cat-kissen","8":"pa_covers-reinigung-bezuge-mit-dem-symbol-p-konnen-chemisch-gereinigt-werden-ersatzbezuge-sind-lieferbar-wenn-sie-eine-neue-farbe-oder-einen-neuen-stoff-mochten-de","10":"first","11":"instock","12":"shipping-taxable","13":"purchasable","14":"product-type-variable"},"acf":[],"_links":{"self":[{"href":"https:\/\/softlinefurniture.com\/de\/wp-json\/wp\/v2\/product\/88948","targetHints":{"allow":["GET"]}}],"collection":[{"href":"https:\/\/softlinefurniture.com\/de\/wp-json\/wp\/v2\/product"}],"about":[{"href":"https:\/\/softlinefurniture.com\/de\/wp-json\/wp\/v2\/types\/product"}],"replies":[{"embeddable":true,"href":"https:\/\/softlinefurniture.com\/de\/wp-json\/wp\/v2\/comments?post=88948"}],"version-history":[{"count":0,"href":"https:\/\/softlinefurniture.com\/de\/wp-json\/wp\/v2\/product\/88948\/revisions"}],"wp:featuredmedia":[{"embeddable":true,"href":"https:\/\/softlinefurniture.com\/de\/wp-json\/wp\/v2\/media\/88933"}],"wp:attachment":[{"href":"https:\/\/softlinefurniture.com\/de\/wp-json\/wp\/v2\/media?parent=88948"}],"wp:term":[{"taxonomy":"product_brand","embeddable":true,"href":"https:\/\/softlinefurniture.com\/de\/wp-json\/wp\/v2\/product_brand?post=88948"},{"taxonomy":"product_cat","embeddable":true,"href":"https:\/\/softlinefurniture.com\/de\/wp-json\/wp\/v2\/product_cat?post=88948"},{"taxonomy":"product_tag","embeddable":true,"href":"https:\/\/softlinefurniture.com\/de\/wp-json\/wp\/v2\/product_tag?post=88948"}],"curies":[{"name":"wp","href":"https:\/\/api.w.org\/{rel}","templated":true}]}}