{"id":94321,"date":"2022-06-03T10:20:35","date_gmt":"2022-06-03T08:20:35","guid":{"rendered":"https:\/\/softlinefurniture.com\/?post_type=product&#038;p=94321"},"modified":"2026-03-13T08:37:56","modified_gmt":"2026-03-13T07:37:56","slug":"dial-telefonzelle","status":"publish","type":"product","link":"https:\/\/softlinefurniture.com\/de\/produkt\/dial-telefonzelle\/","title":{"rendered":"DIAL Telefonzelle"},"content":{"rendered":"<p>DIAL ist von einer alten Telefonzelle inspiriert, und das innovative Design entspricht dem st\u00e4ndig wachsenden Bed\u00fcrfnis nach &#8220;Privatsph\u00e4re in der \u00d6ffentlichkeit&#8221;. DIAL kann helfen, den physischen und mentalen privaten Raum in \u00f6ffentlichen R\u00e4umen zu schaffen, der notwendig ist, um sich zu entspannen und sich auf das zu konzentrieren, was im Moment wichtig ist &#8211; sei es ein Skype-Call mit einem Kollegen, FaceTime mit einem geliebten Menschen oder einfach nur das Bed\u00fcrfnis, die Augen f\u00fcr einen Moment zu schlie\u00dfen und sich auf die bevorstehende Aufgabe, eine Reise oder ein wichtiges Meeting zu konzentrieren. DIAL ist innen und au\u00dfen vollst\u00e4ndig gepolstert, was es weich und einladend macht, und kann je nach Wahl des Stoffes an jede von Umgebung in \u00f6ffentlichen R\u00e4umen angepasst werden.<\/p>\n<p>Preistr\u00e4ger des Green Good Design Award 2023<\/p>\n","protected":false},"excerpt":{"rendered":"<p>DIAL ist von einer alten Telefonzelle inspiriert, und das innovative Design entspricht dem st\u00e4ndig wachsenden Bed\u00fcrfnis nach &#8220;Privatsph\u00e4re in der \u00d6ffentlichkeit&#8221;. DIAL kann helfen, den physischen und mentalen privaten Raum in \u00f6ffentlichen R\u00e4umen zu schaffen, der notwendig ist, um sich zu entspannen und sich auf das zu konzentrieren, was im Moment wichtig ist &#8211; sei [&hellip;]<\/p>\n","protected":false},"featured_media":94777,"comment_status":"closed","ping_status":"closed","template":"","meta":{"_acf_changed":false},"product_brand":[48334],"product_cat":[6258,33,47818],"product_tag":[],"class_list":{"0":"post-94321","1":"product","2":"type-product","3":"status-publish","4":"has-post-thumbnail","6":"product_brand-dial","7":"product_cat-kollektionen","8":"product_cat-neuheiten","9":"product_cat-workspace","10":"pa_covers-reinigung-bezuge-mit-dem-symbol-p-konnen-chemisch-gereinigt-werden-ersatzbezuge-sind-lieferbar-wenn-sie-eine-neue-farbe-oder-einen-neuen-stoff-mochten-de","12":"first","13":"instock","14":"shipping-taxable","15":"purchasable","16":"product-type-variable"},"acf":[],"_links":{"self":[{"href":"https:\/\/softlinefurniture.com\/de\/wp-json\/wp\/v2\/product\/94321","targetHints":{"allow":["GET"]}}],"collection":[{"href":"https:\/\/softlinefurniture.com\/de\/wp-json\/wp\/v2\/product"}],"about":[{"href":"https:\/\/softlinefurniture.com\/de\/wp-json\/wp\/v2\/types\/product"}],"replies":[{"embeddable":true,"href":"https:\/\/softlinefurniture.com\/de\/wp-json\/wp\/v2\/comments?post=94321"}],"version-history":[{"count":0,"href":"https:\/\/softlinefurniture.com\/de\/wp-json\/wp\/v2\/product\/94321\/revisions"}],"wp:featuredmedia":[{"embeddable":true,"href":"https:\/\/softlinefurniture.com\/de\/wp-json\/wp\/v2\/media\/94777"}],"wp:attachment":[{"href":"https:\/\/softlinefurniture.com\/de\/wp-json\/wp\/v2\/media?parent=94321"}],"wp:term":[{"taxonomy":"product_brand","embeddable":true,"href":"https:\/\/softlinefurniture.com\/de\/wp-json\/wp\/v2\/product_brand?post=94321"},{"taxonomy":"product_cat","embeddable":true,"href":"https:\/\/softlinefurniture.com\/de\/wp-json\/wp\/v2\/product_cat?post=94321"},{"taxonomy":"product_tag","embeddable":true,"href":"https:\/\/softlinefurniture.com\/de\/wp-json\/wp\/v2\/product_tag?post=94321"}],"curies":[{"name":"wp","href":"https:\/\/api.w.org\/{rel}","templated":true}]}}