{"id":94365,"date":"2022-06-03T10:55:43","date_gmt":"2022-06-03T08:55:43","guid":{"rendered":"https:\/\/softlinefurniture.com\/?post_type=product&#038;p=94365"},"modified":"2026-03-13T10:55:25","modified_gmt":"2026-03-13T09:55:25","slug":"opera-wand","status":"publish","type":"product","link":"https:\/\/softlinefurniture.com\/de\/produkt\/opera-wand\/","title":{"rendered":"OPERA Wand"},"content":{"rendered":"<p>Die OPERA-Kollektion, die bereits aus Sofas, Sesseln, Poufs und einem modularen System in verschiedenen Gr\u00f6\u00dfen und Varianten besteht, wurde um eine Trennwand in derselben zeitlosen, kompakten und internationalen Designsprache erweitert. Mit der Trennwand ist es nun m\u00f6glich, kleinere Bereiche zu schaffen, die umschlossen und abgeschirmt sind und so einen privaten und definierten Raum bilden, der als Raum im Raum f\u00fcr Besprechungen oder zum ungest\u00f6rten Arbeiten dienen kann. Die Trennwand erm\u00f6glicht ganz neue Einsatz- und Kombinationsm\u00f6glichkeiten der OPERA-Elemente im \u00f6ffentlichen Raum, da sie nahtlos an die OPERA-Sitzelemente anschlie\u00dft. So k\u00f6nnen Sie die Trennwand bei Bedarf einfach hinzuf\u00fcgen &#8211; und sie effizient bewegen und lagern, da sie bei Nichtgebrauch nur wenig Platz ben\u00f6tigen.<\/p>\n","protected":false},"excerpt":{"rendered":"<p>Die OPERA-Kollektion, die bereits aus Sofas, Sesseln, Poufs und einem modularen System in verschiedenen Gr\u00f6\u00dfen und Varianten besteht, wurde um eine Trennwand in derselben zeitlosen, kompakten und internationalen Designsprache erweitert. Mit der Trennwand ist es nun m\u00f6glich, kleinere Bereiche zu schaffen, die umschlossen und abgeschirmt sind und so einen privaten und definierten Raum bilden, der [&hellip;]<\/p>\n","protected":false},"featured_media":94620,"comment_status":"closed","ping_status":"closed","template":"","meta":{"_acf_changed":false},"product_brand":[48616],"product_cat":[47818],"product_tag":[],"class_list":{"0":"post-94365","1":"product","2":"type-product","3":"status-publish","4":"has-post-thumbnail","6":"product_brand-opera","7":"product_cat-workspace","8":"pa_covers-reinigung-bezuge-mit-dem-symbol-p-konnen-chemisch-gereinigt-werden-ersatzbezuge-sind-lieferbar-wenn-sie-eine-neue-farbe-oder-einen-neuen-stoff-mochten-de","10":"first","11":"instock","12":"shipping-taxable","13":"purchasable","14":"product-type-variable"},"acf":[],"_links":{"self":[{"href":"https:\/\/softlinefurniture.com\/de\/wp-json\/wp\/v2\/product\/94365","targetHints":{"allow":["GET"]}}],"collection":[{"href":"https:\/\/softlinefurniture.com\/de\/wp-json\/wp\/v2\/product"}],"about":[{"href":"https:\/\/softlinefurniture.com\/de\/wp-json\/wp\/v2\/types\/product"}],"replies":[{"embeddable":true,"href":"https:\/\/softlinefurniture.com\/de\/wp-json\/wp\/v2\/comments?post=94365"}],"version-history":[{"count":0,"href":"https:\/\/softlinefurniture.com\/de\/wp-json\/wp\/v2\/product\/94365\/revisions"}],"wp:featuredmedia":[{"embeddable":true,"href":"https:\/\/softlinefurniture.com\/de\/wp-json\/wp\/v2\/media\/94620"}],"wp:attachment":[{"href":"https:\/\/softlinefurniture.com\/de\/wp-json\/wp\/v2\/media?parent=94365"}],"wp:term":[{"taxonomy":"product_brand","embeddable":true,"href":"https:\/\/softlinefurniture.com\/de\/wp-json\/wp\/v2\/product_brand?post=94365"},{"taxonomy":"product_cat","embeddable":true,"href":"https:\/\/softlinefurniture.com\/de\/wp-json\/wp\/v2\/product_cat?post=94365"},{"taxonomy":"product_tag","embeddable":true,"href":"https:\/\/softlinefurniture.com\/de\/wp-json\/wp\/v2\/product_tag?post=94365"}],"curies":[{"name":"wp","href":"https:\/\/api.w.org\/{rel}","templated":true}]}}