{"id":94447,"date":"2022-06-03T11:13:13","date_gmt":"2022-06-03T09:13:13","guid":{"rendered":"https:\/\/softlinefurniture.com\/?post_type=product&#038;p=94447"},"modified":"2026-03-13T11:42:15","modified_gmt":"2026-03-13T10:42:15","slug":"zenzo-schlafsofa","status":"publish","type":"product","link":"https:\/\/softlinefurniture.com\/de\/produkt\/zenzo-schlafsofa\/","title":{"rendered":"ZENZO Schlafsofa"},"content":{"rendered":"<p>ZENZO ist ein minimalistisches Schlafsofa in einem Design, das sich durch ruhige und klare Linien auszeichnet und zum Entspannen, Auftanken und erholsamen Schlafen einl\u00e4dt. Als Sofa ist die Sitzfl\u00e4che tags\u00fcber bequem, und nachts als Schlafsofa bietet es die besten Voraussetzungen f\u00fcr einen tiefen und erholsamen Schlaf. ZENZO l\u00e4sst sich leicht in ein Bett verwandeln, und die beiden Matratzen werden miteinander verbunden, um eine ebene Liegefl\u00e4che zu schaffen, die f\u00fcr zwei Personen geeignet ist. Das stilvolle Design passt in jeden Raum des Hauses, und stilistisch passt es zu den meisten Inneneinrichtungen. Das Gestell ist aus Holz &#8211; elegant und nordisch &#8211; und der Bezug ist in verschiedenen Farben und Materialien erh\u00e4ltlich, so dass Sie ZENZO ganz nach Ihren Bed\u00fcrfnissen, W\u00fcnschen und Ihrem Stil gestalten k\u00f6nnen.<\/p>\n","protected":false},"excerpt":{"rendered":"<p>ZENZO ist ein minimalistisches Schlafsofa in einem Design, das sich durch ruhige und klare Linien auszeichnet und zum Entspannen, Auftanken und erholsamen Schlafen einl\u00e4dt. Als Sofa ist die Sitzfl\u00e4che tags\u00fcber bequem, und nachts als Schlafsofa bietet es die besten Voraussetzungen f\u00fcr einen tiefen und erholsamen Schlaf. ZENZO l\u00e4sst sich leicht in ein Bett verwandeln, und [&hellip;]<\/p>\n","protected":false},"featured_media":94667,"comment_status":"closed","ping_status":"closed","template":"","meta":{"_acf_changed":false},"product_brand":[48768],"product_cat":[6257,6254],"product_tag":[6274,34680],"class_list":{"0":"post-94447","1":"product","2":"type-product","3":"status-publish","4":"has-post-thumbnail","6":"product_brand-zenzo","7":"product_cat-schlafsofas","8":"product_cat-sofas-de","9":"product_tag-funktion","10":"product_tag-sofa-de","11":"pa_covers-abnehmbare-bezuge-reinigung-bezuge-mit-dem-symbol-p-konnen-chemisch-gereinigt-werden-ersatzbezuge-sind-lieferbar-wenn-sie-eine-neue-farbe-oder-einen-neuen-stoff-mochten-de","13":"first","14":"instock","15":"shipping-taxable","16":"purchasable","17":"product-type-variable"},"acf":[],"_links":{"self":[{"href":"https:\/\/softlinefurniture.com\/de\/wp-json\/wp\/v2\/product\/94447","targetHints":{"allow":["GET"]}}],"collection":[{"href":"https:\/\/softlinefurniture.com\/de\/wp-json\/wp\/v2\/product"}],"about":[{"href":"https:\/\/softlinefurniture.com\/de\/wp-json\/wp\/v2\/types\/product"}],"replies":[{"embeddable":true,"href":"https:\/\/softlinefurniture.com\/de\/wp-json\/wp\/v2\/comments?post=94447"}],"version-history":[{"count":0,"href":"https:\/\/softlinefurniture.com\/de\/wp-json\/wp\/v2\/product\/94447\/revisions"}],"wp:featuredmedia":[{"embeddable":true,"href":"https:\/\/softlinefurniture.com\/de\/wp-json\/wp\/v2\/media\/94667"}],"wp:attachment":[{"href":"https:\/\/softlinefurniture.com\/de\/wp-json\/wp\/v2\/media?parent=94447"}],"wp:term":[{"taxonomy":"product_brand","embeddable":true,"href":"https:\/\/softlinefurniture.com\/de\/wp-json\/wp\/v2\/product_brand?post=94447"},{"taxonomy":"product_cat","embeddable":true,"href":"https:\/\/softlinefurniture.com\/de\/wp-json\/wp\/v2\/product_cat?post=94447"},{"taxonomy":"product_tag","embeddable":true,"href":"https:\/\/softlinefurniture.com\/de\/wp-json\/wp\/v2\/product_tag?post=94447"}],"curies":[{"name":"wp","href":"https:\/\/api.w.org\/{rel}","templated":true}]}}