{"id":17976,"date":"2020-06-30T08:27:00","date_gmt":"2020-06-30T06:27:00","guid":{"rendered":"https:\/\/softlinefurniture.com\/cookies\/"},"modified":"2021-05-22T07:35:19","modified_gmt":"2021-05-22T05:35:19","slug":"cookies","status":"publish","type":"page","link":"https:\/\/softlinefurniture.com\/fr\/cookies\/","title":{"rendered":"COOKIES"},"content":{"rendered":"\t\t<div data-elementor-type=\"wp-page\" data-elementor-id=\"17976\" class=\"elementor elementor-17976 elementor-49\" data-elementor-post-type=\"page\">\n\t\t\t\t\t\t<section data-particle_enable=\"false\" data-particle-mobile-disabled=\"false\" class=\"elementor-section elementor-top-section elementor-element elementor-element-6081343e elementor-section-boxed elementor-section-height-default elementor-section-height-default\" data-id=\"6081343e\" data-element_type=\"section\" data-e-type=\"section\">\n\t\t\t\t\t\t<div class=\"elementor-container elementor-column-gap-default\">\n\t\t\t\t\t<div class=\"elementor-column elementor-col-100 elementor-top-column elementor-element elementor-element-7a73efa\" data-id=\"7a73efa\" data-element_type=\"column\" data-e-type=\"column\">\n\t\t\t<div class=\"elementor-widget-wrap elementor-element-populated\">\n\t\t\t\t\t\t<div class=\"elementor-element elementor-element-20f73ee7 elementor-widget elementor-widget-heading\" data-id=\"20f73ee7\" data-element_type=\"widget\" data-e-type=\"widget\" data-settings=\"{&quot;_animation&quot;:&quot;none&quot;}\" data-widget_type=\"heading.default\">\n\t\t\t\t\t<h1 class=\"elementor-heading-title elementor-size-default\">COOKIES<\/h1>\t\t\t\t<\/div>\n\t\t\t\t\t<\/div>\n\t\t<\/div>\n\t\t\t\t\t<\/div>\n\t\t<\/section>\n\t\t\t\t<section data-particle_enable=\"false\" data-particle-mobile-disabled=\"false\" class=\"elementor-section elementor-top-section elementor-element elementor-element-4867bbed elementor-section-boxed elementor-section-height-default elementor-section-height-default\" data-id=\"4867bbed\" data-element_type=\"section\" data-e-type=\"section\">\n\t\t\t\t\t\t<div class=\"elementor-container elementor-column-gap-default\">\n\t\t\t\t\t<div class=\"elementor-column elementor-col-100 elementor-top-column elementor-element elementor-element-55a686e7\" data-id=\"55a686e7\" data-element_type=\"column\" data-e-type=\"column\" data-settings=\"{&quot;animation&quot;:&quot;none&quot;}\">\n\t\t\t<div class=\"elementor-widget-wrap elementor-element-populated\">\n\t\t\t\t\t\t<div class=\"elementor-element elementor-element-6c1d44b3 elementor-widget elementor-widget-text-editor\" data-id=\"6c1d44b3\" data-element_type=\"widget\" data-e-type=\"widget\" data-widget_type=\"text-editor.default\">\n\t\t\t\t\t\t\t\t\t<h3>SOFTLINE UTILISE DES COOKIES<\/h3>\n<p>Lorsque vous visitez le site Web de SOFTLINE, les cookies g\u00e9n\u00e9r\u00e9s sont stock\u00e9s. Il s&#8217;agit, par exemple, pour vous, de rappeler votre langue pr\u00e9f\u00e9r\u00e9e et d&#8217;aider SOFTLINE \u00e0 d\u00e9velopper le site et, afin de vous assurer que vous aurez la meilleure efficacit\u00e9 possible en utilisant le site Web de SOFTLINE.<br \/>SOFTLINE utilise les cookies suivants:<\/p>\n<h3>PR\u00c9F\u00c9RENCES<\/h3>\n<p>Ces cookies permettent \u00e0 notre site Web de retenir, par exemple, votre langue pr\u00e9f\u00e9r\u00e9e. Une perte de l&#8217;information stock\u00e9e dans un cookie n&#8217;emp\u00eachera pas le site Web de fonctionner.<\/p>\n<h3>STATISTIQUES<\/h3>\n<p>Ces cookies aident SOFTLINE \u00e0 comprendre comment les visiteurs utilisent le site. L&#8217;outil stocke les cookies sur le domaine du site Web de SOFTLINE. Les informations recueillies sont anonymes et indique les tendances du site Web sans identifier l&#8217;utilisateur individuel.<\/p>\n\t\t\t\t\t\t\t\t<\/div>\n\t\t\t\t\t<\/div>\n\t\t<\/div>\n\t\t\t\t\t<\/div>\n\t\t<\/section>\n\t\t\t\t<section data-particle_enable=\"false\" data-particle-mobile-disabled=\"false\" class=\"elementor-section elementor-top-section elementor-element elementor-element-1f798084 elementor-section-boxed elementor-section-height-default elementor-section-height-default\" data-id=\"1f798084\" data-element_type=\"section\" data-e-type=\"section\">\n\t\t\t\t\t\t<div class=\"elementor-container elementor-column-gap-default\">\n\t\t\t\t\t<div class=\"elementor-column elementor-col-50 elementor-top-column elementor-element elementor-element-53d702fc elementor-invisible\" data-id=\"53d702fc\" data-element_type=\"column\" data-e-type=\"column\" data-settings=\"{&quot;animation&quot;:&quot;fadeInUp&quot;}\">\n\t\t\t<div class=\"elementor-widget-wrap elementor-element-populated\">\n\t\t\t\t\t\t<div class=\"elementor-element elementor-element-1ebc09e1 elementor-widget elementor-widget-heading\" data-id=\"1ebc09e1\" data-element_type=\"widget\" data-e-type=\"widget\" data-settings=\"{&quot;_animation&quot;:&quot;none&quot;}\" data-widget_type=\"heading.default\">\n\t\t\t\t\t<h2 class=\"elementor-heading-title elementor-size-default\">QU'EST-CE QU\u2019UN COOKIE ?<\/h2>\t\t\t\t<\/div>\n\t\t\t\t<div class=\"elementor-element elementor-element-7264dcf3 elementor-widget elementor-widget-text-editor\" data-id=\"7264dcf3\" data-element_type=\"widget\" data-e-type=\"widget\" data-widget_type=\"text-editor.default\">\n\t\t\t\t\t\t\t\t\t<p>Les cookies sont utilis\u00e9s par presque tous les sites. Dans certains cas, les cookies sont une n\u00e9cessit\u00e9 pour faire fonctionner le site comme pr\u00e9vu.<\/p>\n<p>Un cookie est un petit fichier stock\u00e9 sur votre ordinateur ou sur tout autre mat\u00e9riel informatique. Il permet la reconnaissance de votre ordinateur, ainsi que la collecte d&#8217;informations concernant les sites et les fonctions utilis\u00e9s par votre navigateur. Mais un cookie ne peut pas d\u00e9finir qui vous \u00eates, quel est votre nom, o\u00f9 vous vivez ou si l&#8217;ordinateur est utilis\u00e9 par plusieurs utilisateurs. On ne peut pas y diffuser de virus informatiques ou d\u2019autres programmes nuisibles.<\/p>\n\t\t\t\t\t\t\t\t<\/div>\n\t\t\t\t\t<\/div>\n\t\t<\/div>\n\t\t\t\t<div class=\"elementor-column elementor-col-50 elementor-top-column elementor-element elementor-element-3456a391 elementor-invisible\" data-id=\"3456a391\" data-element_type=\"column\" data-e-type=\"column\" data-settings=\"{&quot;animation&quot;:&quot;fadeInRight&quot;}\">\n\t\t\t<div class=\"elementor-widget-wrap elementor-element-populated\">\n\t\t\t\t\t\t<div class=\"elementor-element elementor-element-1cc326f1 elementor-widget elementor-widget-image\" data-id=\"1cc326f1\" data-element_type=\"widget\" data-e-type=\"widget\" data-widget_type=\"image.default\">\n\t\t\t\t\t\t\t\t\t\t\t\t\t\t\t<img fetchpriority=\"high\" decoding=\"async\" width=\"800\" height=\"533\" src=\"https:\/\/softlinefurniture.com\/wp-content\/uploads\/2020\/07\/cookies.jpg\" class=\"attachment-full size-full wp-image-18154\" alt=\"\" srcset=\"https:\/\/softlinefurniture.com\/wp-content\/uploads\/2020\/07\/cookies.jpg 800w, https:\/\/softlinefurniture.com\/wp-content\/uploads\/2020\/07\/cookies-150x100.jpg 150w, https:\/\/softlinefurniture.com\/wp-content\/uploads\/2020\/07\/cookies-300x200.jpg 300w, https:\/\/softlinefurniture.com\/wp-content\/uploads\/2020\/07\/cookies-64x43.jpg 64w\" sizes=\"(max-width: 800px) 100vw, 800px\" \/>\t\t\t\t\t\t\t\t\t\t\t\t\t\t\t<\/div>\n\t\t\t\t\t<\/div>\n\t\t<\/div>\n\t\t\t\t\t<\/div>\n\t\t<\/section>\n\t\t\t\t<section data-particle_enable=\"false\" data-particle-mobile-disabled=\"false\" class=\"elementor-section elementor-top-section elementor-element elementor-element-f7e720a elementor-section-boxed elementor-section-height-default elementor-section-height-default\" data-id=\"f7e720a\" data-element_type=\"section\" data-e-type=\"section\">\n\t\t\t\t\t\t<div class=\"elementor-container elementor-column-gap-default\">\n\t\t\t\t\t<div class=\"elementor-column elementor-col-50 elementor-top-column elementor-element elementor-element-cc651e1\" data-id=\"cc651e1\" data-element_type=\"column\" data-e-type=\"column\" data-settings=\"{&quot;animation&quot;:&quot;none&quot;}\">\n\t\t\t<div class=\"elementor-widget-wrap elementor-element-populated\">\n\t\t\t\t\t\t<div class=\"elementor-element elementor-element-2a67ef4 elementor-widget elementor-widget-heading\" data-id=\"2a67ef4\" data-element_type=\"widget\" data-e-type=\"widget\" data-settings=\"{&quot;_animation&quot;:&quot;none&quot;}\" data-widget_type=\"heading.default\">\n\t\t\t\t\t<h2 class=\"elementor-heading-title elementor-size-default\">COMMENT G\u00c9RER VOS COOKIES ?<\/h2>\t\t\t\t<\/div>\n\t\t\t\t<div class=\"elementor-element elementor-element-612c41d elementor-widget elementor-widget-text-editor\" data-id=\"612c41d\" data-element_type=\"widget\" data-e-type=\"widget\" data-widget_type=\"text-editor.default\">\n\t\t\t\t\t\t\t\t\t<h3>REFUS DES COOKIES<\/h3>\n<p>Vous pouvez toujours refuser les cookies sur votre ordinateur en modifiant les param\u00e8tres du navigateur que vous utilisez. Ou et comment les changer d\u00e9pend du navigateur utilis\u00e9. Toutefois, sachez que, cependant, de nombreuses fonctionnalit\u00e9s et services ne seront pas disponibles si les cookies sont refus\u00e9s puisque ceux-ci exigent que le site m\u00e9morise les choix que vous faites.<\/p>\n<h3>SUPPRESSION DES COOKIES<\/h3>\n<p>Les cookies que vous avez d\u00e9j\u00e0 accept\u00e9s peuvent facilement \u00eatre supprim\u00e9s. Si vous utilisez un PC avec un navigateur r\u00e9cent, vous pouvez supprimer les cookies \u00e0 l&#8217;aide du raccourci clavier : CTRL + MAJ + SUPPR.<\/p>\n\t\t\t\t\t\t\t\t<\/div>\n\t\t\t\t\t<\/div>\n\t\t<\/div>\n\t\t\t\t<div class=\"elementor-column elementor-col-50 elementor-top-column elementor-element elementor-element-feb7e32\" data-id=\"feb7e32\" data-element_type=\"column\" data-e-type=\"column\" data-settings=\"{&quot;animation&quot;:&quot;none&quot;}\">\n\t\t\t<div class=\"elementor-widget-wrap elementor-element-populated\">\n\t\t\t\t\t\t<div class=\"elementor-element elementor-element-d0c1e1e elementor-widget elementor-widget-heading\" data-id=\"d0c1e1e\" data-element_type=\"widget\" data-e-type=\"widget\" data-settings=\"{&quot;_animation&quot;:&quot;none&quot;}\" data-widget_type=\"heading.default\">\n\t\t\t\t\t<h2 class=\"elementor-heading-title elementor-size-default\">Cookies<\/h2>\t\t\t\t<\/div>\n\t\t\t\t<div class=\"elementor-element elementor-element-adf6173 elementor-widget elementor-widget-text-editor\" data-id=\"adf6173\" data-element_type=\"widget\" data-e-type=\"widget\" data-widget_type=\"text-editor.default\">\n\t\t\t\t\t\t\t\t\t<p>Si le raccourci ne fonctionne pas, ou si vous utilisez un Mac , vous devez commencer par d\u00e9couvrir le navigateur que vous utilisez, puis cliquer sur le lien appropri\u00e9:<\/p>\n<p>Gardez \u00e0 l&#8217; esprit que si vous utilisez plusieurs navigateurs, les cookies doivent \u00eatre supprim\u00e9s dans chacun d&#8217;eux.<\/p>\n<ul>\n<li>Internet Explorer<\/li>\n<li>Mozilla Firefox<\/li>\n<li>Google Chrome<\/li>\n<li>Opera<\/li>\n<li>Safari 5.0<\/li>\n<li>iPhone, iPad d&#8217;Apple et autres<\/li>\n<li>Les t\u00e9l\u00e9phones avec Android<\/li>\n<li>Les t\u00e9l\u00e9phones avec Windows 7<\/li>\n<\/ul>\n\t\t\t\t\t\t\t\t<\/div>\n\t\t\t\t\t<\/div>\n\t\t<\/div>\n\t\t\t\t\t<\/div>\n\t\t<\/section>\n\t\t\t\t<\/div>\n\t\t","protected":false},"excerpt":{"rendered":"<p>SOFTLINE UTILISE DES COOKIES Lorsque vous visitez le site Web de SOFTLINE, les cookies g\u00e9n\u00e9r\u00e9s sont stock\u00e9s. Il s&#8217;agit, par exemple, pour vous, de rappeler votre langue pr\u00e9f\u00e9r\u00e9e et d&#8217;aider SOFTLINE \u00e0 d\u00e9velopper le site et, afin de vous assurer que vous aurez la meilleure efficacit\u00e9 possible en utilisant le site Web de SOFTLINE.SOFTLINE utilise [&hellip;]<\/p>\n","protected":false},"author":1,"featured_media":0,"parent":0,"menu_order":0,"comment_status":"closed","ping_status":"closed","template":"elementor_header_footer","meta":{"_acf_changed":false,"footnotes":""},"class_list":["post-17976","page","type-page","status-publish","hentry"],"acf":[],"_links":{"self":[{"href":"https:\/\/softlinefurniture.com\/fr\/wp-json\/wp\/v2\/pages\/17976","targetHints":{"allow":["GET"]}}],"collection":[{"href":"https:\/\/softlinefurniture.com\/fr\/wp-json\/wp\/v2\/pages"}],"about":[{"href":"https:\/\/softlinefurniture.com\/fr\/wp-json\/wp\/v2\/types\/page"}],"author":[{"embeddable":true,"href":"https:\/\/softlinefurniture.com\/fr\/wp-json\/wp\/v2\/users\/1"}],"replies":[{"embeddable":true,"href":"https:\/\/softlinefurniture.com\/fr\/wp-json\/wp\/v2\/comments?post=17976"}],"version-history":[{"count":0,"href":"https:\/\/softlinefurniture.com\/fr\/wp-json\/wp\/v2\/pages\/17976\/revisions"}],"wp:attachment":[{"href":"https:\/\/softlinefurniture.com\/fr\/wp-json\/wp\/v2\/media?parent=17976"}],"curies":[{"name":"wp","href":"https:\/\/api.w.org\/{rel}","templated":true}]}}