{"id":17984,"date":"2020-06-30T08:31:48","date_gmt":"2020-06-30T06:31:48","guid":{"rendered":"https:\/\/softlinefurniture.com\/conditions-generales-de-vente-et-de-livraison\/"},"modified":"2021-03-23T15:26:12","modified_gmt":"2021-03-23T14:26:12","slug":"conditions-generales-de-vente-et-de-livraison","status":"publish","type":"page","link":"https:\/\/softlinefurniture.com\/fr\/conditions-generales-de-vente-et-de-livraison\/","title":{"rendered":"Conditions G\u00e9n\u00e9rales de Vente et de Livraison"},"content":{"rendered":"\t\t<div data-elementor-type=\"wp-page\" data-elementor-id=\"17984\" class=\"elementor elementor-17984 elementor-54\" data-elementor-post-type=\"page\">\n\t\t\t\t\t\t<section data-particle_enable=\"false\" data-particle-mobile-disabled=\"false\" class=\"elementor-section elementor-top-section elementor-element elementor-element-7c923167 elementor-section-boxed elementor-section-height-default elementor-section-height-default\" data-id=\"7c923167\" data-element_type=\"section\" data-e-type=\"section\">\n\t\t\t\t\t\t<div class=\"elementor-container elementor-column-gap-default\">\n\t\t\t\t\t<div class=\"elementor-column elementor-col-100 elementor-top-column elementor-element elementor-element-2dd7c786\" data-id=\"2dd7c786\" data-element_type=\"column\" data-e-type=\"column\">\n\t\t\t<div class=\"elementor-widget-wrap elementor-element-populated\">\n\t\t\t\t\t\t<div class=\"elementor-element elementor-element-717956c8 elementor-widget elementor-widget-heading\" data-id=\"717956c8\" data-element_type=\"widget\" data-e-type=\"widget\" data-settings=\"{&quot;_animation&quot;:&quot;none&quot;}\" data-widget_type=\"heading.default\">\n\t\t\t\t\t<h1 class=\"elementor-heading-title elementor-size-default\">Conditions G\u00e9n\u00e9rales de Vente et de Livraison<\/h1>\t\t\t\t<\/div>\n\t\t\t\t<div class=\"elementor-element elementor-element-61b98dc elementor-widget elementor-widget-text-editor\" data-id=\"61b98dc\" data-element_type=\"widget\" data-e-type=\"widget\" data-widget_type=\"text-editor.default\">\n\t\t\t\t\t\t\t\t\t<p>(valides au 1er Janvier 2008)<br \/>\nPour les membres de l&#8217;Association des fabricants des industries du meuble danoises<\/p>\n\t\t\t\t\t\t\t\t<\/div>\n\t\t\t\t\t<\/div>\n\t\t<\/div>\n\t\t\t\t\t<\/div>\n\t\t<\/section>\n\t\t\t\t<section data-particle_enable=\"false\" data-particle-mobile-disabled=\"false\" class=\"elementor-section elementor-top-section elementor-element elementor-element-3bc0b6d3 elementor-section-boxed elementor-section-height-default elementor-section-height-default\" data-id=\"3bc0b6d3\" data-element_type=\"section\" data-e-type=\"section\" data-settings=\"{&quot;animation&quot;:&quot;none&quot;}\">\n\t\t\t\t\t\t<div class=\"elementor-container elementor-column-gap-default\">\n\t\t\t\t\t<div class=\"elementor-column elementor-col-100 elementor-top-column elementor-element elementor-element-2f0567d2 elementor-invisible\" data-id=\"2f0567d2\" data-element_type=\"column\" data-e-type=\"column\" data-settings=\"{&quot;animation&quot;:&quot;fadeInUp&quot;}\">\n\t\t\t<div class=\"elementor-widget-wrap elementor-element-populated\">\n\t\t\t\t\t\t<div class=\"elementor-element elementor-element-20beae84 elementor-widget elementor-widget-text-editor\" data-id=\"20beae84\" data-element_type=\"widget\" data-e-type=\"widget\" data-settings=\"{&quot;_animation&quot;:&quot;none&quot;}\" data-widget_type=\"text-editor.default\">\n\t\t\t\t\t\t\t\t\t<p><strong style=\"font-weight: 500;\">Champ d&#8217;application<\/strong><br \/>\nToutes les offres, ventes et livraisons du vendeur sont soumises aux conditions g\u00e9n\u00e9rales de vente et de livraison ci-apr\u00e8s &#8211; m\u00eame dans le cas o\u00f9 l&#8217;acheteur stipulerait d&#8217;autres conditions. Toute d\u00e9rogation \u00e0 une des conditions g\u00e9n\u00e9rales de vente et de livraison ci-apr\u00e8s ne sera valable qu&#8217;avec le consentement \u00e9crit du vendeur.<\/p>\n<p><strong style=\"font-weight: 500;\">Article 1 Clauses de livraison<\/strong><br \/>\nLes \u00e9ventuelles clauses de livraison convenues sont interpr\u00e9t\u00e9es selon les Incoterms en vigueur lors de la conclusion du march\u00e9.<br \/>\nAu cas o\u00f9 aucune clause de livraison ne serait fix\u00e9e par un accord particulier, la livraison serait cens\u00e9e avoir eu lieu \u201c\u00e0 l&#8217;usine\u201d.<\/p>\n<p><strong style=\"font-weight: 500;\">Article 2 Assurance<\/strong><br \/>\nL&#8217;assurance de transport est souscrite par l&#8217;acheteur \u00e0 l&#8217;exception de tout autre accord pr\u00e9alable.<br \/>\nL\u2019acheteur s\u2019oblige sous toutes conditions d\u2019assurer les marchandises.<\/p>\n<p><strong style=\"font-weight: 500;\">Article 3 Retard de la part du vendeur<\/strong><br \/>\nSi le vendeur se rend compte qu&#8217;il ne peut pas respecter le d\u00e9lai de livraison fix\u00e9 ou qu&#8217;un retard de sa part est probable, il doit sans d\u00e9lai non fond\u00e9 en informer l&#8217;acheteur par \u00e9crit en indiquant la cause du retard et, dans la mesure du possible, la date de livraison probable.<br \/>\nSi le retard est d\u00fb \u00e0 une des circonstances vis\u00e9es \u00e0 l&#8217;article 9 (force majeure) ou aux faits ou aux omissions de l&#8217;acheteur, le d\u00e9lai de livraison est prolong\u00e9 dans la mesure o\u00f9 cela est jug\u00e9 raisonnable, vu les circonstances.<br \/>\nCette disposition est applicable, que la cause du retard intervienne avant ou apr\u00e8s l&#8217;expiration du d\u00e9lai du livraison fix\u00e9.<br \/>\nL&#8217;acheteur ne peut pas r\u00e9silier le march\u00e9 en invoquant un retard dans la livraison imputable au vendeur, \u00e0 moins que la dur\u00e9e du retard ne d\u00e9passe trois mois.<br \/>\nL&#8217;acheteur ne pourra pas demander des dommages-int\u00e9r\u00eats en raison d&#8217;un retard de la part du vendeur.<\/p>\n<p><strong style=\"font-weight: 500;\">Article 4 Retard de la part de l&#8217;acheteur<\/strong><br \/>\nSi l&#8217;acheteur se rend compte qu&#8217;il ne peut pas recevoir les marchandises \u00e0 la date convenue ou qu&#8217;un retard de sa part est probable, il doit imm\u00e9diatement en informer le vendeur par \u00e9crit en indiquant la cause du retard et, dans la mesure du possible, la date o\u00f9 pourra probablement avoir lieu la r\u00e9ception.<br \/>\nM\u00eame si l&#8217;acheteur ne recevait pas les marchandises \u00e0 la date convenue, il serait oblig\u00e9 d&#8217;effectuer tout paiement stipul\u00e9 comme si la livraison des marchandises en question avait eu lieu.<br \/>\nLe vendeur doit veiller \u00e0 ce que les marchandises soient entrepos\u00e9es au nom de l&#8217;acheteur et \u00e0 ses risques.<br \/>\nSur la demande de l&#8217;acheteur, le vendeur doit assurer les marchandises aux frais de l&#8217;acheteur.<br \/>\nLe vendeur est en droit d&#8217;inviter l&#8217;acheteur, par \u00e9crit, \u00e0 recevoir les marchandises dans un d\u00e9lai de 15 jours.<br \/>\nSi l&#8217;acheteur omet de le faire avant l&#8217;expiration du d\u00e9lai pour des raison non imputables au vendeur, le vendeur est en droit de r\u00e9silier, par une lettre destin\u00e9e \u00e0 l&#8217;acheteur, le march\u00e9 en ce qui concerne la partie des marchandises qui est pr\u00eate \u00e0 \u00eatre livr\u00e9e, mais qui ne l\u2019a pas \u00e9t\u00e9 en raison du retard de l&#8217;acheteur.<br \/>\nDans ce cas, le vendeur est en droit de demander des dommages-int\u00e9r\u00eats \u00e0 titre d&#8217;indemnit\u00e9 de pr\u00e9judice qu&#8217;il a subi en raison de la d\u00e9faillance de l&#8217;acheteur.<\/p>\n<p><strong style=\"font-weight: 500;\">Article 5 Paiement, etc.<\/strong><br \/>\nSauf convention contraire, le prix de vente est payable au comptant \u00e0 livraison des marchandises.<br \/>\nA d\u00e9faut de paiement en temps utile par l&#8217;acheteur, le vendeur est en droit de demander des int\u00e9r\u00eats moratoires au taux de 1,5% par mois entam\u00e9, \u00e0 compter de la date d&#8217;\u00e9ch\u00e9ance.<br \/>\nSi l&#8217;acheteur d\u00e9sire retourner des marchandises, il ne pourra le faire qu&#8217;apr\u00e8s l&#8217;accord pr\u00e9alable du vendeur.<br \/>\nLe retour doit \u00eatre effectu\u00e9 franco de port.<br \/>\nEn cas de manquement, il incombe \u00e0 l&#8217;acheteur (au d\u00e9biteur) de r\u00e9gler l&#8217;ensemble des frais aff\u00e9rents au recouvrement de la cr\u00e9ance, y compris les droits et honoraires d&#8217;avocat, de bureau de recouvrement, etc.<\/p>\n<p><strong style=\"font-weight: 500;\">Article 6 R\u00e9serve de propri\u00e9t\u00e9<\/strong><br \/>\nLe vendeur se r\u00e9serve le droit de propri\u00e9t\u00e9 sur les marchandises vendues jusqu&#8217;au paiement int\u00e9gral.<br \/>\nEn ce qui concerne les ventes vers l\u2019Allemagne rentrent en ligne de compte les reserves de propri\u00e9t\u00e9 ressortant du document D98 (\u00abNachtrag zu den Allgemeinen Verkaufs- und Lieferungsbedingungen\u00bb disponible sur demande).<\/p>\n<p><strong style=\"font-weight: 500;\">Article 7 D\u00e9fauts<\/strong><br \/>\nLe vendeur s&#8217;engage \u00e0 rem\u00e9dier \u00e0 tout vice provenant d&#8217;un d\u00e9faut dans la conception, les mati\u00e8res ou la fabrication en r\u00e9parant ou en livrant \u00e0 nouveau les marchandises conform\u00e9ment aux dispositions ci-apr\u00e8s, mais l&#8217;acheteur ne peut pas demander de dommages-int\u00e9r\u00eats en cas de d\u00e9fauts.<br \/>\nEn ce qui concerne le bois, les petits noeuds et les diff\u00e9rences de nuance et de structure ne sont pas consid\u00e9r\u00e9s comme des d\u00e9fauts. En ce qui concerne le cuir, les marques de croissance ne sont pas consid\u00e9r\u00e9es comme des d\u00e9fauts mais comme un signe d\u2019authenticit\u00e9.<br \/>\nLa responsabilit\u00e9 du vendeur ne comprend que les d\u00e9fauts qui apparaissent au plus tard deux ans apr\u00e8s la date de la livraison effectu\u00e9e \u00e0 l&#8217;acheteur.<br \/>\nL&#8217;acheteur doit sans retard non fond\u00e9 et par \u00e9crit informer le vendeur des \u00e9ventuels d\u00e9fauts d\u00e8s leur apparition.<\/p>\n<p><strong style=\"font-weight: 500;\">Article 8 Responsabilit\u00e9 du fait du produit<\/strong><br \/>\nLe vendeur est seulement responsable des d\u00e9g\u00e2ts mat\u00e9riels caus\u00e9s par le produit s&#8217;il est prouv\u00e9 que le dommage est d\u00fb aux erreurs ou n\u00e9gligences commises par le vendeur ou ses employ\u00e9s. Le vendeur n&#8217;est, en aucun cas, responsable de pertes d&#8217;exploitation, de manques \u00e0 gagner ou d&#8217;autres pertes \u00e9conomiques en d\u00e9coulant.<br \/>\nDans la mesure o\u00f9 une responsabilit\u00e9 de produit serait impos\u00e9e au vendeur vis-\u00e0-vis de tiers, l&#8217;acheteur est oblig\u00e9 de d\u00e9dommager le vendeur \u00e0 concurrence de la responsabilit\u00e9 limit\u00e9e du vendeur selon ce qui pr\u00e9c\u00e8de. Si un tiers fait valoir une demande de d\u00e9dommagement contre l&#8217;acheteur \u00e0 cause de d\u00e9g\u00e2ts mat\u00e9riels, l&#8217;acheteur doit en informer le vendeur imm\u00e9diatement.<\/p>\n<p><strong style=\"font-weight: 500;\">Article 9 Force majeure<\/strong><br \/>\nLe vendeur est exon\u00e9r\u00e9 de toute responsabilit\u00e9 au cas o\u00f9 les faits suivants emp\u00eacheraient l&#8217;ex\u00e9cution du march\u00e9 ou entra\u00eeneraient des co\u00fbts bouleversant l&#8217;\u00e9conomie du march\u00e9:<br \/>\nLes conflits de travail et toute autre circonstance ind\u00e9pendante de la volont\u00e9 du vendeur telle que l&#8217;incendie, la guerre, la mobilisation ou toute autre convocation militaire non pr\u00e9vue de la m\u00eame envergure, la r\u00e9quisition, le s\u00e9questre, les restrictions mon\u00e9taires, l&#8217;insurrection et les \u00e9meutes, le manque de moyens de transport, \u00e0 moins que ce manque soit pr\u00e9visible pour le vendeur, la p\u00e9nurie g\u00e9n\u00e9rale de marchandises, ainsi que les livraisons d\u00e9fectueuses ou tardives des sous-traitants, provoqu\u00e9es par une ou plusieurs des circonstances vis\u00e9es sous ce point.<br \/>\nDe telles circonstances, intervenues avant la conclusion du march\u00e9, n&#8217;entra\u00eenent l&#8217;exemption de responsabilit\u00e9 que si l&#8217;impact sur l&#8217;ex\u00e9cution du march\u00e9 n&#8217;\u00e9tait pas pr\u00e9visible pour le vendeur lors de la conclusion du march\u00e9.<br \/>\nSi le vendeur d\u00e9sire invoquer l&#8217;exemption de responsabilit\u00e9 pour une des raisons mentionn\u00e9es dans cet article, il lui incombe d&#8217;en informer l&#8217;acheteur sans d\u00e9lai non fond\u00e9 et par \u00e9crit.<br \/>\nNonobstant toute autre disposition des pr\u00e9sentes conditions de vente et de livraison, chacune des parties peut r\u00e9silier le march\u00e9 par \u00e9crit, si l&#8217;ex\u00e9cution du march\u00e9 est emp\u00each\u00e9e pendant plus de six mois par un des faits vis\u00e9s par le pr\u00e9sent article.<\/p>\n<p><strong style=\"font-weight: 500;\">Article 10 Litiges<\/strong><br \/>\nTout litige d\u00e9coulant du pr\u00e9sent march\u00e9 sera soumis \u00e0 la l\u00e9gislation danoise.<br \/>\nToutes les actions en justice seront intent\u00e9es devant le tribunal du domicile du vendeur ou de l&#8217;acheteur au choix du vendeur.<\/p>\n\t\t\t\t\t\t\t\t<\/div>\n\t\t\t\t\t<\/div>\n\t\t<\/div>\n\t\t\t\t\t<\/div>\n\t\t<\/section>\n\t\t\t\t<\/div>\n\t\t","protected":false},"excerpt":{"rendered":"<p>(valides au 1er Janvier 2008) Pour les membres de l&#8217;Association des fabricants des industries du meuble danoises Champ d&#8217;application Toutes les offres, ventes et livraisons du vendeur sont soumises aux conditions g\u00e9n\u00e9rales de vente et de livraison ci-apr\u00e8s &#8211; m\u00eame dans le cas o\u00f9 l&#8217;acheteur stipulerait d&#8217;autres conditions. Toute d\u00e9rogation \u00e0 une des conditions g\u00e9n\u00e9rales [&hellip;]<\/p>\n","protected":false},"author":1,"featured_media":0,"parent":0,"menu_order":0,"comment_status":"closed","ping_status":"closed","template":"elementor_header_footer","meta":{"_acf_changed":false,"footnotes":""},"class_list":["post-17984","page","type-page","status-publish","hentry"],"acf":[],"_links":{"self":[{"href":"https:\/\/softlinefurniture.com\/fr\/wp-json\/wp\/v2\/pages\/17984","targetHints":{"allow":["GET"]}}],"collection":[{"href":"https:\/\/softlinefurniture.com\/fr\/wp-json\/wp\/v2\/pages"}],"about":[{"href":"https:\/\/softlinefurniture.com\/fr\/wp-json\/wp\/v2\/types\/page"}],"author":[{"embeddable":true,"href":"https:\/\/softlinefurniture.com\/fr\/wp-json\/wp\/v2\/users\/1"}],"replies":[{"embeddable":true,"href":"https:\/\/softlinefurniture.com\/fr\/wp-json\/wp\/v2\/comments?post=17984"}],"version-history":[{"count":0,"href":"https:\/\/softlinefurniture.com\/fr\/wp-json\/wp\/v2\/pages\/17984\/revisions"}],"wp:attachment":[{"href":"https:\/\/softlinefurniture.com\/fr\/wp-json\/wp\/v2\/media?parent=17984"}],"curies":[{"name":"wp","href":"https:\/\/api.w.org\/{rel}","templated":true}]}}