{"id":17992,"date":"2020-04-26T17:05:06","date_gmt":"2020-04-26T15:05:06","guid":{"rendered":"https:\/\/softlinefurniture.com\/donnees-personnelles\/"},"modified":"2026-02-11T08:06:40","modified_gmt":"2026-02-11T07:06:40","slug":"protection-des-donnees-personnelles-et-cookies","status":"publish","type":"page","link":"https:\/\/softlinefurniture.com\/fr\/protection-des-donnees-personnelles-et-cookies\/","title":{"rendered":"Protection des donn\u00e9es personelles et Cookies"},"content":{"rendered":"\t\t<div data-elementor-type=\"wp-page\" data-elementor-id=\"17992\" class=\"elementor elementor-17992 elementor-58\" data-elementor-post-type=\"page\">\n\t\t\t\t\t\t<section data-particle_enable=\"false\" data-particle-mobile-disabled=\"false\" class=\"elementor-section elementor-top-section elementor-element elementor-element-138fe8ba elementor-section-boxed elementor-section-height-default elementor-section-height-default\" data-id=\"138fe8ba\" data-element_type=\"section\" data-e-type=\"section\">\n\t\t\t\t\t\t<div class=\"elementor-container elementor-column-gap-default\">\n\t\t\t\t\t<div class=\"elementor-column elementor-col-100 elementor-top-column elementor-element elementor-element-51121f7e\" data-id=\"51121f7e\" data-element_type=\"column\" data-e-type=\"column\">\n\t\t\t<div class=\"elementor-widget-wrap elementor-element-populated\">\n\t\t\t\t\t\t<div class=\"elementor-element elementor-element-29f396d elementor-widget elementor-widget-heading\" data-id=\"29f396d\" data-element_type=\"widget\" data-e-type=\"widget\" data-widget_type=\"heading.default\">\n\t\t\t\t\t<h1 class=\"elementor-heading-title elementor-size-default\">PROTECTION DES DONN\u00c9ES PERSONELLES ET COOKIES<\/h1>\t\t\t\t<\/div>\n\t\t\t\t<div class=\"elementor-element elementor-element-59a4faad elementor-widget elementor-widget-text-editor\" data-id=\"59a4faad\" data-element_type=\"widget\" data-e-type=\"widget\" data-widget_type=\"text-editor.default\">\n\t\t\t\t\t\t\t\t\tCette politique de donn\u00e9es personnelles et de cookies s&#8217;applique \u00e0 softlinefurniture.com, qui est d\u00e9tenu et exploit\u00e9 par SOFTLINE A\/S, Kidnakken 5, 4930 Maribo, CVR n\u00b0 27 26 63 55, T\u00e9l\u00e9phone: + 45 54 16 06 80, Mail: info@softline.dk<br><br>SOFTLINE A\/S est soumise \u00e0 la l\u00e9gislation sur les donn\u00e9es personnelles en vigueur \u00e0 tout moment et tout traitement de donn\u00e9es personnelles a lieu dans le respect de la l\u00e9gislation sur les donn\u00e9es personnelles. Conform\u00e9ment \u00e0 la l\u00e9gislation sur les donn\u00e9es personnelles, SOFTLINE A\/S doit \u00eatre consid\u00e9r\u00e9e comme responsable des donn\u00e9es personnelles enregistr\u00e9es sur les clients et les visiteurs du site.<br><br>SOFTLINE A\/S collecte des informations vous concernant de diverses mani\u00e8res dans le cadre de votre utilisation du site Internet. Cette politique d\u00e9crit les types d&#8217;informations personnelles que nous collectons, la mani\u00e8re dont nous les traitons et les personnes que vous pouvez contacter si vous avez des questions ou des commentaires sur nos lignes directrices.<br><br>&nbsp;<br><br><strong>Nous assurons un traitement des donn\u00e9es loyal et transparent:<\/strong><br><br>Lorsque nous vous demandons de mettre vos informations personnelles \u00e0 notre disposition, nous vous informons des informations que nous traitons \u00e0 votre sujet et dans quel but. Vous recevrez des informations \u00e0 ce sujet au moment de la collecte de vos informations personnelles.<br><br>&nbsp;<br><br><strong>TRAITEMENT DES INFORMATIONS PERSONNELLES<\/strong><br><br><strong>Les informations que nous collectons et utilisons en relation avec votre utilisation de softlinefurniture.com comprend:<\/strong><br><br>&#8211; Votre identifiant unique et des informations techniques sur votre ordinateur, tablette ou t\u00e9l\u00e9phone portable<br><br>&#8211; Votre adresse IP et votre situation g\u00e9ographique<br><br>&#8211; Informations sur les int\u00e9r\u00eats et les habitudes<br><br>&#8211; Coordonn\u00e9es, y compris nom, adresse e-mail, adresse et num\u00e9ro de t\u00e9l\u00e9phone<br><br>&nbsp;<br><br>Vous pouvez en savoir plus sur comment et pourquoi nous collectons des informations sur votre utilisation de notre site Web dans la section \u00abPOLITIQUE EN MATI\u00c8RE DE COOKIES\u00bb.<br><br>&nbsp;<br><br><strong>La collecte de vos informations personnelles a lieu dans un ou plusieurs des cas suivants:<\/strong><br><br>&#8211; Lorsque vous vous inscrivez \u00e0 notre newsletter<br><br>&#8211; Lorsque vous cr\u00e9ez un compte utilisateur sur softlinefurniture.com<br><br>&#8211; Lorsque vous participez \u00e0 des concours<br><br>&#8211; Lorsque vous communiquez avec nous<br><br>&nbsp;<br><br>Si vous, en tant que d\u00e9taillant ou client contractuel, achetez des produits chez nous, nous collectons et stockons \u00e9galement les informations personnelles que vous nous fournissez, y compris le nom, l&#8217;adresse, l\u2019entreprise, l&#8217;adresse e-mail, le t\u00e9l\u00e9phone, les informations de paiement, l&#8217;historique des commandes, etc. \u2013 \u00e0 des fins factuelles et commerciales suivantes:<br><br>&#8211; Traitement de votre achat et livraison de notre service<br><br>&#8211; Gestion de la relation client<br><br>&#8211; Soumission et diffusion de newsletters ou autres supports marketing ainsi que d&#8217;autres initiatives marketing<br><br>&#8211; R\u00e9ponses \u00e0 vos demandes<br><br>&#8211; Statistiques et analyses<br><br>&nbsp;<br><br>Notre base l\u00e9gitime pour le traitement de vos donn\u00e9es personnelles est principalement l&#8217;ex\u00e9cution des accords conclus entre vous et SOFTLINE A\/S. De plus, nous traitons vos informations personnelles sur la base de votre consentement.<br><br>&nbsp;<br><br>Enfin, nous traitons vos informations personnelles sur la base de notre int\u00e9r\u00eat l\u00e9gitime \u00e0 d\u00e9velopper des services et produits existants et nouveaux, \u00e0 effectuer des analyses et des statistiques de nos segments de client\u00e8le, produits et services.<br><br>&nbsp;<br><br>Nous attirons votre attention sur le fait que l&#8217;utilisation de vos informations personnelles pour la soumission de mat\u00e9riel marketing n&#8217;a lieu que si vous avez pr\u00e9alablement donn\u00e9 votre consentement expr\u00e8s.<br><br>&nbsp;<br><br><strong>Nous ne traitons que les informations personnelles pertinentes:<\/strong><br><br>Nous ne traitons que les informations vous concernant qui sont pertinentes et suffisantes au regard des finalit\u00e9s d\u00e9finies ci-dessus. Le but est crucial pour le type d&#8217;informations vous concernant qui nous concerne. Il en va de m\u00eame pour l&#8217;\u00e9tendue des informations personnelles que nous utilisons. A titre d\u2019exemple, nous utilisons pas plus d&#8217;informations que ce dont nous avons besoin pour l&#8217;objectif sp\u00e9cifique.<br><br>&nbsp;<br><br><strong>Nous ne traitons que les informations personnelles n\u00e9cessaires:<\/strong><br><br>Nous collectons, traitons et stockons uniquement les informations personnelles n\u00e9cessaires \u00e0 la r\u00e9alisation de notre objectif d\u00e9clar\u00e9. En outre, il peut \u00eatre d\u00e9termin\u00e9 par la loi, quel type d&#8217;informations doit \u00eatre collect\u00e9 et stock\u00e9 pour nos op\u00e9rations commerciales. Le type et l&#8217;\u00e9tendue des donn\u00e9es personnelles que nous traitons peuvent \u00e9galement \u00eatre n\u00e9cessaires pour remplir un contrat ou une autre obligation l\u00e9gale.<br><br><strong>\u00a0<\/strong><br><br><strong>Nous v\u00e9rifions et mettons \u00e0 jour vos informations personnelles:<\/strong><br><br>Nous v\u00e9rifions que les informations personnelles que nous traitons \u00e0 votre sujet ne sont pas incorrectes ou trompeuses. Nous nous assurons \u00e9galement de mettre \u00e0 jour vos informations personnelles de mani\u00e8re continue.<br><br>Comme notre service d\u00e9pend de l&#8217;exactitude et de la mise \u00e0 jour de vos informations, nous vous demandons de nous informer de toute modification pertinente de vos informations. Vous pouvez utiliser les coordonn\u00e9es ci-dessus pour nous faire part de vos modifications.<br><br>&nbsp;<br><br><strong>Nous supprimons vos informations personnelles lorsqu&#8217;elles ne sont plus n\u00e9cessaires:<\/strong><br><br>Nous supprimons vos informations personnelles lorsqu&#8217;elles ne sont plus n\u00e9cessaires aux fins qui ont motiv\u00e9 la collecte, le traitement et le stockage de vos informations. Cependant, les informations peuvent \u00eatre trait\u00e9es et stock\u00e9es plus longtemps sous forme anonymis\u00e9e. Les informations personnelles collect\u00e9es dans le cadre de la finalisation d&#8217;un achat sont stock\u00e9es avec des informations sur les biens que vous avez achet\u00e9s pendant 5 ans \u00e0 compter de la fin de l&#8217;exercice auquel les informations se rapportent, voir l&#8217;article 10 de la loi sur la comptabilit\u00e9, apr\u00e8s quoi les informations sont supprim\u00e9es.<br><br>&nbsp;<br><br><strong>Retrait du consentement \/ Retrait:<\/strong><br><br>Vous pouvez r\u00e9voquer tout consentement que vous avez donn\u00e9 \u00e0 tout moment, et nous supprimerons alors vos informations personnelles, sauf si nous pouvons continuer le traitement pour d&#8217;autres motifs. Si vous souhaitez r\u00e9voquer un consentement, vous pouvez nous contacter \u00e0 info@softline.dk ou au + 45 54 16 06 80.<br><br>&nbsp;<br><br><strong>Avec qui partageons-nous les informations personnelles?<\/strong><br><br>Notre site Web est h\u00e9berg\u00e9 par VTHS et est situ\u00e9 dans l&#8217;UE, qui traite les informations en notre nom et en suivant les instructions de notre part. Une copie peut \u00eatre demand\u00e9e en contactant SOFTLINE A\/S.<br><br>En outre, dans certaines circonstances et conform\u00e9ment \u00e0 la loi, il peut \u00eatre n\u00e9cessaire de transmettre des informations aux autorit\u00e9s publiques, y compris aux autorit\u00e9s judiciaires. Par exemple, des informations peuvent \u00eatre transmises \u00e0 la police en cas de suspicion de fraude, etc.<br><br><strong>\u00a0<\/strong><br><br><strong>S\u00c9CURIT\u00c9<\/strong><br><br>Nous prot\u00e9geons vos informations personnelles et avons des r\u00e8gles internes sur la s\u00e9curit\u00e9 des informations:<br><br>Nous avons adopt\u00e9 des r\u00e8gles internes sur la s\u00e9curit\u00e9 de l&#8217;information, qui contiennent des instructions et des mesures qui prot\u00e8gent vos informations personnelles contre la destruction, la perte ou l&#8217;alt\u00e9ration contre la publication non autoris\u00e9e, et contre l&#8217;acc\u00e8s ou la connaissance non autoris\u00e9s de celles-ci.<br><br><strong>\u00a0<\/strong><br><br><script id=\"CookiePolicy\" src=\"https:\/\/policy.app.cookieinformation.com\/cid.js\" data-culture=\"fr\" type=\"text\/javascript\"><\/script><br><br>&nbsp;<br><br><strong>\u00a0<\/strong><strong>VOS DROITS<\/strong><br><br><strong>Vous avez le droit d&#8217;acc\u00e9der \u00e0 vos informations personnelles:<\/strong><br><br>Vous avez le droit d&#8217;\u00eatre inform\u00e9 \u00e0 tout moment quelles informations nous traitons \u00e0 votre sujet, d&#8217;o\u00f9 elles proviennent et dans quel but nous les utilisons. Vous pouvez \u00e9galement \u00eatre inform\u00e9 de la dur\u00e9e pendant laquelle nous conservons vos informations personnelles et qui re\u00e7oit les informations vous concernant, dans la mesure o\u00f9 nous transmettons des informations.<br><br>&nbsp;<br><br>Si vous en faites la demande, nous pouvons vous informer des informations que nous traitons \u00e0 votre sujet. Cependant, l&#8217;acc\u00e8s peut \u00eatre restreint pour des raisons de protection de la vie priv\u00e9e d&#8217;autres personnes, aux secrets commerciaux et aux droits de propri\u00e9t\u00e9 intellectuelle. Vous pouvez faire valoir vos droits en nous contactant. Vous trouverez nos coordonn\u00e9es en haut.<br><br>&nbsp;<br><br><strong>Vous avez le droit de faire corriger, supprimer ou bloquer les informations personnelles ou d&#8217;exiger que leur traitement soit limit\u00e9:<\/strong><br><br>Vous pouvez faire corriger \u00e0 tout moment les informations personnelles incorrectes que nous traitons \u00e0 votre sujet. Vous devez nous contacter et nous informer des inexactitudes et de la mani\u00e8re dont elles peuvent \u00eatre corrig\u00e9es.<br><br>Dans certains cas, nous aurons l&#8217;obligation de supprimer vos informations personnelles. Cela s&#8217;applique par ex. si vous retirez votre consentement et que nous ne pouvons pas traiter vos informations sur une autre base. Si vous pensez que vos informations ne sont plus n\u00e9cessaires aux fins pour lesquelles nous les avons collect\u00e9es, vous pouvez \u00e9galement demander leur suppression. Vous pouvez \u00e9galement nous contacter si vous pensez que vos donn\u00e9es personnelles sont trait\u00e9es en violation de la loi ou d&#8217;autres obligations l\u00e9gales.<br><br>En outre, vous avez \u00e9galement le droit dans certains cas de faire bloquer vos donn\u00e9es personnelles ou d&#8217;exiger que le traitement soit limit\u00e9. Lorsque vous nous contactez avec une demande de rectification, de suppression ou de blocage de vos donn\u00e9es personnelles ou de limitation du traitement, nous v\u00e9rifierons si les conditions sont remplies, auquel cas nous mettrons en \u0153uvre votre demande dans les plus brefs d\u00e9lais.<br><br>&nbsp;<br><br><strong>Vous avez le droit de vous opposer \u00e0 notre traitement de vos donn\u00e9es personnelles:<\/strong><br><br>Vous avez le droit de vous opposer \u00e0 notre traitement de vos donn\u00e9es personnelles. Vous pouvez \u00e9galement vous opposer \u00e0 notre divulgation de vos donn\u00e9es \u00e0 des fins de marketing. Vous pouvez utiliser les informations de contact en haut pour soumettre une objection. Si votre objection est justifi\u00e9e, nous veillerons \u00e0 arr\u00eater le traitement de vos donn\u00e9es personnelles.<br><br>&nbsp;<br><br><strong>Vous avez le droit d&#8217;avoir vos informations personnelles dans un format couramment utilis\u00e9:<\/strong><br><br>Dans ertains cas, vous avez le droit de recevoir les informations personnelles que nous avons enregistr\u00e9es \u00e0 votre sujet dans un format structur\u00e9, couramment utilis\u00e9 et lisible par machine et de nous demander de transmettre ces informations \u00e0 un autre responsable du traitement.<br><br><strong>\u00a0<\/strong><br><br><strong>CHANGEMENT DE LIGNES DIRECTRICES<\/strong><br><br>SOFTLINE A\/S se r\u00e9serve le droit de mettre \u00e0 jour et de modifier les directives de cette politique. Lorsque nous le faisons, nous corrigeons \u00e9galement la date de &#8220;derni\u00e8re mise \u00e0 jour&#8221; au bas du document.<br><br><strong>\u00a0<\/strong><br><br><strong>ACC\u00c8S \u00c0 LA R\u00c9CLAMATION<\/strong><br><br>Si vous souhaitez vous plaindre du traitement de vos donn\u00e9es personnelles, vous pouvez toujours nous contacter par e-mail ou par t\u00e9l\u00e9phone comme indiqu\u00e9 ci-dessus.<br><br>Vous pouvez \u00e9galement contacter l&#8217;Agence danoise de protection des donn\u00e9es, Borgergade 28, 5., 1300 Copenhague K.<br><br>&nbsp;<br><br>Derni\u00e8re mise \u00e0 jour: 2 novembre 2021<br><br>&nbsp;\t\t\t\t\t\t\t\t<\/div>\n\t\t\t\t\t<\/div>\n\t\t<\/div>\n\t\t\t\t\t<\/div>\n\t\t<\/section>\n\t\t\t\t<\/div>\n\t\t","protected":false},"excerpt":{"rendered":"<p>PROTECTION DES DONN\u00c9ES PERSONELLES ET COOKIES Cette politique de donn\u00e9es personnelles et de cookies s&#8217;applique \u00e0 softlinefurniture.com, qui est d\u00e9tenu et exploit\u00e9 par SOFTLINE A\/S, Kidnakken 5, 4930 Maribo, CVR n\u00b0 27 26 63 55, T\u00e9l\u00e9phone: + 45 54 16 06 80, Mail: info@softline.dk SOFTLINE A\/S est soumise \u00e0 la l\u00e9gislation sur les donn\u00e9es personnelles [&hellip;]<\/p>\n","protected":false},"author":1,"featured_media":0,"parent":0,"menu_order":0,"comment_status":"closed","ping_status":"closed","template":"elementor_header_footer","meta":{"_acf_changed":false,"footnotes":""},"class_list":["post-17992","page","type-page","status-publish","hentry"],"acf":[],"_links":{"self":[{"href":"https:\/\/softlinefurniture.com\/fr\/wp-json\/wp\/v2\/pages\/17992","targetHints":{"allow":["GET"]}}],"collection":[{"href":"https:\/\/softlinefurniture.com\/fr\/wp-json\/wp\/v2\/pages"}],"about":[{"href":"https:\/\/softlinefurniture.com\/fr\/wp-json\/wp\/v2\/types\/page"}],"author":[{"embeddable":true,"href":"https:\/\/softlinefurniture.com\/fr\/wp-json\/wp\/v2\/users\/1"}],"replies":[{"embeddable":true,"href":"https:\/\/softlinefurniture.com\/fr\/wp-json\/wp\/v2\/comments?post=17992"}],"version-history":[{"count":0,"href":"https:\/\/softlinefurniture.com\/fr\/wp-json\/wp\/v2\/pages\/17992\/revisions"}],"wp:attachment":[{"href":"https:\/\/softlinefurniture.com\/fr\/wp-json\/wp\/v2\/media?parent=17992"}],"curies":[{"name":"wp","href":"https:\/\/api.w.org\/{rel}","templated":true}]}}