{"id":19919,"date":"2020-07-07T23:57:30","date_gmt":"2020-07-07T21:57:30","guid":{"rendered":"https:\/\/softlinefurniture.com\/covid-19-information\/"},"modified":"2021-05-22T07:36:24","modified_gmt":"2021-05-22T05:36:24","slug":"informations-covid-19","status":"publish","type":"page","link":"https:\/\/softlinefurniture.com\/fr\/informations-covid-19\/","title":{"rendered":"Informations COVID-19"},"content":{"rendered":"\t\t<div data-elementor-type=\"wp-page\" data-elementor-id=\"19919\" class=\"elementor elementor-19919 elementor-18129\" data-elementor-post-type=\"page\">\n\t\t\t\t\t\t<section data-particle_enable=\"false\" data-particle-mobile-disabled=\"false\" class=\"elementor-section elementor-top-section elementor-element elementor-element-7cb08fac elementor-section-boxed elementor-section-height-default elementor-section-height-default\" data-id=\"7cb08fac\" data-element_type=\"section\" data-e-type=\"section\">\n\t\t\t\t\t\t<div class=\"elementor-container elementor-column-gap-default\">\n\t\t\t\t\t<div class=\"elementor-column elementor-col-100 elementor-top-column elementor-element elementor-element-33c8efb1\" data-id=\"33c8efb1\" data-element_type=\"column\" data-e-type=\"column\">\n\t\t\t<div class=\"elementor-widget-wrap elementor-element-populated\">\n\t\t\t\t\t\t<div class=\"elementor-element elementor-element-7264dbb7 elementor-invisible elementor-widget elementor-widget-heading\" data-id=\"7264dbb7\" data-element_type=\"widget\" data-e-type=\"widget\" data-settings=\"{&quot;_animation&quot;:&quot;fadeInUp&quot;}\" data-widget_type=\"heading.default\">\n\t\t\t\t\t<h1 class=\"elementor-heading-title elementor-size-default\">Informations COVID-19<\/h1>\t\t\t\t<\/div>\n\t\t\t\t\t<\/div>\n\t\t<\/div>\n\t\t\t\t\t<\/div>\n\t\t<\/section>\n\t\t\t\t<section data-particle_enable=\"false\" data-particle-mobile-disabled=\"false\" class=\"elementor-section elementor-top-section elementor-element elementor-element-3bfe742b elementor-section-boxed elementor-section-height-default elementor-section-height-default\" data-id=\"3bfe742b\" data-element_type=\"section\" data-e-type=\"section\">\n\t\t\t\t\t\t<div class=\"elementor-container elementor-column-gap-default\">\n\t\t\t\t\t<div class=\"elementor-column elementor-col-100 elementor-top-column elementor-element elementor-element-6ff2265c elementor-invisible\" data-id=\"6ff2265c\" data-element_type=\"column\" data-e-type=\"column\" data-settings=\"{&quot;animation&quot;:&quot;fadeInUp&quot;}\">\n\t\t\t<div class=\"elementor-widget-wrap elementor-element-populated\">\n\t\t\t\t\t\t<div class=\"elementor-element elementor-element-c78b85a elementor-widget elementor-widget-text-editor\" data-id=\"c78b85a\" data-element_type=\"widget\" data-e-type=\"widget\" data-widget_type=\"text-editor.default\">\n\t\t\t\t\t\t\t\t\t<p>Le monde entier se focalise actuellement<br \/>\nsur la lev\u00e9e progressive des restrictions suite au confinement li\u00e9 \u00e0 la Covid-19.<\/p>\n<p>Chez SOFTLINE, nos installations ne sont pas impact\u00e9es par la Covid-19. Notre<br \/>\nbureau des ventes est ouvert, la production se poursuit \u00e0 notre usine au Danemark et nous op\u00e9rons bas\u00e9 sur les directives de s\u00e9curit\u00e9 et les recommandations des autorit\u00e9s sanitaires. Nos sous-traitants peuvent aussi nous approvisionner en toute s\u00e9curit\u00e9, cela veut dire que le d\u00e9lai de livraison actuel des nouvelles commandes est de 4 \u00e0 5 semaines (transport non compris).<\/p>\n<p>Nos employ\u00e9s externes, nos agents et<br \/>\nnotre bureau des ventes sont toujours \u00e0<br \/>\nvotre service par t\u00e9l\u00e9phone, courrier, Skype ou appels vid\u00e9o, en fonction de votre pr\u00e9f\u00e9rence. Nous pourrions envisager des rencontres en personne, et dans ce cas, notre \u00e9quipe commerciale respecterait les pr\u00e9cautions de s\u00e9curit\u00e9 et les instructions \u00e9mises par les autorit\u00e9s.<\/p>\n<p>SOFTLINE et vos interlocuteurs privil\u00e9gi\u00e9s restent \u00e0 votre disposition, pour r\u00e9pondre \u00e0 toute question concernant vos commandes en cours ou autre demande.<\/p>\n<p>Sachez que nous surveillons constamment l\u2019\u00e9volution de la Covid-19 et des enjeux potentiels si la situation devait changer, rendant les livraison et services sujets \u00e0 modification dans le cas de nouvelles restrictions locales.<\/p>\n<p>Bien cordialement,<br \/>\nSOFTLINE A\/S<\/p>\n\t\t\t\t\t\t\t\t<\/div>\n\t\t\t\t\t<\/div>\n\t\t<\/div>\n\t\t\t\t\t<\/div>\n\t\t<\/section>\n\t\t\t\t<\/div>\n\t\t","protected":false},"excerpt":{"rendered":"<p>Le monde entier se focalise actuellement sur la lev\u00e9e progressive des restrictions suite au confinement li\u00e9 \u00e0 la Covid-19. Chez SOFTLINE, nos installations ne sont pas impact\u00e9es par la Covid-19. Notre bureau des ventes est ouvert, la production se poursuit \u00e0 notre usine au Danemark et nous op\u00e9rons bas\u00e9 sur les directives de s\u00e9curit\u00e9 et [&hellip;]<\/p>\n","protected":false},"author":1,"featured_media":0,"parent":0,"menu_order":0,"comment_status":"closed","ping_status":"closed","template":"elementor_header_footer","meta":{"_acf_changed":false,"footnotes":""},"class_list":["post-19919","page","type-page","status-publish","hentry"],"acf":[],"_links":{"self":[{"href":"https:\/\/softlinefurniture.com\/fr\/wp-json\/wp\/v2\/pages\/19919","targetHints":{"allow":["GET"]}}],"collection":[{"href":"https:\/\/softlinefurniture.com\/fr\/wp-json\/wp\/v2\/pages"}],"about":[{"href":"https:\/\/softlinefurniture.com\/fr\/wp-json\/wp\/v2\/types\/page"}],"author":[{"embeddable":true,"href":"https:\/\/softlinefurniture.com\/fr\/wp-json\/wp\/v2\/users\/1"}],"replies":[{"embeddable":true,"href":"https:\/\/softlinefurniture.com\/fr\/wp-json\/wp\/v2\/comments?post=19919"}],"version-history":[{"count":0,"href":"https:\/\/softlinefurniture.com\/fr\/wp-json\/wp\/v2\/pages\/19919\/revisions"}],"wp:attachment":[{"href":"https:\/\/softlinefurniture.com\/fr\/wp-json\/wp\/v2\/media?parent=19919"}],"curies":[{"name":"wp","href":"https:\/\/api.w.org\/{rel}","templated":true}]}}