{"id":91615,"date":"2022-01-05T15:54:33","date_gmt":"2022-01-05T14:54:33","guid":{"rendered":"https:\/\/softlinefurniture.com\/?page_id=91615"},"modified":"2023-06-23T11:00:47","modified_gmt":"2023-06-23T09:00:47","slug":"entretien-et-soins","status":"publish","type":"page","link":"https:\/\/softlinefurniture.com\/fr\/entretien-et-soins\/","title":{"rendered":"Entretien et soins"},"content":{"rendered":"\t\t<div data-elementor-type=\"wp-page\" data-elementor-id=\"91615\" class=\"elementor elementor-91615 elementor-91529\" data-elementor-post-type=\"page\">\n\t\t\t\t\t\t<section data-particle_enable=\"false\" data-particle-mobile-disabled=\"false\" class=\"elementor-section elementor-top-section elementor-element elementor-element-0dc490e elementor-section-full_width elementor-hidden-mobile elementor-section-height-default elementor-section-height-default\" data-id=\"0dc490e\" data-element_type=\"section\" data-e-type=\"section\">\n\t\t\t\t\t\t<div class=\"elementor-container elementor-column-gap-default\">\n\t\t\t\t\t<div class=\"elementor-column elementor-col-100 elementor-top-column elementor-element elementor-element-a0c16e1\" data-id=\"a0c16e1\" data-element_type=\"column\" data-e-type=\"column\">\n\t\t\t<div class=\"elementor-widget-wrap elementor-element-populated\">\n\t\t\t\t\t\t<div class=\"elementor-element elementor-element-607c463 elementor--h-position-left elementor--v-position-bottom home_top_banner elementor-arrows-position-inside elementor-widget elementor-widget-slides\" data-id=\"607c463\" data-element_type=\"widget\" data-e-type=\"widget\" data-settings=\"{&quot;navigation&quot;:&quot;arrows&quot;,&quot;_animation_mobile&quot;:&quot;none&quot;,&quot;infinite&quot;:&quot;yes&quot;,&quot;transition&quot;:&quot;slide&quot;,&quot;transition_speed&quot;:500}\" data-widget_type=\"slides.default\">\n\t\t\t\t\t\t\t\t\t\t<div class=\"elementor-slides-wrapper elementor-main-swiper swiper\" role=\"region\" aria-roledescription=\"carousel\" aria-label=\"Slides\" dir=\"ltr\" data-animation=\"fadeInRight\">\n\t\t\t\t<div class=\"swiper-wrapper elementor-slides\">\n\t\t\t\t\t\t\t\t\t\t<div class=\"elementor-repeater-item-85fb373 swiper-slide\" role=\"group\" aria-roledescription=\"slide\"><div class=\"swiper-slide-bg\" role=\"img\" aria-label=\"care-and-maintenance-hero\"><\/div><div class=\"elementor-background-overlay\"><\/div><div class=\"swiper-slide-inner\" ><div class=\"swiper-slide-contents\"><div class=\"elementor-slide-heading\">ENTRETIEN ET SOINS<\/div><\/div><\/div><\/div>\t\t\t\t<\/div>\n\t\t\t\t\t\t\t<\/div>\n\t\t\t\t\t\t\t\t<\/div>\n\t\t\t\t\t<\/div>\n\t\t<\/div>\n\t\t\t\t\t<\/div>\n\t\t<\/section>\n\t\t\t\t<section data-particle_enable=\"false\" data-particle-mobile-disabled=\"false\" class=\"elementor-section elementor-top-section elementor-element elementor-element-eaa95f1 elementor-section-full_width elementor-hidden-desktop elementor-hidden-tablet elementor-section-height-default elementor-section-height-default\" data-id=\"eaa95f1\" data-element_type=\"section\" data-e-type=\"section\">\n\t\t\t\t\t\t<div class=\"elementor-container elementor-column-gap-default\">\n\t\t\t\t\t<div class=\"elementor-column elementor-col-100 elementor-top-column elementor-element elementor-element-13bed6f\" data-id=\"13bed6f\" data-element_type=\"column\" data-e-type=\"column\">\n\t\t\t<div class=\"elementor-widget-wrap elementor-element-populated\">\n\t\t\t\t\t\t<div class=\"elementor-element elementor-element-8fa7d0e elementor--h-position-left elementor--v-position-bottom home_top_banner elementor-arrows-position-inside elementor-widget elementor-widget-slides\" data-id=\"8fa7d0e\" data-element_type=\"widget\" data-e-type=\"widget\" data-settings=\"{&quot;navigation&quot;:&quot;arrows&quot;,&quot;infinite&quot;:&quot;yes&quot;,&quot;transition&quot;:&quot;slide&quot;,&quot;transition_speed&quot;:500}\" data-widget_type=\"slides.default\">\n\t\t\t\t\t\t\t\t\t\t<div class=\"elementor-slides-wrapper elementor-main-swiper swiper\" role=\"region\" aria-roledescription=\"carousel\" aria-label=\"Slides\" dir=\"ltr\" data-animation=\"fadeInUp\">\n\t\t\t\t<div class=\"swiper-wrapper elementor-slides\">\n\t\t\t\t\t\t\t\t\t\t<div class=\"elementor-repeater-item-85fb373 swiper-slide\" role=\"group\" aria-roledescription=\"slide\"><div class=\"swiper-slide-bg\" role=\"img\" aria-label=\"care-and-maintenance-hero-mobilel\"><\/div><div class=\"elementor-background-overlay\"><\/div><div class=\"swiper-slide-inner\" ><div class=\"swiper-slide-contents\"><div class=\"elementor-slide-heading\">ENTRETIEN ET SOINS<\/div><\/div><\/div><\/div>\t\t\t\t<\/div>\n\t\t\t\t\t\t\t<\/div>\n\t\t\t\t\t\t\t\t<\/div>\n\t\t\t\t\t<\/div>\n\t\t<\/div>\n\t\t\t\t\t<\/div>\n\t\t<\/section>\n\t\t\t\t<section data-particle_enable=\"false\" data-particle-mobile-disabled=\"false\" class=\"elementor-section elementor-top-section elementor-element elementor-element-eb23727 elementor-section-boxed elementor-section-height-default elementor-section-height-default\" data-id=\"eb23727\" data-element_type=\"section\" data-e-type=\"section\">\n\t\t\t\t\t\t<div class=\"elementor-container elementor-column-gap-default\">\n\t\t\t\t\t<div class=\"elementor-column elementor-col-100 elementor-top-column elementor-element elementor-element-700a81f\" data-id=\"700a81f\" data-element_type=\"column\" data-e-type=\"column\">\n\t\t\t<div class=\"elementor-widget-wrap elementor-element-populated\">\n\t\t\t\t\t\t<div class=\"elementor-element elementor-element-9f8104e elementor-widget elementor-widget-text-editor\" data-id=\"9f8104e\" data-element_type=\"widget\" data-e-type=\"widget\" data-widget_type=\"text-editor.default\">\n\t\t\t\t\t\t\t\t\t<p>L\u2019approvisionnement en mat\u00e9riaux durables est un point essentiel de la philosophie SOFTLINE. La plupart de nos mat\u00e9riaux et composants proviennent de fabricants \u00e9tablis en Europe, ce qui garantit leur tra\u00e7abilit\u00e9, leur haute qualit\u00e9 et le plus faible impact environnemental possible. Enfin, nous nous effor\u00e7ons de produire des meubles de haute qualit\u00e9 qui durent dans le temps.<\/p>\n\t\t\t\t\t\t\t\t<\/div>\n\t\t\t\t<div class=\"elementor-element elementor-element-57cfb19 elementor-widget elementor-widget-heading\" data-id=\"57cfb19\" data-element_type=\"widget\" data-e-type=\"widget\" data-settings=\"{&quot;_animation&quot;:&quot;none&quot;}\" data-widget_type=\"heading.default\">\n\t\t\t\t\t<h2 class=\"elementor-heading-title elementor-size-default\">CYCLE DE VIE DU PRODUIT<\/h2>\t\t\t\t<\/div>\n\t\t\t\t<div class=\"elementor-element elementor-element-80eda28 elementor-hidden-desktop elementor-hidden-tablet elementor-widget elementor-widget-image\" data-id=\"80eda28\" data-element_type=\"widget\" data-e-type=\"widget\" data-widget_type=\"image.default\">\n\t\t\t\t\t\t\t\t\t\t\t\t\t\t\t<img fetchpriority=\"high\" decoding=\"async\" width=\"640\" height=\"640\" src=\"https:\/\/softlinefurniture.com\/wp-content\/uploads\/2022\/01\/product-life-cycle-mobile.jpg\" class=\"attachment-large size-large wp-image-91601\" alt=\"produkt livscyklus\" srcset=\"https:\/\/softlinefurniture.com\/wp-content\/uploads\/2022\/01\/product-life-cycle-mobile.jpg 1000w, https:\/\/softlinefurniture.com\/wp-content\/uploads\/2022\/01\/product-life-cycle-mobile-150x150.jpg 150w, https:\/\/softlinefurniture.com\/wp-content\/uploads\/2022\/01\/product-life-cycle-mobile-100x100.jpg 100w, https:\/\/softlinefurniture.com\/wp-content\/uploads\/2022\/01\/product-life-cycle-mobile-300x300.jpg 300w, https:\/\/softlinefurniture.com\/wp-content\/uploads\/2022\/01\/product-life-cycle-mobile-64x64.jpg 64w, https:\/\/softlinefurniture.com\/wp-content\/uploads\/2022\/01\/product-life-cycle-mobile-356x356.jpg 356w\" sizes=\"(max-width: 640px) 100vw, 640px\" \/>\t\t\t\t\t\t\t\t\t\t\t\t\t\t\t<\/div>\n\t\t\t\t<div class=\"elementor-element elementor-element-a629159 elementor-hidden-mobile elementor-widget elementor-widget-image\" data-id=\"a629159\" data-element_type=\"widget\" data-e-type=\"widget\" data-widget_type=\"image.default\">\n\t\t\t\t\t\t\t\t\t\t\t\t\t\t\t<img decoding=\"async\" width=\"1200\" height=\"535\" src=\"https:\/\/softlinefurniture.com\/wp-content\/uploads\/2022\/01\/product-life-cycle.jpg\" class=\"attachment-full size-full wp-image-90996\" alt=\"produkt livscyklus\" srcset=\"https:\/\/softlinefurniture.com\/wp-content\/uploads\/2022\/01\/product-life-cycle.jpg 1200w, https:\/\/softlinefurniture.com\/wp-content\/uploads\/2022\/01\/product-life-cycle-150x67.jpg 150w, https:\/\/softlinefurniture.com\/wp-content\/uploads\/2022\/01\/product-life-cycle-300x134.jpg 300w, https:\/\/softlinefurniture.com\/wp-content\/uploads\/2022\/01\/product-life-cycle-64x29.jpg 64w\" sizes=\"(max-width: 1200px) 100vw, 1200px\" \/>\t\t\t\t\t\t\t\t\t\t\t\t\t\t\t<\/div>\n\t\t\t\t<div class=\"elementor-element elementor-element-3ea304e elementor-widget elementor-widget-text-editor\" data-id=\"3ea304e\" data-element_type=\"widget\" data-e-type=\"widget\" data-widget_type=\"text-editor.default\">\n\t\t\t\t\t\t\t\t\t<p>La grande majorit\u00e9 des meubles SOFTLINE sont d\u00e9houssables, ce qui permet de nettoyer ou remplacer leur housse facilement. Chez SOFTLINE, nous avons rendu possible pour nos clients de changer des pi\u00e8ces d\u00e9tach\u00e9es afin d\u2019augmenter la dur\u00e9e de vie de nos produits et minimiser l\u2019impact environnemental dans le temps. Certains de nos meubles, de par leur construction, n\u00e9cessitent l\u2019aide d\u2019un professionnel pour changer la housse ou une pi\u00e8ce d\u00e9tach\u00e9e. Veuillez contacter votre revendeur SOFTLINE local pour plus d\u2019informations.<\/p>\n<p>Lorsque nos meubles arrivent en fin de vie, il est possible de les d\u00e9monter compl\u00e8tement. Ainsi, les diff\u00e9rents pi\u00e8ces et mat\u00e9riaux peuvent \u00eatre recycl\u00e9s et retrouver une nouvelle vie. Pour tout renseignement suppl\u00e9mentaire, veuillez contacter votre revendeur SOFTLINE local.<\/p>\n\t\t\t\t\t\t\t\t<\/div>\n\t\t\t\t\t<\/div>\n\t\t<\/div>\n\t\t\t\t\t<\/div>\n\t\t<\/section>\n\t\t\t\t<section data-particle_enable=\"false\" data-particle-mobile-disabled=\"false\" class=\"elementor-section elementor-top-section elementor-element elementor-element-8f201f0 elementor-section-boxed elementor-section-height-default elementor-section-height-default\" data-id=\"8f201f0\" data-element_type=\"section\" data-e-type=\"section\">\n\t\t\t\t\t\t<div class=\"elementor-container elementor-column-gap-default\">\n\t\t\t\t\t<div class=\"elementor-column elementor-col-100 elementor-top-column elementor-element elementor-element-5de5a32\" data-id=\"5de5a32\" data-element_type=\"column\" data-e-type=\"column\">\n\t\t\t<div class=\"elementor-widget-wrap elementor-element-populated\">\n\t\t\t\t\t\t<div class=\"elementor-element elementor-element-f70cc1e elementor-widget elementor-widget-heading\" data-id=\"f70cc1e\" data-element_type=\"widget\" data-e-type=\"widget\" data-settings=\"{&quot;_animation&quot;:&quot;none&quot;}\" data-widget_type=\"heading.default\">\n\t\t\t\t\t<h2 class=\"elementor-heading-title elementor-size-default\">NETTOYAGE<\/h2>\t\t\t\t<\/div>\n\t\t\t\t<div class=\"elementor-element elementor-element-f718ec5 elementor-hidden-desktop elementor-hidden-tablet elementor-widget elementor-widget-image\" data-id=\"f718ec5\" data-element_type=\"widget\" data-e-type=\"widget\" data-widget_type=\"image.default\">\n\t\t\t\t\t\t\t\t\t\t\t\t\t\t\t<img decoding=\"async\" width=\"640\" height=\"640\" src=\"https:\/\/softlinefurniture.com\/wp-content\/uploads\/2022\/01\/cleaning-mobile.jpg\" class=\"attachment-large size-large wp-image-91591\" alt=\"entretien et soins\" srcset=\"https:\/\/softlinefurniture.com\/wp-content\/uploads\/2022\/01\/cleaning-mobile.jpg 1000w, https:\/\/softlinefurniture.com\/wp-content\/uploads\/2022\/01\/cleaning-mobile-150x150.jpg 150w, https:\/\/softlinefurniture.com\/wp-content\/uploads\/2022\/01\/cleaning-mobile-100x100.jpg 100w, https:\/\/softlinefurniture.com\/wp-content\/uploads\/2022\/01\/cleaning-mobile-300x300.jpg 300w, https:\/\/softlinefurniture.com\/wp-content\/uploads\/2022\/01\/cleaning-mobile-64x64.jpg 64w, https:\/\/softlinefurniture.com\/wp-content\/uploads\/2022\/01\/cleaning-mobile-356x356.jpg 356w\" sizes=\"(max-width: 640px) 100vw, 640px\" \/>\t\t\t\t\t\t\t\t\t\t\t\t\t\t\t<\/div>\n\t\t\t\t<div class=\"elementor-element elementor-element-604c015 elementor-hidden-mobile elementor-widget elementor-widget-image\" data-id=\"604c015\" data-element_type=\"widget\" data-e-type=\"widget\" data-widget_type=\"image.default\">\n\t\t\t\t\t\t\t\t\t\t\t\t\t\t\t<img loading=\"lazy\" decoding=\"async\" width=\"1200\" height=\"535\" src=\"https:\/\/softlinefurniture.com\/wp-content\/uploads\/2022\/01\/cleaning.jpg\" class=\"attachment-full size-full wp-image-90991\" alt=\"entretien et soins\" srcset=\"https:\/\/softlinefurniture.com\/wp-content\/uploads\/2022\/01\/cleaning.jpg 1200w, https:\/\/softlinefurniture.com\/wp-content\/uploads\/2022\/01\/cleaning-150x67.jpg 150w, https:\/\/softlinefurniture.com\/wp-content\/uploads\/2022\/01\/cleaning-300x134.jpg 300w, https:\/\/softlinefurniture.com\/wp-content\/uploads\/2022\/01\/cleaning-64x29.jpg 64w\" sizes=\"(max-width: 1200px) 100vw, 1200px\" \/>\t\t\t\t\t\t\t\t\t\t\t\t\t\t\t<\/div>\n\t\t\t\t<div class=\"elementor-element elementor-element-09f33bd elementor-widget elementor-widget-text-editor\" data-id=\"09f33bd\" data-element_type=\"widget\" data-e-type=\"widget\" data-widget_type=\"text-editor.default\">\n\t\t\t\t\t\t\t\t\t<p>Les informations suivantes sont fournies \u00e0 titre indicatif. Pour plus d\u2019informations sur les soins sp\u00e9cifiques et l\u2019\u00e9limination des taches, veuillez contacter votre revendeur SOFTLINE local.<\/p>\n<p><strong>Housses<\/strong><br \/>\nNettoyer et entretenir r\u00e9guli\u00e8rement les meubles rembourr\u00e9s est important pour conserver l\u2019aspect originel des tissus et prolonger leur dur\u00e9e de vie.<\/p>\n<p>Feutre\u00a0: passer l\u2019aspirateur r\u00e9guli\u00e8rement<br \/>\nTissu lisse\u00a0: passer l\u2019aspirateur r\u00e9guli\u00e8rement et brosser si besoin<br \/>\nVinyle\u00a0: essuyer r\u00e9guli\u00e8rement avec un chiffon humide<\/p>\n\t\t\t\t\t\t\t\t<\/div>\n\t\t\t\t\t<\/div>\n\t\t<\/div>\n\t\t\t\t\t<\/div>\n\t\t<\/section>\n\t\t\t\t<section data-particle_enable=\"false\" data-particle-mobile-disabled=\"false\" class=\"elementor-section elementor-top-section elementor-element elementor-element-0bc9877 elementor-section-boxed elementor-section-height-default elementor-section-height-default\" data-id=\"0bc9877\" data-element_type=\"section\" data-e-type=\"section\">\n\t\t\t\t\t\t<div class=\"elementor-container elementor-column-gap-default\">\n\t\t\t\t\t<div class=\"elementor-column elementor-col-100 elementor-top-column elementor-element elementor-element-85d9850\" data-id=\"85d9850\" data-element_type=\"column\" data-e-type=\"column\">\n\t\t\t<div class=\"elementor-widget-wrap elementor-element-populated\">\n\t\t\t\t\t\t<div class=\"elementor-element elementor-element-dd90835 elementor-hidden-desktop elementor-hidden-tablet elementor-widget elementor-widget-image\" data-id=\"dd90835\" data-element_type=\"widget\" data-e-type=\"widget\" data-widget_type=\"image.default\">\n\t\t\t\t\t\t\t\t\t\t\t\t\t\t\t<img loading=\"lazy\" decoding=\"async\" width=\"640\" height=\"640\" src=\"https:\/\/softlinefurniture.com\/wp-content\/uploads\/2022\/01\/covers-mobile.jpg\" class=\"attachment-large size-large wp-image-91596\" alt=\"covers\" srcset=\"https:\/\/softlinefurniture.com\/wp-content\/uploads\/2022\/01\/covers-mobile.jpg 1000w, https:\/\/softlinefurniture.com\/wp-content\/uploads\/2022\/01\/covers-mobile-150x150.jpg 150w, https:\/\/softlinefurniture.com\/wp-content\/uploads\/2022\/01\/covers-mobile-100x100.jpg 100w, https:\/\/softlinefurniture.com\/wp-content\/uploads\/2022\/01\/covers-mobile-300x300.jpg 300w, https:\/\/softlinefurniture.com\/wp-content\/uploads\/2022\/01\/covers-mobile-64x64.jpg 64w, https:\/\/softlinefurniture.com\/wp-content\/uploads\/2022\/01\/covers-mobile-356x356.jpg 356w\" sizes=\"(max-width: 640px) 100vw, 640px\" \/>\t\t\t\t\t\t\t\t\t\t\t\t\t\t\t<\/div>\n\t\t\t\t<div class=\"elementor-element elementor-element-7f4b14d elementor-hidden-mobile elementor-widget elementor-widget-image\" data-id=\"7f4b14d\" data-element_type=\"widget\" data-e-type=\"widget\" data-widget_type=\"image.default\">\n\t\t\t\t\t\t\t\t\t\t\t\t\t\t\t<img loading=\"lazy\" decoding=\"async\" width=\"1200\" height=\"535\" src=\"https:\/\/softlinefurniture.com\/wp-content\/uploads\/2022\/01\/covers.jpg\" class=\"attachment-full size-full wp-image-91001\" alt=\"covers\" srcset=\"https:\/\/softlinefurniture.com\/wp-content\/uploads\/2022\/01\/covers.jpg 1200w, https:\/\/softlinefurniture.com\/wp-content\/uploads\/2022\/01\/covers-150x67.jpg 150w, https:\/\/softlinefurniture.com\/wp-content\/uploads\/2022\/01\/covers-300x134.jpg 300w, https:\/\/softlinefurniture.com\/wp-content\/uploads\/2022\/01\/covers-64x29.jpg 64w\" sizes=\"(max-width: 1200px) 100vw, 1200px\" \/>\t\t\t\t\t\t\t\t\t\t\t\t\t\t\t<\/div>\n\t\t\t\t<div class=\"elementor-element elementor-element-c763025 elementor-widget elementor-widget-text-editor\" data-id=\"c763025\" data-element_type=\"widget\" data-e-type=\"widget\" data-widget_type=\"text-editor.default\">\n\t\t\t\t\t\t\t\t\t<p><strong>D\u00e9tachage<\/strong><br \/>\nIl est primordial d\u2019agir rapidement, sans quoi la tache peut provoquer des dommages irr\u00e9versibles. Ne pas frotter avec force sur la tache, car cela risquerait d\u2019endommager le tissu et la couleur. Il est recommand\u00e9 de toujours utiliser une solution \u00e0 base d\u2019eau ti\u00e8de et savon doux si la tache peut \u00eatre nettoy\u00e9e. Veiller \u00e0 utiliser uniquement un savon recommand\u00e9 sp\u00e9cifiquement pour le type de surface ou mat\u00e9riau \u00e0 nettoyer. Les produits d\u2019entretien d\u00e9tachants doivent toujours \u00eatre test\u00e9s au pr\u00e9alable sur une petite zone non visible.<\/p>\n<p>S\u2019il y a plusieurs taches ou des taches de plus grande ampleur, des traitements et techniques sp\u00e9cifiques seront alors n\u00e9cessaires. Par cons\u00e9quent, il est fortement recommand\u00e9 de contacter un sp\u00e9cialiste du nettoyage de mobilier avant d\u2019essayer de retirer la tache soi-m\u00eame. Les housses comportant le symbole P peuvent \u00eatre nettoy\u00e9es \u00e0 sec \u2013 il est fortement d\u00e9conseill\u00e9 de laver les housses. Il est cependant recommand\u00e9 de contacter un sp\u00e9cialiste du nettoyage de mobilier ou un revendeur SOFTLINE local pour davantage d\u2019informations.<\/p>\n<p>Il est possible de commander une nouvelle housse pour presque tous les meubles de la collection SOFTLINE afin de prolonger leur dur\u00e9e de vie.<\/p>\n<p>Tous les textiles SOFTLINE sont recyclables \u2013 veuillez contacter votre centre de recyclage local pour davantage d\u2019informations.<\/p>\n\t\t\t\t\t\t\t\t<\/div>\n\t\t\t\t\t<\/div>\n\t\t<\/div>\n\t\t\t\t\t<\/div>\n\t\t<\/section>\n\t\t\t\t<section data-particle_enable=\"false\" data-particle-mobile-disabled=\"false\" class=\"elementor-section elementor-top-section elementor-element elementor-element-6cf0861 elementor-section-boxed elementor-section-height-default elementor-section-height-default\" data-id=\"6cf0861\" data-element_type=\"section\" data-e-type=\"section\">\n\t\t\t\t\t\t<div class=\"elementor-container elementor-column-gap-default\">\n\t\t\t\t\t<div class=\"elementor-column elementor-col-100 elementor-top-column elementor-element elementor-element-d647e3f\" data-id=\"d647e3f\" data-element_type=\"column\" data-e-type=\"column\">\n\t\t\t<div class=\"elementor-widget-wrap elementor-element-populated\">\n\t\t\t\t\t\t<div class=\"elementor-element elementor-element-da04d8c elementor-widget elementor-widget-heading\" data-id=\"da04d8c\" data-element_type=\"widget\" data-e-type=\"widget\" data-settings=\"{&quot;_animation&quot;:&quot;none&quot;}\" data-widget_type=\"heading.default\">\n\t\t\t\t\t<h2 class=\"elementor-heading-title elementor-size-default\">MOBILIER DE JARDIN<\/h2>\t\t\t\t<\/div>\n\t\t\t\t<div class=\"elementor-element elementor-element-50defcf elementor-hidden-desktop elementor-hidden-tablet elementor-widget elementor-widget-image\" data-id=\"50defcf\" data-element_type=\"widget\" data-e-type=\"widget\" data-widget_type=\"image.default\">\n\t\t\t\t\t\t\t\t\t\t\t\t\t\t\t<img loading=\"lazy\" decoding=\"async\" width=\"640\" height=\"640\" src=\"https:\/\/softlinefurniture.com\/wp-content\/uploads\/2022\/01\/outdoor-mobile.jpg\" class=\"attachment-large size-large wp-image-91606\" alt=\"meubles pour lexterieur\" srcset=\"https:\/\/softlinefurniture.com\/wp-content\/uploads\/2022\/01\/outdoor-mobile.jpg 1000w, https:\/\/softlinefurniture.com\/wp-content\/uploads\/2022\/01\/outdoor-mobile-150x150.jpg 150w, https:\/\/softlinefurniture.com\/wp-content\/uploads\/2022\/01\/outdoor-mobile-100x100.jpg 100w, https:\/\/softlinefurniture.com\/wp-content\/uploads\/2022\/01\/outdoor-mobile-300x300.jpg 300w, https:\/\/softlinefurniture.com\/wp-content\/uploads\/2022\/01\/outdoor-mobile-64x64.jpg 64w, https:\/\/softlinefurniture.com\/wp-content\/uploads\/2022\/01\/outdoor-mobile-356x356.jpg 356w\" sizes=\"(max-width: 640px) 100vw, 640px\" \/>\t\t\t\t\t\t\t\t\t\t\t\t\t\t\t<\/div>\n\t\t\t\t<div class=\"elementor-element elementor-element-172ff43 elementor-hidden-mobile elementor-widget elementor-widget-image\" data-id=\"172ff43\" data-element_type=\"widget\" data-e-type=\"widget\" data-widget_type=\"image.default\">\n\t\t\t\t\t\t\t\t\t\t\t\t\t\t\t<img loading=\"lazy\" decoding=\"async\" width=\"1200\" height=\"535\" src=\"https:\/\/softlinefurniture.com\/wp-content\/uploads\/2022\/01\/outdoor.jpg\" class=\"attachment-full size-full wp-image-91011\" alt=\"meubles pour lexterieur\" srcset=\"https:\/\/softlinefurniture.com\/wp-content\/uploads\/2022\/01\/outdoor.jpg 1200w, https:\/\/softlinefurniture.com\/wp-content\/uploads\/2022\/01\/outdoor-150x67.jpg 150w, https:\/\/softlinefurniture.com\/wp-content\/uploads\/2022\/01\/outdoor-300x134.jpg 300w, https:\/\/softlinefurniture.com\/wp-content\/uploads\/2022\/01\/outdoor-64x29.jpg 64w\" sizes=\"(max-width: 1200px) 100vw, 1200px\" \/>\t\t\t\t\t\t\t\t\t\t\t\t\t\t\t<\/div>\n\t\t\t\t<div class=\"elementor-element elementor-element-ea3f444 elementor-widget elementor-widget-text-editor\" data-id=\"ea3f444\" data-element_type=\"widget\" data-e-type=\"widget\" data-widget_type=\"text-editor.default\">\n\t\t\t\t\t\t\t\t\t<p>La dur\u00e9e de vie des meubles de jardin varie en fonction de leur fr\u00e9quence d\u2019utilisation ainsi que des conditions m\u00e9t\u00e9orologiques locales. Afin de r\u00e9duire le risque de dommages dus \u00e0 la lumi\u00e8re, il est recommand\u00e9 de minimiser autant que possible les expositions au soleil direct. Si le meuble est plac\u00e9 sur de la terre mouill\u00e9e ou une surface humide, il s\u2019ab\u00eemera avec le temps. Il est recommand\u00e9 de stocker les meubles de jardin dans un endroit sec et a\u00e9r\u00e9 en hiver.<\/p>\n<p>Pour tout renseignement compl\u00e9mentaire concernant des produits et\/ou mat\u00e9riaux sp\u00e9cifiques, rendez-vous sur le site softlinefurniture.com.<\/p>\n\t\t\t\t\t\t\t\t<\/div>\n\t\t\t\t<div class=\"elementor-element elementor-element-b760562 elementor-align-center elementor-widget elementor-widget-button\" data-id=\"b760562\" data-element_type=\"widget\" data-e-type=\"widget\" data-widget_type=\"button.default\">\n\t\t\t\t\t\t\t\t\t\t<a class=\"elementor-button elementor-button-link elementor-size-sm\" href=\"https:\/\/softlinefurniture.com\/wp-content\/uploads\/2021\/12\/entretien-et-soins-fr.pdf\" target=\"_blank\">\n\t\t\t\t\t\t<span class=\"elementor-button-content-wrapper\">\n\t\t\t\t\t\t\t\t\t<span class=\"elementor-button-text\">t\u00e9l\u00e9charger le guide d'entretien et soins<\/span>\n\t\t\t\t\t<\/span>\n\t\t\t\t\t<\/a>\n\t\t\t\t\t\t\t\t<\/div>\n\t\t\t\t\t<\/div>\n\t\t<\/div>\n\t\t\t\t\t<\/div>\n\t\t<\/section>\n\t\t\t\t<\/div>\n\t\t","protected":false},"excerpt":{"rendered":"<p>ENTRETIEN ET SOINS ENTRETIEN ET SOINS L\u2019approvisionnement en mat\u00e9riaux durables est un point essentiel de la philosophie SOFTLINE. La plupart de nos mat\u00e9riaux et composants proviennent de fabricants \u00e9tablis en Europe, ce qui garantit leur tra\u00e7abilit\u00e9, leur haute qualit\u00e9 et le plus faible impact environnemental possible. Enfin, nous nous effor\u00e7ons de produire des meubles de [&hellip;]<\/p>\n","protected":false},"author":2,"featured_media":0,"parent":0,"menu_order":0,"comment_status":"closed","ping_status":"closed","template":"elementor_header_footer","meta":{"_acf_changed":false,"footnotes":""},"class_list":["post-91615","page","type-page","status-publish","hentry"],"acf":[],"_links":{"self":[{"href":"https:\/\/softlinefurniture.com\/fr\/wp-json\/wp\/v2\/pages\/91615","targetHints":{"allow":["GET"]}}],"collection":[{"href":"https:\/\/softlinefurniture.com\/fr\/wp-json\/wp\/v2\/pages"}],"about":[{"href":"https:\/\/softlinefurniture.com\/fr\/wp-json\/wp\/v2\/types\/page"}],"author":[{"embeddable":true,"href":"https:\/\/softlinefurniture.com\/fr\/wp-json\/wp\/v2\/users\/2"}],"replies":[{"embeddable":true,"href":"https:\/\/softlinefurniture.com\/fr\/wp-json\/wp\/v2\/comments?post=91615"}],"version-history":[{"count":0,"href":"https:\/\/softlinefurniture.com\/fr\/wp-json\/wp\/v2\/pages\/91615\/revisions"}],"wp:attachment":[{"href":"https:\/\/softlinefurniture.com\/fr\/wp-json\/wp\/v2\/media?parent=91615"}],"curies":[{"name":"wp","href":"https:\/\/api.w.org\/{rel}","templated":true}]}}