{"id":103243,"date":"2023-01-18T10:46:47","date_gmt":"2023-01-18T09:46:47","guid":{"rendered":"https:\/\/softlinefurniture.com\/?post_type=product&#038;p=103243"},"modified":"2026-03-11T14:20:30","modified_gmt":"2026-03-11T13:20:30","slug":"madison-wood-canape-lit","status":"publish","type":"product","link":"https:\/\/softlinefurniture.com\/fr\/produit\/madison-wood-canape-lit\/","title":{"rendered":"MADISON WOOD Canap\u00e9-lit"},"content":{"rendered":"<p>MADISON WOOD est un canap\u00e9 original personnifiant le concept scandinave du <em>hygge<\/em>,-la d\u00e9tente-, le fait qu\u2019on s\u2019y installe pour se relaxer ou dormir. Ce canap\u00e9 d\u00e9gage une \u00e9l\u00e9gance d\u00e9contract\u00e9e avec ses accoudoirs recouverts de tissu faits main et ses coussins aux angles fortement arrondis. Les accoudoirs en bois renforcent l\u2019homog\u00e9n\u00e9it\u00e9 du design et lui conf\u00e8rent un caract\u00e8re durable.<\/p>\n<p>MADISON WOOD offre une assise profonde qui invite au <em>hygge<\/em> et \u00e0 une v\u00e9ritable relaxation. La partie sup\u00e9rieure des coussins d\u2019assise peut \u00eatre d\u00e9ploy\u00e9e afin de cr\u00e9er un espace vaste et confortable, propice \u00e0 la d\u00e9tente et au sommeil.<\/p>\n<p>Vainqueur du Green Good Design Award 2023<\/p>\n","protected":false},"excerpt":{"rendered":"<p>MADISON WOOD est un canap\u00e9 original personnifiant le concept scandinave du hygge,-la d\u00e9tente-, le fait qu\u2019on s\u2019y installe pour se relaxer ou dormir. Ce canap\u00e9 d\u00e9gage une \u00e9l\u00e9gance d\u00e9contract\u00e9e avec ses accoudoirs recouverts de tissu faits main et ses coussins aux angles fortement arrondis. Les accoudoirs en bois renforcent l\u2019homog\u00e9n\u00e9it\u00e9 du design et lui conf\u00e8rent [&hellip;]<\/p>\n","protected":false},"featured_media":102956,"comment_status":"closed","ping_status":"closed","template":"","meta":{"_acf_changed":false},"product_brand":[48531],"product_cat":[6269,6266,6270],"product_tag":[34678],"class_list":{"0":"post-103243","1":"product","2":"type-product","3":"status-publish","4":"has-post-thumbnail","6":"product_brand-madison-wood","7":"product_cat-canape-lit","8":"product_cat-canapes","9":"product_cat-modes","10":"product_tag-sofa-fr","11":"pa_covers-nettoyage-les-housses-ayant-le-symbole-p-peuvent-etre-nettoyees-a-sec-des-housses-supplementaires-peuvent-etre-commandees-si-vous-souhaitez-une-nouvelle-couleur-ou-un-autre-tissu","13":"first","14":"instock","15":"shipping-taxable","16":"purchasable","17":"product-type-variable"},"acf":[],"_links":{"self":[{"href":"https:\/\/softlinefurniture.com\/fr\/wp-json\/wp\/v2\/product\/103243","targetHints":{"allow":["GET"]}}],"collection":[{"href":"https:\/\/softlinefurniture.com\/fr\/wp-json\/wp\/v2\/product"}],"about":[{"href":"https:\/\/softlinefurniture.com\/fr\/wp-json\/wp\/v2\/types\/product"}],"replies":[{"embeddable":true,"href":"https:\/\/softlinefurniture.com\/fr\/wp-json\/wp\/v2\/comments?post=103243"}],"version-history":[{"count":0,"href":"https:\/\/softlinefurniture.com\/fr\/wp-json\/wp\/v2\/product\/103243\/revisions"}],"wp:featuredmedia":[{"embeddable":true,"href":"https:\/\/softlinefurniture.com\/fr\/wp-json\/wp\/v2\/media\/102956"}],"wp:attachment":[{"href":"https:\/\/softlinefurniture.com\/fr\/wp-json\/wp\/v2\/media?parent=103243"}],"wp:term":[{"taxonomy":"product_brand","embeddable":true,"href":"https:\/\/softlinefurniture.com\/fr\/wp-json\/wp\/v2\/product_brand?post=103243"},{"taxonomy":"product_cat","embeddable":true,"href":"https:\/\/softlinefurniture.com\/fr\/wp-json\/wp\/v2\/product_cat?post=103243"},{"taxonomy":"product_tag","embeddable":true,"href":"https:\/\/softlinefurniture.com\/fr\/wp-json\/wp\/v2\/product_tag?post=103243"}],"curies":[{"name":"wp","href":"https:\/\/api.w.org\/{rel}","templated":true}]}}