{"id":108935,"date":"2024-04-04T15:51:59","date_gmt":"2024-04-04T13:51:59","guid":{"rendered":"https:\/\/softlinefurniture.com\/?post_type=product&#038;p=108935"},"modified":"2025-11-11T13:50:26","modified_gmt":"2025-11-11T12:50:26","slug":"club-table-ronde","status":"publish","type":"product","link":"https:\/\/softlinefurniture.com\/fr\/produit\/club-table-ronde\/","title":{"rendered":"CLUB Table ronde"},"content":{"rendered":"<p><strong>Ic\u00f4ne minimaliste sans limites<\/strong><br \/>\nLe canap\u00e9 club a \u00e9t\u00e9 con\u00e7u dans un souci de simplicit\u00e9 et d\u2019utilit\u00e9, il transformera n\u2019importe quel espace exterieur ou interieur gr\u00e2ce \u00e0 son caract\u00e8re modulaire simple et ses mat\u00e9riaux durables.<br \/>\nCe canap\u00e9 revendique la simplicit\u00e9, avec des lignes \u00e9pur\u00e9es et un design minimaliste qui respire l\u2019\u00e9l\u00e9gance moderne. Sa structure en acier \u00e9pais assure sa durabilit\u00e9, capable de resister aux conditions exterieures les plus difficiles. Les coussins s\u00e9par\u00e9s ajoutent un \u00e9l\u00e9ment de praticit\u00e9 en cas de pluie soudaine.<br \/>\nClub peut s\u2019adapter \u00e0 tous les styles de d\u00e9coration, il se fond dans l\u2019environnement de mani\u00e8re discr\u00e8te plut\u00f4t que d\u2019\u00eatre trop criard.<\/p>\n","protected":false},"excerpt":{"rendered":"<p>Ic\u00f4ne minimaliste sans limites Le canap\u00e9 club a \u00e9t\u00e9 con\u00e7u dans un souci de simplicit\u00e9 et d\u2019utilit\u00e9, il transformera n\u2019importe quel espace exterieur ou interieur gr\u00e2ce \u00e0 son caract\u00e8re modulaire simple et ses mat\u00e9riaux durables. Ce canap\u00e9 revendique la simplicit\u00e9, avec des lignes \u00e9pur\u00e9es et un design minimaliste qui respire l\u2019\u00e9l\u00e9gance moderne. Sa structure en [&hellip;]<\/p>\n","protected":false},"featured_media":108947,"comment_status":"closed","ping_status":"closed","template":"","meta":{"_acf_changed":false},"product_brand":[48337],"product_cat":[6243,32,6271],"product_tag":[],"class_list":{"0":"post-108935","1":"product","2":"type-product","3":"status-publish","4":"has-post-thumbnail","6":"product_brand-club","7":"product_cat-meubles-pour-lexterieur","8":"product_cat-nouveaux-produits","9":"product_cat-tables-fr","11":"first","12":"instock","13":"shipping-taxable","14":"product-type-simple"},"acf":[],"_links":{"self":[{"href":"https:\/\/softlinefurniture.com\/fr\/wp-json\/wp\/v2\/product\/108935","targetHints":{"allow":["GET"]}}],"collection":[{"href":"https:\/\/softlinefurniture.com\/fr\/wp-json\/wp\/v2\/product"}],"about":[{"href":"https:\/\/softlinefurniture.com\/fr\/wp-json\/wp\/v2\/types\/product"}],"replies":[{"embeddable":true,"href":"https:\/\/softlinefurniture.com\/fr\/wp-json\/wp\/v2\/comments?post=108935"}],"version-history":[{"count":0,"href":"https:\/\/softlinefurniture.com\/fr\/wp-json\/wp\/v2\/product\/108935\/revisions"}],"wp:featuredmedia":[{"embeddable":true,"href":"https:\/\/softlinefurniture.com\/fr\/wp-json\/wp\/v2\/media\/108947"}],"wp:attachment":[{"href":"https:\/\/softlinefurniture.com\/fr\/wp-json\/wp\/v2\/media?parent=108935"}],"wp:term":[{"taxonomy":"product_brand","embeddable":true,"href":"https:\/\/softlinefurniture.com\/fr\/wp-json\/wp\/v2\/product_brand?post=108935"},{"taxonomy":"product_cat","embeddable":true,"href":"https:\/\/softlinefurniture.com\/fr\/wp-json\/wp\/v2\/product_cat?post=108935"},{"taxonomy":"product_tag","embeddable":true,"href":"https:\/\/softlinefurniture.com\/fr\/wp-json\/wp\/v2\/product_tag?post=108935"}],"curies":[{"name":"wp","href":"https:\/\/api.w.org\/{rel}","templated":true}]}}