{"id":110134,"date":"2024-09-25T09:39:08","date_gmt":"2024-09-25T07:39:08","guid":{"rendered":"https:\/\/softlinefurniture.com\/?post_type=product&#038;p=110134"},"modified":"2026-03-12T08:31:18","modified_gmt":"2026-03-12T07:31:18","slug":"rufle-chaise-moyen","status":"publish","type":"product","link":"https:\/\/softlinefurniture.com\/fr\/produit\/rufle-chaise-moyen\/","title":{"rendered":"RUFLE CHAISE MOYEN"},"content":{"rendered":"<p>RUFLE est une s\u00e9rie de si\u00e8ges lounge \u00e9l\u00e9gants et confortables, qui facilitent les s\u00e9ances individuelles de travail, les groupes de conversation ou les moments de retraite priv\u00e9e et paisible.<\/p>\n<p>Au c\u0153ur de la collection Lounge RUFLE se trouve une g\u00e9om\u00e9trie innovante et captivante qui transforme n\u2019importe quel espace en un havre d\u2019\u00e9l\u00e9gance et de confort.<\/p>\n<p>La caract\u00e9ristique d\u00e9terminante de RUFLE est son dossier tout en courbes et invitant, soigneusement con\u00e7u pour cr\u00e9er une exp\u00e9rience unique de confort et d\u2019esth\u00e9tique.<\/p>\n<p>Les courbes douces et fluides du dossier de RUFLE sont plus qu\u2019un simple plaisir visuel; elles bercent votre corps dans une \u00e9treinte chaleureuse, invitant \u00e0 la d\u00e9tente et au repos.<br \/>\nCe concave distinctif n\u2019est pas seulement une question de style ; c\u2019est un t\u00e9moignage des besoins ergonomiques et individuels.<\/p>\n<p>Vainqueur du Good Design Award 2024<\/p>\n","protected":false},"excerpt":{"rendered":"<p>RUFLE est une s\u00e9rie de si\u00e8ges lounge \u00e9l\u00e9gants et confortables, qui facilitent les s\u00e9ances individuelles de travail, les groupes de conversation ou les moments de retraite priv\u00e9e et paisible. Au c\u0153ur de la collection Lounge RUFLE se trouve une g\u00e9om\u00e9trie innovante et captivante qui transforme n\u2019importe quel espace en un havre d\u2019\u00e9l\u00e9gance et de confort. [&hellip;]<\/p>\n","protected":false},"featured_media":113630,"comment_status":"closed","ping_status":"closed","template":"","meta":{"_acf_changed":false},"product_brand":[48259],"product_cat":[6238,6240,47950,32],"product_tag":[],"class_list":{"0":"post-110134","1":"product","2":"type-product","3":"status-publish","4":"has-post-thumbnail","6":"product_brand-rufle","7":"product_cat-fauteuils","8":"product_cat-fauteuils-lounge","9":"product_cat-fauteuils-pivontants","10":"product_cat-nouveaux-produits","11":"pa_covers-nettoyage-les-housses-ayant-le-symbole-p-peuvent-etre-nettoyees-a-sec-des-housses-supplementaires-peuvent-etre-commandees-si-vous-souhaitez-une-nouvelle-couleur-ou-un-autre-tissu","13":"first","14":"instock","15":"shipping-taxable","16":"purchasable","17":"product-type-variable"},"acf":[],"_links":{"self":[{"href":"https:\/\/softlinefurniture.com\/fr\/wp-json\/wp\/v2\/product\/110134","targetHints":{"allow":["GET"]}}],"collection":[{"href":"https:\/\/softlinefurniture.com\/fr\/wp-json\/wp\/v2\/product"}],"about":[{"href":"https:\/\/softlinefurniture.com\/fr\/wp-json\/wp\/v2\/types\/product"}],"replies":[{"embeddable":true,"href":"https:\/\/softlinefurniture.com\/fr\/wp-json\/wp\/v2\/comments?post=110134"}],"version-history":[{"count":0,"href":"https:\/\/softlinefurniture.com\/fr\/wp-json\/wp\/v2\/product\/110134\/revisions"}],"wp:featuredmedia":[{"embeddable":true,"href":"https:\/\/softlinefurniture.com\/fr\/wp-json\/wp\/v2\/media\/113630"}],"wp:attachment":[{"href":"https:\/\/softlinefurniture.com\/fr\/wp-json\/wp\/v2\/media?parent=110134"}],"wp:term":[{"taxonomy":"product_brand","embeddable":true,"href":"https:\/\/softlinefurniture.com\/fr\/wp-json\/wp\/v2\/product_brand?post=110134"},{"taxonomy":"product_cat","embeddable":true,"href":"https:\/\/softlinefurniture.com\/fr\/wp-json\/wp\/v2\/product_cat?post=110134"},{"taxonomy":"product_tag","embeddable":true,"href":"https:\/\/softlinefurniture.com\/fr\/wp-json\/wp\/v2\/product_tag?post=110134"}],"curies":[{"name":"wp","href":"https:\/\/api.w.org\/{rel}","templated":true}]}}