{"id":114067,"date":"2025-06-30T12:44:10","date_gmt":"2025-06-30T10:44:10","guid":{"rendered":"https:\/\/softlinefurniture.com\/?post_type=product&#038;p=114067"},"modified":"2026-03-04T10:03:08","modified_gmt":"2026-03-04T09:03:08","slug":"junto-canape-avec-accoudoir-dossier","status":"publish","type":"product","link":"https:\/\/softlinefurniture.com\/fr\/produit\/junto-canape-avec-accoudoir-dossier\/","title":{"rendered":"JUNTO Canap\u00e9 avec accoudoir\/dossier"},"content":{"rendered":"<p>Le canap\u00e9 modulaire JUNTO est bien plus qu\u2019un concept modulaire extraordinairement polyvalent. Il s\u2019agit \u00e9galement d\u2019un investissement durable dans le mobilier, pr\u00e9vu pour \u00eatre agrandi et modernis\u00e9 plut\u00f4t que d\u2019\u00eatre remplac\u00e9. Les trois parties principales se composent d\u2019un accoudoir et de si\u00e8ges en deux dimensions. C\u2019est tout ce dont vous avez besoin pour cr\u00e9er un espace salon vraiment unique ou un canap\u00e9 personnalis\u00e9. Le design est intemporel et les modules interchangeables permettent de le rallonger selon les besoins ou de remplacer des modules en cas de d\u00e9g\u00e2ts ou d\u2019usure. En outre, les housses des accoudoirs et des si\u00e8ges peuvent \u00eatre rapidement et facilement retir\u00e9es et remplac\u00e9es. La dur\u00e9e d\u2019utilisation de JUNTO est de par ce fait prolong\u00e9e, contribuant ainsi \u00e0 opter envers une \u00e9cologie s\u00fbre.<\/p>\n","protected":false},"excerpt":{"rendered":"<p>Le canap\u00e9 modulaire JUNTO est bien plus qu\u2019un concept modulaire extraordinairement polyvalent. Il s\u2019agit \u00e9galement d\u2019un investissement durable dans le mobilier, pr\u00e9vu pour \u00eatre agrandi et modernis\u00e9 plut\u00f4t que d\u2019\u00eatre remplac\u00e9. Les trois parties principales se composent d\u2019un accoudoir et de si\u00e8ges en deux dimensions. C\u2019est tout ce dont vous avez besoin pour cr\u00e9er un [&hellip;]<\/p>\n","protected":false},"featured_media":114072,"comment_status":"closed","ping_status":"closed","template":"","meta":{"_acf_changed":false},"product_brand":[48325],"product_cat":[6268,32],"product_tag":[],"class_list":{"0":"post-114067","1":"product","2":"type-product","3":"status-publish","4":"has-post-thumbnail","6":"product_brand-junto","7":"product_cat-element-de-canape","8":"product_cat-nouveaux-produits","9":"pa_covers-nettoyage-les-housses-ayant-le-symbole-p-peuvent-etre-nettoyees-a-sec-des-housses-supplementaires-peuvent-etre-commandees-si-vous-souhaitez-une-nouvelle-couleur-ou-un-autre-tissu","11":"first","12":"instock","13":"downloadable","14":"shipping-taxable","15":"product-type-simple"},"acf":[],"_links":{"self":[{"href":"https:\/\/softlinefurniture.com\/fr\/wp-json\/wp\/v2\/product\/114067","targetHints":{"allow":["GET"]}}],"collection":[{"href":"https:\/\/softlinefurniture.com\/fr\/wp-json\/wp\/v2\/product"}],"about":[{"href":"https:\/\/softlinefurniture.com\/fr\/wp-json\/wp\/v2\/types\/product"}],"replies":[{"embeddable":true,"href":"https:\/\/softlinefurniture.com\/fr\/wp-json\/wp\/v2\/comments?post=114067"}],"version-history":[{"count":0,"href":"https:\/\/softlinefurniture.com\/fr\/wp-json\/wp\/v2\/product\/114067\/revisions"}],"wp:featuredmedia":[{"embeddable":true,"href":"https:\/\/softlinefurniture.com\/fr\/wp-json\/wp\/v2\/media\/114072"}],"wp:attachment":[{"href":"https:\/\/softlinefurniture.com\/fr\/wp-json\/wp\/v2\/media?parent=114067"}],"wp:term":[{"taxonomy":"product_brand","embeddable":true,"href":"https:\/\/softlinefurniture.com\/fr\/wp-json\/wp\/v2\/product_brand?post=114067"},{"taxonomy":"product_cat","embeddable":true,"href":"https:\/\/softlinefurniture.com\/fr\/wp-json\/wp\/v2\/product_cat?post=114067"},{"taxonomy":"product_tag","embeddable":true,"href":"https:\/\/softlinefurniture.com\/fr\/wp-json\/wp\/v2\/product_tag?post=114067"}],"curies":[{"name":"wp","href":"https:\/\/api.w.org\/{rel}","templated":true}]}}