{"id":116762,"date":"2025-09-10T11:29:08","date_gmt":"2025-09-10T09:29:08","guid":{"rendered":"https:\/\/softlinefurniture.com\/?post_type=product&#038;p=116762"},"modified":"2025-09-10T13:08:39","modified_gmt":"2025-09-10T11:08:39","slug":"space-plateau-table","status":"publish","type":"product","link":"https:\/\/softlinefurniture.com\/fr\/produit\/space-plateau-table\/","title":{"rendered":"SPACE Plateau table"},"content":{"rendered":"<p><strong>Sculptures cubiques \u00e0 vocations multiples<\/strong><br \/>\nAvec ce pouf color\u00e9 et d\u00e9coratif, vous avez toujours un si\u00e8ge confortable \u00e0 port\u00e9e de main. La couture sur les bords est un d\u00e9tail subtil avec un effet d\u00e9coratif \u00e9l\u00e9gant. Choisissez des couleurs et des tissus qui correspondent \u00e0 votre d\u00e9coration int\u00e9rieure.<\/p>\n","protected":false},"excerpt":{"rendered":"<p>Sculptures cubiques \u00e0 vocations multiples Avec ce pouf color\u00e9 et d\u00e9coratif, vous avez toujours un si\u00e8ge confortable \u00e0 port\u00e9e de main. La couture sur les bords est un d\u00e9tail subtil avec un effet d\u00e9coratif \u00e9l\u00e9gant. Choisissez des couleurs et des tissus qui correspondent \u00e0 votre d\u00e9coration int\u00e9rieure.<\/p>\n","protected":false},"featured_media":116787,"comment_status":"closed","ping_status":"closed","template":"","meta":{"_acf_changed":false},"product_brand":[48703],"product_cat":[6243,6271],"product_tag":[],"class_list":{"0":"post-116762","1":"product","2":"type-product","3":"status-publish","4":"has-post-thumbnail","6":"product_brand-space","7":"product_cat-meubles-pour-lexterieur","8":"product_cat-tables-fr","10":"first","11":"instock","12":"shipping-taxable","13":"purchasable","14":"product-type-variable"},"acf":[],"_links":{"self":[{"href":"https:\/\/softlinefurniture.com\/fr\/wp-json\/wp\/v2\/product\/116762","targetHints":{"allow":["GET"]}}],"collection":[{"href":"https:\/\/softlinefurniture.com\/fr\/wp-json\/wp\/v2\/product"}],"about":[{"href":"https:\/\/softlinefurniture.com\/fr\/wp-json\/wp\/v2\/types\/product"}],"replies":[{"embeddable":true,"href":"https:\/\/softlinefurniture.com\/fr\/wp-json\/wp\/v2\/comments?post=116762"}],"version-history":[{"count":0,"href":"https:\/\/softlinefurniture.com\/fr\/wp-json\/wp\/v2\/product\/116762\/revisions"}],"wp:featuredmedia":[{"embeddable":true,"href":"https:\/\/softlinefurniture.com\/fr\/wp-json\/wp\/v2\/media\/116787"}],"wp:attachment":[{"href":"https:\/\/softlinefurniture.com\/fr\/wp-json\/wp\/v2\/media?parent=116762"}],"wp:term":[{"taxonomy":"product_brand","embeddable":true,"href":"https:\/\/softlinefurniture.com\/fr\/wp-json\/wp\/v2\/product_brand?post=116762"},{"taxonomy":"product_cat","embeddable":true,"href":"https:\/\/softlinefurniture.com\/fr\/wp-json\/wp\/v2\/product_cat?post=116762"},{"taxonomy":"product_tag","embeddable":true,"href":"https:\/\/softlinefurniture.com\/fr\/wp-json\/wp\/v2\/product_tag?post=116762"}],"curies":[{"name":"wp","href":"https:\/\/api.w.org\/{rel}","templated":true}]}}