{"id":118154,"date":"2025-10-08T10:33:35","date_gmt":"2025-10-08T08:33:35","guid":{"rendered":"https:\/\/softlinefurniture.com\/?post_type=product&#038;p=118154"},"modified":"2025-10-08T11:47:52","modified_gmt":"2025-10-08T09:47:52","slug":"opera-table-ronde","status":"publish","type":"product","link":"https:\/\/softlinefurniture.com\/fr\/produit\/opera-table-ronde\/","title":{"rendered":"OPERA Table ronde"},"content":{"rendered":"<p>Avec sa nouvelle table, la gamme OPERA, d\u00e9j\u00e0 r\u00e9put\u00e9e pour sa flexibilit\u00e9 et sa polyvalence , devient davantage fonctionnelle et pratique. Le design de la table s\u2019accorde parfaitement aux doux arrondis des meubles rembourr\u00e9s et ses dimensions sont en harmonie avec le dossier et les c\u00f4t\u00e9s des fauteuils et canap\u00e9s.\u00a0 La nouvelle table est un ajout important \u00e0 tous les types d\u2019am\u00e9nagement comportant les \u00e9l\u00e9ments de la s\u00e9rie OPERA, que ce soit avec un dossier bas ou haut.<\/p>\n","protected":false},"excerpt":{"rendered":"<p>Avec sa nouvelle table, la gamme OPERA, d\u00e9j\u00e0 r\u00e9put\u00e9e pour sa flexibilit\u00e9 et sa polyvalence , devient davantage fonctionnelle et pratique. Le design de la table s\u2019accorde parfaitement aux doux arrondis des meubles rembourr\u00e9s et ses dimensions sont en harmonie avec le dossier et les c\u00f4t\u00e9s des fauteuils et canap\u00e9s.\u00a0 La nouvelle table est un [&hellip;]<\/p>\n","protected":false},"featured_media":118169,"comment_status":"closed","ping_status":"closed","template":"","meta":{"_acf_changed":false},"product_brand":[48615],"product_cat":[6271],"product_tag":[],"class_list":{"0":"post-118154","1":"product","2":"type-product","3":"status-publish","4":"has-post-thumbnail","6":"product_brand-opera","7":"product_cat-tables-fr","9":"first","10":"instock","11":"shipping-taxable","12":"purchasable","13":"product-type-variable"},"acf":[],"_links":{"self":[{"href":"https:\/\/softlinefurniture.com\/fr\/wp-json\/wp\/v2\/product\/118154","targetHints":{"allow":["GET"]}}],"collection":[{"href":"https:\/\/softlinefurniture.com\/fr\/wp-json\/wp\/v2\/product"}],"about":[{"href":"https:\/\/softlinefurniture.com\/fr\/wp-json\/wp\/v2\/types\/product"}],"replies":[{"embeddable":true,"href":"https:\/\/softlinefurniture.com\/fr\/wp-json\/wp\/v2\/comments?post=118154"}],"version-history":[{"count":0,"href":"https:\/\/softlinefurniture.com\/fr\/wp-json\/wp\/v2\/product\/118154\/revisions"}],"wp:featuredmedia":[{"embeddable":true,"href":"https:\/\/softlinefurniture.com\/fr\/wp-json\/wp\/v2\/media\/118169"}],"wp:attachment":[{"href":"https:\/\/softlinefurniture.com\/fr\/wp-json\/wp\/v2\/media?parent=118154"}],"wp:term":[{"taxonomy":"product_brand","embeddable":true,"href":"https:\/\/softlinefurniture.com\/fr\/wp-json\/wp\/v2\/product_brand?post=118154"},{"taxonomy":"product_cat","embeddable":true,"href":"https:\/\/softlinefurniture.com\/fr\/wp-json\/wp\/v2\/product_cat?post=118154"},{"taxonomy":"product_tag","embeddable":true,"href":"https:\/\/softlinefurniture.com\/fr\/wp-json\/wp\/v2\/product_tag?post=118154"}],"curies":[{"name":"wp","href":"https:\/\/api.w.org\/{rel}","templated":true}]}}