{"id":19671,"date":"2020-05-24T09:35:59","date_gmt":"2020-05-24T07:35:59","guid":{"rendered":"https:\/\/softlinefurniture.com\/product\/aiko-fauteuil\/"},"modified":"2026-03-11T12:40:57","modified_gmt":"2026-03-11T11:40:57","slug":"aiko-fauteuil","status":"publish","type":"product","link":"https:\/\/softlinefurniture.com\/fr\/produit\/aiko-fauteuil\/","title":{"rendered":"AIKO Fauteuil"},"content":{"rendered":"<p><strong>\u00c9l\u00e9gant et l\u00e9ger<\/strong><br \/>\nLe fauteuil AIKO est une chaise de salon, de salle \u00e0 manger ou de conf\u00e9rence polyvalente, disponible en deux hauteurs d\u2019assise, qui ajoutera une touche d&#8217;\u00e9l\u00e9gance dans les int\u00e9rieurs et les espaces publics.<br \/>\nAIKO est aussi disponible avec une base pivotante qui fait ressortir les lignes \u00e9pur\u00e9es et la simplicit\u00e9 de son design. Sa structure enveloppante et ses lignes rendent AIKO incroyablement confortable.<\/p>\n","protected":false},"excerpt":{"rendered":"<p>\u00c9l\u00e9gant et l\u00e9ger Le fauteuil AIKO est une chaise de salon, de salle \u00e0 manger ou de conf\u00e9rence polyvalente, disponible en deux hauteurs d\u2019assise, qui ajoutera une touche d&#8217;\u00e9l\u00e9gance dans les int\u00e9rieurs et les espaces publics. AIKO est aussi disponible avec une base pivotante qui fait ressortir les lignes \u00e9pur\u00e9es et la simplicit\u00e9 de son [&hellip;]<\/p>\n","protected":false},"featured_media":84466,"comment_status":"closed","ping_status":"closed","template":"","meta":{"_acf_changed":false},"product_brand":[48284],"product_cat":[6240],"product_tag":[],"class_list":{"0":"post-19671","1":"product","2":"type-product","3":"status-publish","4":"has-post-thumbnail","6":"product_brand-aiko","7":"product_cat-fauteuils-lounge","8":"pa_covers-nettoyage-les-housses-ayant-le-symbole-p-peuvent-etre-nettoyees-a-sec-des-housses-supplementaires-peuvent-etre-commandees-si-vous-souhaitez-une-nouvelle-couleur-ou-un-autre-tissu","10":"first","11":"instock","12":"shipping-taxable","13":"purchasable","14":"product-type-variable"},"acf":[],"_links":{"self":[{"href":"https:\/\/softlinefurniture.com\/fr\/wp-json\/wp\/v2\/product\/19671","targetHints":{"allow":["GET"]}}],"collection":[{"href":"https:\/\/softlinefurniture.com\/fr\/wp-json\/wp\/v2\/product"}],"about":[{"href":"https:\/\/softlinefurniture.com\/fr\/wp-json\/wp\/v2\/types\/product"}],"replies":[{"embeddable":true,"href":"https:\/\/softlinefurniture.com\/fr\/wp-json\/wp\/v2\/comments?post=19671"}],"version-history":[{"count":0,"href":"https:\/\/softlinefurniture.com\/fr\/wp-json\/wp\/v2\/product\/19671\/revisions"}],"wp:featuredmedia":[{"embeddable":true,"href":"https:\/\/softlinefurniture.com\/fr\/wp-json\/wp\/v2\/media\/84466"}],"wp:attachment":[{"href":"https:\/\/softlinefurniture.com\/fr\/wp-json\/wp\/v2\/media?parent=19671"}],"wp:term":[{"taxonomy":"product_brand","embeddable":true,"href":"https:\/\/softlinefurniture.com\/fr\/wp-json\/wp\/v2\/product_brand?post=19671"},{"taxonomy":"product_cat","embeddable":true,"href":"https:\/\/softlinefurniture.com\/fr\/wp-json\/wp\/v2\/product_cat?post=19671"},{"taxonomy":"product_tag","embeddable":true,"href":"https:\/\/softlinefurniture.com\/fr\/wp-json\/wp\/v2\/product_tag?post=19671"}],"curies":[{"name":"wp","href":"https:\/\/api.w.org\/{rel}","templated":true}]}}