{"id":19700,"date":"2020-06-08T06:11:10","date_gmt":"2020-06-08T04:11:10","guid":{"rendered":"https:\/\/softlinefurniture.com\/product\/cape-element-accoudir-gauche\/"},"modified":"2026-03-11T12:59:13","modified_gmt":"2026-03-11T11:59:13","slug":"cape-chaise-longue-gauche","status":"publish","type":"product","link":"https:\/\/softlinefurniture.com\/fr\/produit\/cape-chaise-longue-gauche\/","title":{"rendered":"CAPE Chaise Longue Gauche"},"content":{"rendered":"<p><strong>Un si\u00e8ge chic<\/strong><br \/>\nL\u2019aspect minimaliste et sophistiqu\u00e9 du canap\u00e9 modulaire CAPE ajoute une touche moderne \u00e0 n\u2019importe quel espace, et gr\u00e2ce \u00e0 un grand choix de modules \u00e0 choisir, vous pouvez le concevoir pour l\u2019adapter parfaitement \u00e0 votre pi\u00e8ce. Le dossier et l\u2019accoudoir de chaque \u00e9l\u00e9ment sont d\u2019un seul tenant, et s\u2019enroulent autour du grand coussin. Les coutures l\u00e9g\u00e8rement saillantes qui descendent le long de l\u2019accoudoir ajoutent une touche confortable et \u00e9l\u00e9gante.<\/p>\n","protected":false},"excerpt":{"rendered":"<p>Un si\u00e8ge chic L\u2019aspect minimaliste et sophistiqu\u00e9 du canap\u00e9 modulaire CAPE ajoute une touche moderne \u00e0 n\u2019importe quel espace, et gr\u00e2ce \u00e0 un grand choix de modules \u00e0 choisir, vous pouvez le concevoir pour l\u2019adapter parfaitement \u00e0 votre pi\u00e8ce. Le dossier et l\u2019accoudoir de chaque \u00e9l\u00e9ment sont d\u2019un seul tenant, et s\u2019enroulent autour du grand [&hellip;]<\/p>\n","protected":false},"featured_media":81074,"comment_status":"closed","ping_status":"closed","template":"","meta":{"_acf_changed":false},"product_brand":[48355],"product_cat":[6268],"product_tag":[],"class_list":{"0":"post-19700","1":"product","2":"type-product","3":"status-publish","4":"has-post-thumbnail","6":"product_brand-cape","7":"product_cat-element-de-canape","8":"pa_covers-removable-covers-cleaning-covers-can-be-dry-cleaned-as-they-have-been-given-the-symbol-p-extra-covers-can-be-purchased-if-you-need-a-new-colour-or-fabric-fr","10":"first","11":"instock","12":"shipping-taxable","13":"purchasable","14":"product-type-variable"},"acf":[],"_links":{"self":[{"href":"https:\/\/softlinefurniture.com\/fr\/wp-json\/wp\/v2\/product\/19700","targetHints":{"allow":["GET"]}}],"collection":[{"href":"https:\/\/softlinefurniture.com\/fr\/wp-json\/wp\/v2\/product"}],"about":[{"href":"https:\/\/softlinefurniture.com\/fr\/wp-json\/wp\/v2\/types\/product"}],"replies":[{"embeddable":true,"href":"https:\/\/softlinefurniture.com\/fr\/wp-json\/wp\/v2\/comments?post=19700"}],"version-history":[{"count":0,"href":"https:\/\/softlinefurniture.com\/fr\/wp-json\/wp\/v2\/product\/19700\/revisions"}],"wp:featuredmedia":[{"embeddable":true,"href":"https:\/\/softlinefurniture.com\/fr\/wp-json\/wp\/v2\/media\/81074"}],"wp:attachment":[{"href":"https:\/\/softlinefurniture.com\/fr\/wp-json\/wp\/v2\/media?parent=19700"}],"wp:term":[{"taxonomy":"product_brand","embeddable":true,"href":"https:\/\/softlinefurniture.com\/fr\/wp-json\/wp\/v2\/product_brand?post=19700"},{"taxonomy":"product_cat","embeddable":true,"href":"https:\/\/softlinefurniture.com\/fr\/wp-json\/wp\/v2\/product_cat?post=19700"},{"taxonomy":"product_tag","embeddable":true,"href":"https:\/\/softlinefurniture.com\/fr\/wp-json\/wp\/v2\/product_tag?post=19700"}],"curies":[{"name":"wp","href":"https:\/\/api.w.org\/{rel}","templated":true}]}}