{"id":19740,"date":"2020-07-02T23:46:56","date_gmt":"2020-07-02T21:46:56","guid":{"rendered":"https:\/\/softlinefurniture.com\/product\/tom-table\/"},"modified":"2025-07-08T00:45:08","modified_gmt":"2025-07-07T22:45:08","slug":"tom-table","status":"publish","type":"product","link":"https:\/\/softlinefurniture.com\/fr\/produit\/tom-table\/","title":{"rendered":"TOM Table"},"content":{"rendered":"<p><strong>Pouf et table combin\u00e9s<\/strong><br \/>\nTOM est un pouf unique qui se glisse sous une \u00e9l\u00e9gante table basse: fonction et le style sont r\u00e9unis dans ce nouveau concept innovant. Si vous avez besoin d&#8217;un si\u00e8ge suppl\u00e9mentaire, vous pouvez simplement retirer le pouf. Sinon, le pouf se place sous la table et cr\u00e9e un espace de rangement suppl\u00e9mentaire pour les magazines, les t\u00e9l\u00e9phones portables, les t\u00e9l\u00e9commandes et autres petits objets. La forme douce est inspir\u00e9e des tambours antiques d&#8217;Asie et ajoute une touche modern \u00e0 la pi\u00e8ce.<\/p>\n","protected":false},"excerpt":{"rendered":"<p>Pouf et table combin\u00e9s TOM est un pouf unique qui se glisse sous une \u00e9l\u00e9gante table basse: fonction et le style sont r\u00e9unis dans ce nouveau concept innovant. Si vous avez besoin d&#8217;un si\u00e8ge suppl\u00e9mentaire, vous pouvez simplement retirer le pouf. Sinon, le pouf se place sous la table et cr\u00e9e un espace de rangement [&hellip;]<\/p>\n","protected":false},"featured_media":43063,"comment_status":"closed","ping_status":"closed","template":"","meta":{"_acf_changed":false},"product_brand":[48719],"product_cat":[6244,6271],"product_tag":[],"class_list":{"0":"post-19740","1":"product","2":"type-product","3":"status-publish","4":"has-post-thumbnail","6":"product_brand-tom","7":"product_cat-poufs-repose-pied","8":"product_cat-tables-fr","10":"first","11":"instock","12":"shipping-taxable","13":"purchasable","14":"product-type-variable"},"acf":[],"_links":{"self":[{"href":"https:\/\/softlinefurniture.com\/fr\/wp-json\/wp\/v2\/product\/19740","targetHints":{"allow":["GET"]}}],"collection":[{"href":"https:\/\/softlinefurniture.com\/fr\/wp-json\/wp\/v2\/product"}],"about":[{"href":"https:\/\/softlinefurniture.com\/fr\/wp-json\/wp\/v2\/types\/product"}],"replies":[{"embeddable":true,"href":"https:\/\/softlinefurniture.com\/fr\/wp-json\/wp\/v2\/comments?post=19740"}],"version-history":[{"count":0,"href":"https:\/\/softlinefurniture.com\/fr\/wp-json\/wp\/v2\/product\/19740\/revisions"}],"wp:featuredmedia":[{"embeddable":true,"href":"https:\/\/softlinefurniture.com\/fr\/wp-json\/wp\/v2\/media\/43063"}],"wp:attachment":[{"href":"https:\/\/softlinefurniture.com\/fr\/wp-json\/wp\/v2\/media?parent=19740"}],"wp:term":[{"taxonomy":"product_brand","embeddable":true,"href":"https:\/\/softlinefurniture.com\/fr\/wp-json\/wp\/v2\/product_brand?post=19740"},{"taxonomy":"product_cat","embeddable":true,"href":"https:\/\/softlinefurniture.com\/fr\/wp-json\/wp\/v2\/product_cat?post=19740"},{"taxonomy":"product_tag","embeddable":true,"href":"https:\/\/softlinefurniture.com\/fr\/wp-json\/wp\/v2\/product_tag?post=19740"}],"curies":[{"name":"wp","href":"https:\/\/api.w.org\/{rel}","templated":true}]}}