{"id":19766,"date":"2020-07-02T07:52:50","date_gmt":"2020-07-02T05:52:50","guid":{"rendered":"https:\/\/softlinefurniture.com\/product\/conga-plateau\/"},"modified":"2026-03-11T13:49:37","modified_gmt":"2026-03-11T12:49:37","slug":"conga-plateau","status":"publish","type":"product","link":"https:\/\/softlinefurniture.com\/fr\/produit\/conga-plateau\/","title":{"rendered":"CONGA Plateau"},"content":{"rendered":"<p><strong>S&#8217;amuser<\/strong><br \/>\nUn pouf avec un plateau est indispensable dans toute maison. Inspir\u00e9 des tambours conga africains, ce pouf CONGA polyvalent vous permet de d\u00e9cider comment l&#8217;utiliser. Avec le plateau en bois, il peut \u00eatre une table basse suppl\u00e9mentaire dans le salon aujourd&#8217;hui. Et sans le plateau, il peut servir de si\u00e8ge suppl\u00e9mentaire pour vos invit\u00e9s de demain. CONGA est disponible en diff\u00e9rentes tailles et hauteurs pour correspondre \u00e0 votre d\u00e9coration int\u00e9rieure.<\/p>\n<p>Vainqueur du Green Good Design Award 2022<\/p>\n","protected":false},"excerpt":{"rendered":"<p>S&#8217;amuser Un pouf avec un plateau est indispensable dans toute maison. Inspir\u00e9 des tambours conga africains, ce pouf CONGA polyvalent vous permet de d\u00e9cider comment l&#8217;utiliser. Avec le plateau en bois, il peut \u00eatre une table basse suppl\u00e9mentaire dans le salon aujourd&#8217;hui. Et sans le plateau, il peut servir de si\u00e8ge suppl\u00e9mentaire pour vos invit\u00e9s [&hellip;]<\/p>\n","protected":false},"featured_media":18252,"comment_status":"closed","ping_status":"closed","template":"","meta":{"_acf_changed":false},"product_brand":[48387],"product_cat":[6271],"product_tag":[],"class_list":{"0":"post-19766","1":"product","2":"type-product","3":"status-publish","4":"has-post-thumbnail","6":"product_brand-conga","7":"product_cat-tables-fr","9":"first","10":"instock","11":"shipping-taxable","12":"purchasable","13":"product-type-variable"},"acf":[],"_links":{"self":[{"href":"https:\/\/softlinefurniture.com\/fr\/wp-json\/wp\/v2\/product\/19766","targetHints":{"allow":["GET"]}}],"collection":[{"href":"https:\/\/softlinefurniture.com\/fr\/wp-json\/wp\/v2\/product"}],"about":[{"href":"https:\/\/softlinefurniture.com\/fr\/wp-json\/wp\/v2\/types\/product"}],"replies":[{"embeddable":true,"href":"https:\/\/softlinefurniture.com\/fr\/wp-json\/wp\/v2\/comments?post=19766"}],"version-history":[{"count":0,"href":"https:\/\/softlinefurniture.com\/fr\/wp-json\/wp\/v2\/product\/19766\/revisions"}],"wp:featuredmedia":[{"embeddable":true,"href":"https:\/\/softlinefurniture.com\/fr\/wp-json\/wp\/v2\/media\/18252"}],"wp:attachment":[{"href":"https:\/\/softlinefurniture.com\/fr\/wp-json\/wp\/v2\/media?parent=19766"}],"wp:term":[{"taxonomy":"product_brand","embeddable":true,"href":"https:\/\/softlinefurniture.com\/fr\/wp-json\/wp\/v2\/product_brand?post=19766"},{"taxonomy":"product_cat","embeddable":true,"href":"https:\/\/softlinefurniture.com\/fr\/wp-json\/wp\/v2\/product_cat?post=19766"},{"taxonomy":"product_tag","embeddable":true,"href":"https:\/\/softlinefurniture.com\/fr\/wp-json\/wp\/v2\/product_tag?post=19766"}],"curies":[{"name":"wp","href":"https:\/\/api.w.org\/{rel}","templated":true}]}}