{"id":19772,"date":"2020-06-08T21:07:39","date_gmt":"2020-06-08T19:07:39","guid":{"rendered":"https:\/\/softlinefurniture.com\/product\/soft-square-pouf\/"},"modified":"2026-03-12T08:38:33","modified_gmt":"2026-03-12T07:38:33","slug":"soft-square-pouf","status":"publish","type":"product","link":"https:\/\/softlinefurniture.com\/fr\/produit\/soft-square-pouf\/","title":{"rendered":"SOFT SQUARE Pouf"},"content":{"rendered":"<p>Ce pouf carr\u00e9 traditionnel s\u2019est donn\u00e9 une nouvelle vie avec son design intemporel adouci par des coins arrondis et des coutures d\u00e9cal\u00e9es. Softsquare est un nouveau pouf tr\u00e8s polyvalent, con\u00e7u pour s\u2019inscrire dans tous les d\u00e9cors imaginables. Le populaire pouf est d\u00e9sormais livr\u00e9 en option avec un accessoire: un plateau sur mesure. Ce plateau peut coiffer le dessus du pouf et en devient un complement naturel avec ses coins arrondis et ses sculptures suivant les coutures du tissu. Le plateau peut \u00eatre utilis\u00e9 s\u00e9par\u00e9ment comme un objet utile et pratique dans l&#8217;espace de vie.<\/p>\n","protected":false},"excerpt":{"rendered":"<p>Ce pouf carr\u00e9 traditionnel s\u2019est donn\u00e9 une nouvelle vie avec son design intemporel adouci par des coins arrondis et des coutures d\u00e9cal\u00e9es. Softsquare est un nouveau pouf tr\u00e8s polyvalent, con\u00e7u pour s\u2019inscrire dans tous les d\u00e9cors imaginables. Le populaire pouf est d\u00e9sormais livr\u00e9 en option avec un accessoire: un plateau sur mesure. Ce plateau peut [&hellip;]<\/p>\n","protected":false},"featured_media":95808,"comment_status":"closed","ping_status":"closed","template":"","meta":{"_acf_changed":false},"product_brand":[48699],"product_cat":[6244],"product_tag":[],"class_list":{"0":"post-19772","1":"product","2":"type-product","3":"status-publish","4":"has-post-thumbnail","6":"product_brand-soft-square","7":"product_cat-poufs-repose-pied","8":"pa_covers-nettoyage-les-housses-ayant-le-symbole-p-peuvent-etre-nettoyees-a-sec-des-housses-supplementaires-peuvent-etre-commandees-si-vous-souhaitez-une-nouvelle-couleur-ou-un-autre-tissu","10":"first","11":"instock","12":"shipping-taxable","13":"purchasable","14":"product-type-variable"},"acf":[],"_links":{"self":[{"href":"https:\/\/softlinefurniture.com\/fr\/wp-json\/wp\/v2\/product\/19772","targetHints":{"allow":["GET"]}}],"collection":[{"href":"https:\/\/softlinefurniture.com\/fr\/wp-json\/wp\/v2\/product"}],"about":[{"href":"https:\/\/softlinefurniture.com\/fr\/wp-json\/wp\/v2\/types\/product"}],"replies":[{"embeddable":true,"href":"https:\/\/softlinefurniture.com\/fr\/wp-json\/wp\/v2\/comments?post=19772"}],"version-history":[{"count":0,"href":"https:\/\/softlinefurniture.com\/fr\/wp-json\/wp\/v2\/product\/19772\/revisions"}],"wp:featuredmedia":[{"embeddable":true,"href":"https:\/\/softlinefurniture.com\/fr\/wp-json\/wp\/v2\/media\/95808"}],"wp:attachment":[{"href":"https:\/\/softlinefurniture.com\/fr\/wp-json\/wp\/v2\/media?parent=19772"}],"wp:term":[{"taxonomy":"product_brand","embeddable":true,"href":"https:\/\/softlinefurniture.com\/fr\/wp-json\/wp\/v2\/product_brand?post=19772"},{"taxonomy":"product_cat","embeddable":true,"href":"https:\/\/softlinefurniture.com\/fr\/wp-json\/wp\/v2\/product_cat?post=19772"},{"taxonomy":"product_tag","embeddable":true,"href":"https:\/\/softlinefurniture.com\/fr\/wp-json\/wp\/v2\/product_tag?post=19772"}],"curies":[{"name":"wp","href":"https:\/\/api.w.org\/{rel}","templated":true}]}}