{"id":19829,"date":"2020-06-22T23:45:11","date_gmt":"2020-06-22T21:45:11","guid":{"rendered":"https:\/\/softlinefurniture.com\/product\/opera-element-dangle\/"},"modified":"2026-03-11T14:34:57","modified_gmt":"2026-03-11T13:34:57","slug":"opera-element-dangle","status":"publish","type":"product","link":"https:\/\/softlinefurniture.com\/fr\/produit\/opera-element-dangle\/","title":{"rendered":"OPERA El\u00e9ment D\u00b4Angle"},"content":{"rendered":"<p><strong>Composez votre salon<\/strong><br \/>\nOPERA est un syst\u00e8me de canap\u00e9 modulaire aux dimensions tr\u00e8s compactes, parfait m\u00eame dans les petits espaces. Les lignes \u00e9pur\u00e9es et la s\u00e9paration distincte entre l&#8217;assise et le dossier permettent de cr\u00e9er une grande vari\u00e9t\u00e9 de combinaisons de tissus et de couleurs, vous donnant la libert\u00e9 de choisir un look qui convient \u00e0 votre personnalit\u00e9, votre budget et votre espace.<\/p>\n","protected":false},"excerpt":{"rendered":"<p>Composez votre salon OPERA est un syst\u00e8me de canap\u00e9 modulaire aux dimensions tr\u00e8s compactes, parfait m\u00eame dans les petits espaces. Les lignes \u00e9pur\u00e9es et la s\u00e9paration distincte entre l&#8217;assise et le dossier permettent de cr\u00e9er une grande vari\u00e9t\u00e9 de combinaisons de tissus et de couleurs, vous donnant la libert\u00e9 de choisir un look qui convient [&hellip;]<\/p>\n","protected":false},"featured_media":45039,"comment_status":"closed","ping_status":"closed","template":"","meta":{"_acf_changed":false},"product_brand":[48619],"product_cat":[6266,6268],"product_tag":[],"class_list":{"0":"post-19829","1":"product","2":"type-product","3":"status-publish","4":"has-post-thumbnail","6":"product_brand-opera-modular-sofa","7":"product_cat-canapes","8":"product_cat-element-de-canape","9":"pa_covers-nettoyage-les-housses-ayant-le-symbole-p-peuvent-etre-nettoyees-a-sec-des-housses-supplementaires-peuvent-etre-commandees-si-vous-souhaitez-une-nouvelle-couleur-ou-un-autre-tissu","11":"first","12":"instock","13":"shipping-taxable","14":"purchasable","15":"product-type-variable"},"acf":[],"_links":{"self":[{"href":"https:\/\/softlinefurniture.com\/fr\/wp-json\/wp\/v2\/product\/19829","targetHints":{"allow":["GET"]}}],"collection":[{"href":"https:\/\/softlinefurniture.com\/fr\/wp-json\/wp\/v2\/product"}],"about":[{"href":"https:\/\/softlinefurniture.com\/fr\/wp-json\/wp\/v2\/types\/product"}],"replies":[{"embeddable":true,"href":"https:\/\/softlinefurniture.com\/fr\/wp-json\/wp\/v2\/comments?post=19829"}],"version-history":[{"count":0,"href":"https:\/\/softlinefurniture.com\/fr\/wp-json\/wp\/v2\/product\/19829\/revisions"}],"wp:featuredmedia":[{"embeddable":true,"href":"https:\/\/softlinefurniture.com\/fr\/wp-json\/wp\/v2\/media\/45039"}],"wp:attachment":[{"href":"https:\/\/softlinefurniture.com\/fr\/wp-json\/wp\/v2\/media?parent=19829"}],"wp:term":[{"taxonomy":"product_brand","embeddable":true,"href":"https:\/\/softlinefurniture.com\/fr\/wp-json\/wp\/v2\/product_brand?post=19829"},{"taxonomy":"product_cat","embeddable":true,"href":"https:\/\/softlinefurniture.com\/fr\/wp-json\/wp\/v2\/product_cat?post=19829"},{"taxonomy":"product_tag","embeddable":true,"href":"https:\/\/softlinefurniture.com\/fr\/wp-json\/wp\/v2\/product_tag?post=19829"}],"curies":[{"name":"wp","href":"https:\/\/api.w.org\/{rel}","templated":true}]}}