{"id":19857,"date":"2020-06-23T04:34:53","date_gmt":"2020-06-23T02:34:53","guid":{"rendered":"https:\/\/softlinefurniture.com\/product\/opera-fauteuil-dossier-haut\/"},"modified":"2026-03-11T14:35:47","modified_gmt":"2026-03-11T13:35:47","slug":"opera-fauteuil-haut","status":"publish","type":"product","link":"https:\/\/softlinefurniture.com\/fr\/produit\/opera-fauteuil-haut\/","title":{"rendered":"OPERA Fauteuil Haut"},"content":{"rendered":"<p><strong>Une symphonie de possibilit\u00e9s<\/strong><br \/>\nLe canap\u00e9 et le fauteuil OPERA sont con\u00e7us pour r\u00e9pondre \u00e0 nos besoins de communication, d&#8217;interaction et d&#8217;intimit\u00e9. Choisissez un dossier haut ou bas en fonction de l&#8217;ambiance que vous souhaitez cr\u00e9er. Une combinaison de canap\u00e9s et de chaises cr\u00e9e un look frais et contemporain. Les lignes simples et la s\u00e9paration franche de l\u2019assise et du dossier permettent de cr\u00e9er des combinaisons de couleurs et de tissus personnalis\u00e9es, donnant \u00e0 l&#8217;utilisateur la libert\u00e9 de choisir sa configuration<\/p>\n","protected":false},"excerpt":{"rendered":"<p>Une symphonie de possibilit\u00e9s Le canap\u00e9 et le fauteuil OPERA sont con\u00e7us pour r\u00e9pondre \u00e0 nos besoins de communication, d&#8217;interaction et d&#8217;intimit\u00e9. Choisissez un dossier haut ou bas en fonction de l&#8217;ambiance que vous souhaitez cr\u00e9er. Une combinaison de canap\u00e9s et de chaises cr\u00e9e un look frais et contemporain. Les lignes simples et la s\u00e9paration [&hellip;]<\/p>\n","protected":false},"featured_media":44979,"comment_status":"closed","ping_status":"closed","template":"","meta":{"_acf_changed":false},"product_brand":[48615],"product_cat":[6238,6240,47817],"product_tag":[],"class_list":{"0":"post-19857","1":"product","2":"type-product","3":"status-publish","4":"has-post-thumbnail","6":"product_brand-opera","7":"product_cat-fauteuils","8":"product_cat-fauteuils-lounge","9":"product_cat-workspace","10":"pa_covers-nettoyage-les-housses-ayant-le-symbole-p-peuvent-etre-nettoyees-a-sec-des-housses-supplementaires-peuvent-etre-commandees-si-vous-souhaitez-une-nouvelle-couleur-ou-un-autre-tissu","12":"first","13":"instock","14":"shipping-taxable","15":"purchasable","16":"product-type-variable"},"acf":[],"_links":{"self":[{"href":"https:\/\/softlinefurniture.com\/fr\/wp-json\/wp\/v2\/product\/19857","targetHints":{"allow":["GET"]}}],"collection":[{"href":"https:\/\/softlinefurniture.com\/fr\/wp-json\/wp\/v2\/product"}],"about":[{"href":"https:\/\/softlinefurniture.com\/fr\/wp-json\/wp\/v2\/types\/product"}],"replies":[{"embeddable":true,"href":"https:\/\/softlinefurniture.com\/fr\/wp-json\/wp\/v2\/comments?post=19857"}],"version-history":[{"count":0,"href":"https:\/\/softlinefurniture.com\/fr\/wp-json\/wp\/v2\/product\/19857\/revisions"}],"wp:featuredmedia":[{"embeddable":true,"href":"https:\/\/softlinefurniture.com\/fr\/wp-json\/wp\/v2\/media\/44979"}],"wp:attachment":[{"href":"https:\/\/softlinefurniture.com\/fr\/wp-json\/wp\/v2\/media?parent=19857"}],"wp:term":[{"taxonomy":"product_brand","embeddable":true,"href":"https:\/\/softlinefurniture.com\/fr\/wp-json\/wp\/v2\/product_brand?post=19857"},{"taxonomy":"product_cat","embeddable":true,"href":"https:\/\/softlinefurniture.com\/fr\/wp-json\/wp\/v2\/product_cat?post=19857"},{"taxonomy":"product_tag","embeddable":true,"href":"https:\/\/softlinefurniture.com\/fr\/wp-json\/wp\/v2\/product_tag?post=19857"}],"curies":[{"name":"wp","href":"https:\/\/api.w.org\/{rel}","templated":true}]}}