{"id":19864,"date":"2020-06-19T20:57:35","date_gmt":"2020-06-19T18:57:35","guid":{"rendered":"https:\/\/softlinefurniture.com\/product\/hello-fauteuil\/"},"modified":"2026-03-11T14:08:12","modified_gmt":"2026-03-11T13:08:12","slug":"hello-fauteuil","status":"publish","type":"product","link":"https:\/\/softlinefurniture.com\/fr\/produit\/hello-fauteuil\/","title":{"rendered":"HELLO Fauteuil"},"content":{"rendered":"<p><strong>Charme et caract\u00e8re irr\u00e9sistibles<\/strong><\/p>\n<p>La Radio Nationale Danoise a demand\u00e9 aux designers busk+hertzog de concevoir un fauteuil sp\u00e9cialement pour Kylie Minogue afin de lui offrir en cadeau Flemming Busk, l\u2019un des deux designers, a dit, \u00e0 propos de ce fauteuil: &#8220;Son nom est HELLO et son design est rond, ouvert et souriant, un peu comme une bouche qui inviterait les gens \u00e0 se rapprocher.<\/p>\n","protected":false},"excerpt":{"rendered":"<p>Charme et caract\u00e8re irr\u00e9sistibles La Radio Nationale Danoise a demand\u00e9 aux designers busk+hertzog de concevoir un fauteuil sp\u00e9cialement pour Kylie Minogue afin de lui offrir en cadeau Flemming Busk, l\u2019un des deux designers, a dit, \u00e0 propos de ce fauteuil: &#8220;Son nom est HELLO et son design est rond, ouvert et souriant, un peu comme [&hellip;]<\/p>\n","protected":false},"featured_media":42558,"comment_status":"closed","ping_status":"closed","template":"","meta":{"_acf_changed":false},"product_brand":[48471],"product_cat":[6238,6240,47950],"product_tag":[],"class_list":{"0":"post-19864","1":"product","2":"type-product","3":"status-publish","4":"has-post-thumbnail","6":"product_brand-hello","7":"product_cat-fauteuils","8":"product_cat-fauteuils-lounge","9":"product_cat-fauteuils-pivontants","10":"pa_covers-nettoyage-les-housses-ayant-le-symbole-p-peuvent-etre-nettoyees-a-sec-des-housses-supplementaires-peuvent-etre-commandees-si-vous-souhaitez-une-nouvelle-couleur-ou-un-autre-tissu","12":"first","13":"instock","14":"shipping-taxable","15":"purchasable","16":"product-type-variable"},"acf":[],"_links":{"self":[{"href":"https:\/\/softlinefurniture.com\/fr\/wp-json\/wp\/v2\/product\/19864","targetHints":{"allow":["GET"]}}],"collection":[{"href":"https:\/\/softlinefurniture.com\/fr\/wp-json\/wp\/v2\/product"}],"about":[{"href":"https:\/\/softlinefurniture.com\/fr\/wp-json\/wp\/v2\/types\/product"}],"replies":[{"embeddable":true,"href":"https:\/\/softlinefurniture.com\/fr\/wp-json\/wp\/v2\/comments?post=19864"}],"version-history":[{"count":0,"href":"https:\/\/softlinefurniture.com\/fr\/wp-json\/wp\/v2\/product\/19864\/revisions"}],"wp:featuredmedia":[{"embeddable":true,"href":"https:\/\/softlinefurniture.com\/fr\/wp-json\/wp\/v2\/media\/42558"}],"wp:attachment":[{"href":"https:\/\/softlinefurniture.com\/fr\/wp-json\/wp\/v2\/media?parent=19864"}],"wp:term":[{"taxonomy":"product_brand","embeddable":true,"href":"https:\/\/softlinefurniture.com\/fr\/wp-json\/wp\/v2\/product_brand?post=19864"},{"taxonomy":"product_cat","embeddable":true,"href":"https:\/\/softlinefurniture.com\/fr\/wp-json\/wp\/v2\/product_cat?post=19864"},{"taxonomy":"product_tag","embeddable":true,"href":"https:\/\/softlinefurniture.com\/fr\/wp-json\/wp\/v2\/product_tag?post=19864"}],"curies":[{"name":"wp","href":"https:\/\/api.w.org\/{rel}","templated":true}]}}