{"id":20028,"date":"2020-07-08T02:18:25","date_gmt":"2020-07-08T00:18:25","guid":{"rendered":"https:\/\/softlinefurniture.com\/product\/nola-canape\/"},"modified":"2026-03-11T14:27:48","modified_gmt":"2026-03-11T13:27:48","slug":"nola-canape","status":"publish","type":"product","link":"https:\/\/softlinefurniture.com\/fr\/produit\/nola-canape\/","title":{"rendered":"NOLA Canap\u00e9"},"content":{"rendered":"<p><strong>Confortable et d\u00e9contract\u00e9<\/strong><br \/>\nNOLA est une famille de mobilier de salon comprenant un fauteuil et un canap\u00e9, parfaits pour les espaces priv\u00e9s ou publics. Cet ensemble a \u00e9t\u00e9 cr\u00e9\u00e9 pour le confort, la simplicit\u00e9 et la l\u00e9g\u00e8ret\u00e9, mis en valeur par la structure en m\u00e9tal et les lignes douces et simples de ses formes. Il a \u00e9t\u00e9 con\u00e7u pour \u00eatre beau sous tous les angles et peut \u00eatre plac\u00e9 n\u2019importe o\u00f9 dans une pi\u00e8ce, m\u00eame de dimensions r\u00e9duites, gr\u00e2ce \u00e0 sa compacit\u00e9.<\/p>\n","protected":false},"excerpt":{"rendered":"<p>Confortable et d\u00e9contract\u00e9 NOLA est une famille de mobilier de salon comprenant un fauteuil et un canap\u00e9, parfaits pour les espaces priv\u00e9s ou publics. Cet ensemble a \u00e9t\u00e9 cr\u00e9\u00e9 pour le confort, la simplicit\u00e9 et la l\u00e9g\u00e8ret\u00e9, mis en valeur par la structure en m\u00e9tal et les lignes douces et simples de ses formes. Il [&hellip;]<\/p>\n","protected":false},"featured_media":19977,"comment_status":"closed","ping_status":"closed","template":"","meta":{"_acf_changed":false},"product_brand":[48587],"product_cat":[6266],"product_tag":[34678],"class_list":{"0":"post-20028","1":"product","2":"type-product","3":"status-publish","4":"has-post-thumbnail","6":"product_brand-nola","7":"product_cat-canapes","8":"product_tag-sofa-fr","9":"pa_covers-removable-covers-cleaning-covers-can-be-dry-cleaned-as-they-have-been-given-the-symbol-p-extra-covers-can-be-purchased-if-you-need-a-new-colour-or-fabric-fr","11":"first","12":"instock","13":"shipping-taxable","14":"purchasable","15":"product-type-variable"},"acf":[],"_links":{"self":[{"href":"https:\/\/softlinefurniture.com\/fr\/wp-json\/wp\/v2\/product\/20028","targetHints":{"allow":["GET"]}}],"collection":[{"href":"https:\/\/softlinefurniture.com\/fr\/wp-json\/wp\/v2\/product"}],"about":[{"href":"https:\/\/softlinefurniture.com\/fr\/wp-json\/wp\/v2\/types\/product"}],"replies":[{"embeddable":true,"href":"https:\/\/softlinefurniture.com\/fr\/wp-json\/wp\/v2\/comments?post=20028"}],"version-history":[{"count":0,"href":"https:\/\/softlinefurniture.com\/fr\/wp-json\/wp\/v2\/product\/20028\/revisions"}],"wp:featuredmedia":[{"embeddable":true,"href":"https:\/\/softlinefurniture.com\/fr\/wp-json\/wp\/v2\/media\/19977"}],"wp:attachment":[{"href":"https:\/\/softlinefurniture.com\/fr\/wp-json\/wp\/v2\/media?parent=20028"}],"wp:term":[{"taxonomy":"product_brand","embeddable":true,"href":"https:\/\/softlinefurniture.com\/fr\/wp-json\/wp\/v2\/product_brand?post=20028"},{"taxonomy":"product_cat","embeddable":true,"href":"https:\/\/softlinefurniture.com\/fr\/wp-json\/wp\/v2\/product_cat?post=20028"},{"taxonomy":"product_tag","embeddable":true,"href":"https:\/\/softlinefurniture.com\/fr\/wp-json\/wp\/v2\/product_tag?post=20028"}],"curies":[{"name":"wp","href":"https:\/\/api.w.org\/{rel}","templated":true}]}}