{"id":20048,"date":"2020-06-22T20:44:10","date_gmt":"2020-06-22T18:44:10","guid":{"rendered":"https:\/\/softlinefurniture.com\/product\/elle-element-dangle-gauche\/"},"modified":"2026-03-11T13:59:00","modified_gmt":"2026-03-11T12:59:00","slug":"elle-element-dangle-gauche","status":"publish","type":"product","link":"https:\/\/softlinefurniture.com\/fr\/produit\/elle-element-dangle-gauche\/","title":{"rendered":"ELLE El\u00e9ment D\u00b4Angle Gauche"},"content":{"rendered":"<p><strong>Flexible et feminin<\/strong><br \/>\nELLE est un canap\u00e9 composable \u00e0 l\u2019aspect doux et f\u00e9minin. Sa forme est ronde, organique et avenante, et l&#8217;arrondi du dossier et des accoudoirs le rend tr\u00e8s confortable. Ce canap\u00e9 se compose de deux modules d\u2019angle (droite \/ gauche) et d\u2019un module central, ce qui permet de disposer \u00e0 volont\u00e9 d\u2019un petit canap\u00e9 ou d\u2019un grand salon d\u2019angle. Comme il est peu profond, il s\u2019adapte aussi aux petits espaces. En option, vous pouvez ajouter des poches de rangements au dos du dossier afin d\u2019y loger magazines, tablettes, t\u00e9l\u00e9commandes, etc.<\/p>\n","protected":false},"excerpt":{"rendered":"<p>Flexible et feminin ELLE est un canap\u00e9 composable \u00e0 l\u2019aspect doux et f\u00e9minin. Sa forme est ronde, organique et avenante, et l&#8217;arrondi du dossier et des accoudoirs le rend tr\u00e8s confortable. Ce canap\u00e9 se compose de deux modules d\u2019angle (droite \/ gauche) et d\u2019un module central, ce qui permet de disposer \u00e0 volont\u00e9 d\u2019un petit [&hellip;]<\/p>\n","protected":false},"featured_media":80620,"comment_status":"closed","ping_status":"closed","template":"","meta":{"_acf_changed":false},"product_brand":[48419],"product_cat":[6266,6268],"product_tag":[],"class_list":{"0":"post-20048","1":"product","2":"type-product","3":"status-publish","4":"has-post-thumbnail","6":"product_brand-elle","7":"product_cat-canapes","8":"product_cat-element-de-canape","9":"pa_covers-nettoyage-les-housses-ayant-le-symbole-p-peuvent-etre-nettoyees-a-sec-des-housses-supplementaires-peuvent-etre-commandees-si-vous-souhaitez-une-nouvelle-couleur-ou-un-autre-tissu","11":"first","12":"instock","13":"shipping-taxable","14":"purchasable","15":"product-type-variable"},"acf":[],"_links":{"self":[{"href":"https:\/\/softlinefurniture.com\/fr\/wp-json\/wp\/v2\/product\/20048","targetHints":{"allow":["GET"]}}],"collection":[{"href":"https:\/\/softlinefurniture.com\/fr\/wp-json\/wp\/v2\/product"}],"about":[{"href":"https:\/\/softlinefurniture.com\/fr\/wp-json\/wp\/v2\/types\/product"}],"replies":[{"embeddable":true,"href":"https:\/\/softlinefurniture.com\/fr\/wp-json\/wp\/v2\/comments?post=20048"}],"version-history":[{"count":0,"href":"https:\/\/softlinefurniture.com\/fr\/wp-json\/wp\/v2\/product\/20048\/revisions"}],"wp:featuredmedia":[{"embeddable":true,"href":"https:\/\/softlinefurniture.com\/fr\/wp-json\/wp\/v2\/media\/80620"}],"wp:attachment":[{"href":"https:\/\/softlinefurniture.com\/fr\/wp-json\/wp\/v2\/media?parent=20048"}],"wp:term":[{"taxonomy":"product_brand","embeddable":true,"href":"https:\/\/softlinefurniture.com\/fr\/wp-json\/wp\/v2\/product_brand?post=20048"},{"taxonomy":"product_cat","embeddable":true,"href":"https:\/\/softlinefurniture.com\/fr\/wp-json\/wp\/v2\/product_cat?post=20048"},{"taxonomy":"product_tag","embeddable":true,"href":"https:\/\/softlinefurniture.com\/fr\/wp-json\/wp\/v2\/product_tag?post=20048"}],"curies":[{"name":"wp","href":"https:\/\/api.w.org\/{rel}","templated":true}]}}