{"id":20065,"date":"2020-06-08T18:53:24","date_gmt":"2020-06-08T16:53:24","guid":{"rendered":"https:\/\/softlinefurniture.com\/product\/fold-fauteuil\/"},"modified":"2025-08-19T01:58:50","modified_gmt":"2025-08-18T23:58:50","slug":"fold-fauteuil","status":"publish","type":"product","link":"https:\/\/softlinefurniture.com\/fr\/produit\/fold-fauteuil\/","title":{"rendered":"FOLD Fauteuil"},"content":{"rendered":"<p><strong>Origami d\u00e9pli\u00e9<\/strong><br \/>\nLe concept de ce fauteuil s\u2019inspire du papier pli\u00e9 que les enfants fabriquent pour s\u2019adresser des messages cach\u00e9s. Cette id\u00e9e a abouti \u00e0 la cr\u00e9ation d\u2019un fauteuil embl\u00e9matique et vraiment \u00e9tonnant. Spacieux gr\u00e2ce \u00e0 sa sellerie coup\u00e9e aux formes g\u00e9om\u00e9triques, il s\u2019appuie avec \u00e9l\u00e9gance sur quatre pieds ind\u00e9pendants. D\u2019o\u00f9 l\u2019impression ressentie d\u2019un fauteuil \u00e0 \u00abl\u2019aspect\u00bb l\u00e9ger et souple malgr\u00e9 son rembourrage g\u00e9n\u00e9reux qui peut \u00eatre utilis\u00e9 aussi bien \u00e0 la maison et que dans les espaces publics.<\/p>\n<p>Vainqueur du German Design Award 2018<br \/>\nVainqueur du Good Design Award 2016<\/p>\n","protected":false},"excerpt":{"rendered":"<p>Origami d\u00e9pli\u00e9 Le concept de ce fauteuil s\u2019inspire du papier pli\u00e9 que les enfants fabriquent pour s\u2019adresser des messages cach\u00e9s. Cette id\u00e9e a abouti \u00e0 la cr\u00e9ation d\u2019un fauteuil embl\u00e9matique et vraiment \u00e9tonnant. Spacieux gr\u00e2ce \u00e0 sa sellerie coup\u00e9e aux formes g\u00e9om\u00e9triques, il s\u2019appuie avec \u00e9l\u00e9gance sur quatre pieds ind\u00e9pendants. D\u2019o\u00f9 l\u2019impression ressentie d\u2019un fauteuil [&hellip;]<\/p>\n","protected":false},"featured_media":89392,"comment_status":"closed","ping_status":"closed","template":"","meta":{"_acf_changed":false},"product_brand":[48435],"product_cat":[6240,6270],"product_tag":[],"class_list":{"0":"post-20065","1":"product","2":"type-product","3":"status-publish","4":"has-post-thumbnail","6":"product_brand-fold","7":"product_cat-fauteuils-lounge","8":"product_cat-modes","9":"pa_covers-nettoyage-les-housses-ayant-le-symbole-p-peuvent-etre-nettoyees-a-sec-des-housses-supplementaires-peuvent-etre-commandees-si-vous-souhaitez-une-nouvelle-couleur-ou-un-autre-tissu","11":"first","12":"instock","13":"shipping-taxable","14":"purchasable","15":"product-type-variable"},"acf":[],"_links":{"self":[{"href":"https:\/\/softlinefurniture.com\/fr\/wp-json\/wp\/v2\/product\/20065","targetHints":{"allow":["GET"]}}],"collection":[{"href":"https:\/\/softlinefurniture.com\/fr\/wp-json\/wp\/v2\/product"}],"about":[{"href":"https:\/\/softlinefurniture.com\/fr\/wp-json\/wp\/v2\/types\/product"}],"replies":[{"embeddable":true,"href":"https:\/\/softlinefurniture.com\/fr\/wp-json\/wp\/v2\/comments?post=20065"}],"version-history":[{"count":0,"href":"https:\/\/softlinefurniture.com\/fr\/wp-json\/wp\/v2\/product\/20065\/revisions"}],"wp:featuredmedia":[{"embeddable":true,"href":"https:\/\/softlinefurniture.com\/fr\/wp-json\/wp\/v2\/media\/89392"}],"wp:attachment":[{"href":"https:\/\/softlinefurniture.com\/fr\/wp-json\/wp\/v2\/media?parent=20065"}],"wp:term":[{"taxonomy":"product_brand","embeddable":true,"href":"https:\/\/softlinefurniture.com\/fr\/wp-json\/wp\/v2\/product_brand?post=20065"},{"taxonomy":"product_cat","embeddable":true,"href":"https:\/\/softlinefurniture.com\/fr\/wp-json\/wp\/v2\/product_cat?post=20065"},{"taxonomy":"product_tag","embeddable":true,"href":"https:\/\/softlinefurniture.com\/fr\/wp-json\/wp\/v2\/product_tag?post=20065"}],"curies":[{"name":"wp","href":"https:\/\/api.w.org\/{rel}","templated":true}]}}