{"id":20316,"date":"2020-05-17T04:32:31","date_gmt":"2020-05-17T02:32:31","guid":{"rendered":"https:\/\/softlinefurniture.com\/product\/basket-pouf\/"},"modified":"2026-03-11T12:52:49","modified_gmt":"2026-03-11T11:52:49","slug":"basket-pouf","status":"publish","type":"product","link":"https:\/\/softlinefurniture.com\/fr\/produit\/basket-pouf\/","title":{"rendered":"BASKET Pouf"},"content":{"rendered":"<p><strong>Une intimit\u00e9 pr\u00e9serv\u00e9e.<\/strong><br \/>\nInspir\u00e9 par les paniers de plage fonctionnels, BASKET est con\u00e7u comme un syst\u00e8me modulaire int\u00e9gr\u00e9 avec un dossier disponible en deux hauteurs, vous permettant de configurer votre salon selon votre go\u00fbt. En version canap\u00e9, BASKET est le cadre id\u00e9al pour un moment intime et confortable, seul ou avec des amis, la famille ou des coll\u00e8gues. En version fauteuil, BASKET est livr\u00e9 avec une base pivotante ou fixe, au choix. Les poufs BASKET peuvent \u00eatre utilis\u00e9s comme repose-pied ou comme table basse.<\/p>\n","protected":false},"excerpt":{"rendered":"<p>Une intimit\u00e9 pr\u00e9serv\u00e9e. Inspir\u00e9 par les paniers de plage fonctionnels, BASKET est con\u00e7u comme un syst\u00e8me modulaire int\u00e9gr\u00e9 avec un dossier disponible en deux hauteurs, vous permettant de configurer votre salon selon votre go\u00fbt. En version canap\u00e9, BASKET est le cadre id\u00e9al pour un moment intime et confortable, seul ou avec des amis, la famille [&hellip;]<\/p>\n","protected":false},"featured_media":89552,"comment_status":"closed","ping_status":"closed","template":"","meta":{"_acf_changed":false},"product_brand":[48308],"product_cat":[6244],"product_tag":[],"class_list":{"0":"post-20316","1":"product","2":"type-product","3":"status-publish","4":"has-post-thumbnail","6":"product_brand-basket","7":"product_cat-poufs-repose-pied","8":"pa_covers-removable-covers-cleaning-covers-can-be-dry-cleaned-as-they-have-been-given-the-symbol-p-extra-covers-can-be-purchased-if-you-need-a-new-colour-or-fabric-fr","10":"first","11":"instock","12":"shipping-taxable","13":"purchasable","14":"product-type-variable"},"acf":[],"_links":{"self":[{"href":"https:\/\/softlinefurniture.com\/fr\/wp-json\/wp\/v2\/product\/20316","targetHints":{"allow":["GET"]}}],"collection":[{"href":"https:\/\/softlinefurniture.com\/fr\/wp-json\/wp\/v2\/product"}],"about":[{"href":"https:\/\/softlinefurniture.com\/fr\/wp-json\/wp\/v2\/types\/product"}],"replies":[{"embeddable":true,"href":"https:\/\/softlinefurniture.com\/fr\/wp-json\/wp\/v2\/comments?post=20316"}],"version-history":[{"count":0,"href":"https:\/\/softlinefurniture.com\/fr\/wp-json\/wp\/v2\/product\/20316\/revisions"}],"wp:featuredmedia":[{"embeddable":true,"href":"https:\/\/softlinefurniture.com\/fr\/wp-json\/wp\/v2\/media\/89552"}],"wp:attachment":[{"href":"https:\/\/softlinefurniture.com\/fr\/wp-json\/wp\/v2\/media?parent=20316"}],"wp:term":[{"taxonomy":"product_brand","embeddable":true,"href":"https:\/\/softlinefurniture.com\/fr\/wp-json\/wp\/v2\/product_brand?post=20316"},{"taxonomy":"product_cat","embeddable":true,"href":"https:\/\/softlinefurniture.com\/fr\/wp-json\/wp\/v2\/product_cat?post=20316"},{"taxonomy":"product_tag","embeddable":true,"href":"https:\/\/softlinefurniture.com\/fr\/wp-json\/wp\/v2\/product_tag?post=20316"}],"curies":[{"name":"wp","href":"https:\/\/api.w.org\/{rel}","templated":true}]}}