{"id":20728,"date":"2020-06-08T02:07:06","date_gmt":"2020-06-08T00:07:06","guid":{"rendered":"https:\/\/softlinefurniture.com\/product\/java-fauteuil\/"},"modified":"2026-03-11T14:11:21","modified_gmt":"2026-03-11T13:11:21","slug":"java-fauteuil","status":"publish","type":"product","link":"https:\/\/softlinefurniture.com\/fr\/produit\/java-fauteuil\/","title":{"rendered":"JAVA Fauteuil"},"content":{"rendered":"<p><strong>Temps de r\u00e9flexion<\/strong><br \/>\nL\u2019assise et le dossier de JAVA sont le reflet l\u2019un de l\u2019autre, doux et accueillants, malgr\u00e9 la conception rigoureuse du fauteuil. Le ch\u00e2ssis en m\u00e9tal l\u00e9ger et d\u00e9licat procure \u00e0 ce fauteuil spacieux, un \u00e9quilibre harmonieux. Il peut \u00eatre utilis\u00e9 dans les espaces priv\u00e9s comme publics. La pr\u00e9sence de surpiqures visibles sur l\u2019assise et le dossier tous deux solidaires lui conf\u00e8rent une personnalit\u00e9 appropri\u00e9e pour \u00eatre utilis\u00e9e dans une pi\u00e8ce, seule ou \u00e0 plusieurs.<\/p>\n","protected":false},"excerpt":{"rendered":"<p>Temps de r\u00e9flexion L\u2019assise et le dossier de JAVA sont le reflet l\u2019un de l\u2019autre, doux et accueillants, malgr\u00e9 la conception rigoureuse du fauteuil. Le ch\u00e2ssis en m\u00e9tal l\u00e9ger et d\u00e9licat procure \u00e0 ce fauteuil spacieux, un \u00e9quilibre harmonieux. Il peut \u00eatre utilis\u00e9 dans les espaces priv\u00e9s comme publics. La pr\u00e9sence de surpiqures visibles sur [&hellip;]<\/p>\n","protected":false},"featured_media":114728,"comment_status":"closed","ping_status":"closed","template":"","meta":{"_acf_changed":false},"product_brand":[48491],"product_cat":[6240],"product_tag":[],"class_list":{"0":"post-20728","1":"product","2":"type-product","3":"status-publish","4":"has-post-thumbnail","6":"product_brand-java","7":"product_cat-fauteuils-lounge","9":"first","10":"instock","11":"shipping-taxable","12":"purchasable","13":"product-type-variable"},"acf":[],"_links":{"self":[{"href":"https:\/\/softlinefurniture.com\/fr\/wp-json\/wp\/v2\/product\/20728","targetHints":{"allow":["GET"]}}],"collection":[{"href":"https:\/\/softlinefurniture.com\/fr\/wp-json\/wp\/v2\/product"}],"about":[{"href":"https:\/\/softlinefurniture.com\/fr\/wp-json\/wp\/v2\/types\/product"}],"replies":[{"embeddable":true,"href":"https:\/\/softlinefurniture.com\/fr\/wp-json\/wp\/v2\/comments?post=20728"}],"version-history":[{"count":0,"href":"https:\/\/softlinefurniture.com\/fr\/wp-json\/wp\/v2\/product\/20728\/revisions"}],"wp:featuredmedia":[{"embeddable":true,"href":"https:\/\/softlinefurniture.com\/fr\/wp-json\/wp\/v2\/media\/114728"}],"wp:attachment":[{"href":"https:\/\/softlinefurniture.com\/fr\/wp-json\/wp\/v2\/media?parent=20728"}],"wp:term":[{"taxonomy":"product_brand","embeddable":true,"href":"https:\/\/softlinefurniture.com\/fr\/wp-json\/wp\/v2\/product_brand?post=20728"},{"taxonomy":"product_cat","embeddable":true,"href":"https:\/\/softlinefurniture.com\/fr\/wp-json\/wp\/v2\/product_cat?post=20728"},{"taxonomy":"product_tag","embeddable":true,"href":"https:\/\/softlinefurniture.com\/fr\/wp-json\/wp\/v2\/product_tag?post=20728"}],"curies":[{"name":"wp","href":"https:\/\/api.w.org\/{rel}","templated":true}]}}