{"id":20735,"date":"2020-06-05T23:01:27","date_gmt":"2020-06-05T21:01:27","guid":{"rendered":"https:\/\/softlinefurniture.com\/product\/sense-chaise-de-repos\/"},"modified":"2026-03-12T08:34:09","modified_gmt":"2026-03-12T07:34:09","slug":"sense-chaise-de-repos","status":"publish","type":"product","link":"https:\/\/softlinefurniture.com\/fr\/produit\/sense-chaise-de-repos\/","title":{"rendered":"SENSE Chaise de repos"},"content":{"rendered":"<p><strong>Une sculpture \u00e9l\u00e9gante<\/strong><br \/>\nSENSE est une chaise longue de premi\u00e8re classe dot\u00e9e de lignes \u00e9l\u00e9gantes, modernes et minimalistes, et en m\u00eame temps confortable et relaxante. Sa structure bien desin\u00e9e est agr\u00e9able pour les yeux comme pour le corps. Les pi\u00e9tements en acier laqu\u00e9 sont blancs ou chrom\u00e9s brillant.<\/p>\n","protected":false},"excerpt":{"rendered":"<p>Une sculpture \u00e9l\u00e9gante SENSE est une chaise longue de premi\u00e8re classe dot\u00e9e de lignes \u00e9l\u00e9gantes, modernes et minimalistes, et en m\u00eame temps confortable et relaxante. Sa structure bien desin\u00e9e est agr\u00e9able pour les yeux comme pour le corps. Les pi\u00e9tements en acier laqu\u00e9 sont blancs ou chrom\u00e9s brillant.<\/p>\n","protected":false},"featured_media":45414,"comment_status":"closed","ping_status":"closed","template":"","meta":{"_acf_changed":false},"product_brand":[48671],"product_cat":[6240,6270],"product_tag":[],"class_list":{"0":"post-20735","1":"product","2":"type-product","3":"status-publish","4":"has-post-thumbnail","6":"product_brand-sense","7":"product_cat-fauteuils-lounge","8":"product_cat-modes","9":"pa_covers-nettoyage-les-housses-ayant-le-symbole-p-peuvent-etre-nettoyees-a-sec-des-housses-supplementaires-peuvent-etre-commandees-si-vous-souhaitez-une-nouvelle-couleur-ou-un-autre-tissu","11":"first","12":"instock","13":"shipping-taxable","14":"purchasable","15":"product-type-variable"},"acf":[],"_links":{"self":[{"href":"https:\/\/softlinefurniture.com\/fr\/wp-json\/wp\/v2\/product\/20735","targetHints":{"allow":["GET"]}}],"collection":[{"href":"https:\/\/softlinefurniture.com\/fr\/wp-json\/wp\/v2\/product"}],"about":[{"href":"https:\/\/softlinefurniture.com\/fr\/wp-json\/wp\/v2\/types\/product"}],"replies":[{"embeddable":true,"href":"https:\/\/softlinefurniture.com\/fr\/wp-json\/wp\/v2\/comments?post=20735"}],"version-history":[{"count":0,"href":"https:\/\/softlinefurniture.com\/fr\/wp-json\/wp\/v2\/product\/20735\/revisions"}],"wp:featuredmedia":[{"embeddable":true,"href":"https:\/\/softlinefurniture.com\/fr\/wp-json\/wp\/v2\/media\/45414"}],"wp:attachment":[{"href":"https:\/\/softlinefurniture.com\/fr\/wp-json\/wp\/v2\/media?parent=20735"}],"wp:term":[{"taxonomy":"product_brand","embeddable":true,"href":"https:\/\/softlinefurniture.com\/fr\/wp-json\/wp\/v2\/product_brand?post=20735"},{"taxonomy":"product_cat","embeddable":true,"href":"https:\/\/softlinefurniture.com\/fr\/wp-json\/wp\/v2\/product_cat?post=20735"},{"taxonomy":"product_tag","embeddable":true,"href":"https:\/\/softlinefurniture.com\/fr\/wp-json\/wp\/v2\/product_tag?post=20735"}],"curies":[{"name":"wp","href":"https:\/\/api.w.org\/{rel}","templated":true}]}}