{"id":21767,"date":"2020-06-14T21:43:44","date_gmt":"2020-06-14T19:43:44","guid":{"rendered":"https:\/\/softlinefurniture.com\/product\/passion-pouf\/"},"modified":"2025-07-08T02:13:34","modified_gmt":"2025-07-08T00:13:34","slug":"passion-pouf","status":"publish","type":"product","link":"https:\/\/softlinefurniture.com\/fr\/produit\/passion-pouf\/","title":{"rendered":"PASSION Pouf"},"content":{"rendered":"<p><strong>Modularit\u00e9 intemporelle<\/strong><br \/>\nLe concept modulaire de PASSION est intemporel et il met l&#8217;accent sur l&#8217;\u00e9l\u00e9gance et le confort. Ses pi\u00e9tements bois cr\u00e9ent une impression de l\u00e9g\u00e8ret\u00e9. PASSION se compose de trois \u00e9l\u00e9ments de base compl\u00e9mentaires vous permettant de cr\u00e9er la combinaison qui convient \u00e0 la pi\u00e8ce que vous voulez am\u00e9nager. Cette caract\u00e9ristique permet \u00e0 PASSION d\u2019allier polyvalence et style intemporel.<\/p>\n<p>&nbsp;<\/p>\n","protected":false},"excerpt":{"rendered":"<p>Modularit\u00e9 intemporelle Le concept modulaire de PASSION est intemporel et il met l&#8217;accent sur l&#8217;\u00e9l\u00e9gance et le confort. Ses pi\u00e9tements bois cr\u00e9ent une impression de l\u00e9g\u00e8ret\u00e9. PASSION se compose de trois \u00e9l\u00e9ments de base compl\u00e9mentaires vous permettant de cr\u00e9er la combinaison qui convient \u00e0 la pi\u00e8ce que vous voulez am\u00e9nager. Cette caract\u00e9ristique permet \u00e0 PASSION [&hellip;]<\/p>\n","protected":false},"featured_media":42863,"comment_status":"closed","ping_status":"closed","template":"","meta":{"_acf_changed":false},"product_brand":[48635],"product_cat":[6268,6244],"product_tag":[],"class_list":{"0":"post-21767","1":"product","2":"type-product","3":"status-publish","4":"has-post-thumbnail","6":"product_brand-passion","7":"product_cat-element-de-canape","8":"product_cat-poufs-repose-pied","9":"pa_covers-removable-covers-cleaning-covers-can-be-dry-cleaned-as-they-have-been-given-the-symbol-p-extra-covers-can-be-purchased-if-you-need-a-new-colour-or-fabric-fr","11":"first","12":"instock","13":"shipping-taxable","14":"purchasable","15":"product-type-variable"},"acf":[],"_links":{"self":[{"href":"https:\/\/softlinefurniture.com\/fr\/wp-json\/wp\/v2\/product\/21767","targetHints":{"allow":["GET"]}}],"collection":[{"href":"https:\/\/softlinefurniture.com\/fr\/wp-json\/wp\/v2\/product"}],"about":[{"href":"https:\/\/softlinefurniture.com\/fr\/wp-json\/wp\/v2\/types\/product"}],"replies":[{"embeddable":true,"href":"https:\/\/softlinefurniture.com\/fr\/wp-json\/wp\/v2\/comments?post=21767"}],"version-history":[{"count":0,"href":"https:\/\/softlinefurniture.com\/fr\/wp-json\/wp\/v2\/product\/21767\/revisions"}],"wp:featuredmedia":[{"embeddable":true,"href":"https:\/\/softlinefurniture.com\/fr\/wp-json\/wp\/v2\/media\/42863"}],"wp:attachment":[{"href":"https:\/\/softlinefurniture.com\/fr\/wp-json\/wp\/v2\/media?parent=21767"}],"wp:term":[{"taxonomy":"product_brand","embeddable":true,"href":"https:\/\/softlinefurniture.com\/fr\/wp-json\/wp\/v2\/product_brand?post=21767"},{"taxonomy":"product_cat","embeddable":true,"href":"https:\/\/softlinefurniture.com\/fr\/wp-json\/wp\/v2\/product_cat?post=21767"},{"taxonomy":"product_tag","embeddable":true,"href":"https:\/\/softlinefurniture.com\/fr\/wp-json\/wp\/v2\/product_tag?post=21767"}],"curies":[{"name":"wp","href":"https:\/\/api.w.org\/{rel}","templated":true}]}}