{"id":21802,"date":"2020-06-12T06:53:28","date_gmt":"2020-06-12T04:53:28","guid":{"rendered":"https:\/\/softlinefurniture.com\/product\/ohio-element-de-base\/"},"modified":"2026-03-11T14:30:45","modified_gmt":"2026-03-11T13:30:45","slug":"ohio-element-de-base","status":"publish","type":"product","link":"https:\/\/softlinefurniture.com\/fr\/produit\/ohio-element-de-base\/","title":{"rendered":"OHIO El\u00e9ment De Base"},"content":{"rendered":"<p><strong>Un style intemporel<\/strong><br \/>\nLe concept modulaire du composable OHIO vous permet de combiner les \u00e9l\u00e9ments individuels dans toutes sortes de formes et de variantes. Cela peut sembler minimaliste, mais les possibilit\u00e9s sont infinies. Le design SOFTLINE classique alliant fonctionnalit\u00e9, cr\u00e9ativit\u00e9 et design le rend insensible aux tendances du moment.<\/p>\n","protected":false},"excerpt":{"rendered":"<p>Un style intemporel Le concept modulaire du composable OHIO vous permet de combiner les \u00e9l\u00e9ments individuels dans toutes sortes de formes et de variantes. Cela peut sembler minimaliste, mais les possibilit\u00e9s sont infinies. Le design SOFTLINE classique alliant fonctionnalit\u00e9, cr\u00e9ativit\u00e9 et design le rend insensible aux tendances du moment.<\/p>\n","protected":false},"featured_media":14264,"comment_status":"closed","ping_status":"closed","template":"","meta":{"_acf_changed":false},"product_brand":[48611],"product_cat":[6266,6268,6238,6240],"product_tag":[],"class_list":{"0":"post-21802","1":"product","2":"type-product","3":"status-publish","4":"has-post-thumbnail","6":"product_brand-ohio","7":"product_cat-canapes","8":"product_cat-element-de-canape","9":"product_cat-fauteuils","10":"product_cat-fauteuils-lounge","11":"pa_covers-nettoyage-les-housses-ayant-le-symbole-p-peuvent-etre-nettoyees-a-sec-des-housses-supplementaires-peuvent-etre-commandees-si-vous-souhaitez-une-nouvelle-couleur-ou-un-autre-tissu","13":"first","14":"instock","15":"shipping-taxable","16":"purchasable","17":"product-type-variable"},"acf":[],"_links":{"self":[{"href":"https:\/\/softlinefurniture.com\/fr\/wp-json\/wp\/v2\/product\/21802","targetHints":{"allow":["GET"]}}],"collection":[{"href":"https:\/\/softlinefurniture.com\/fr\/wp-json\/wp\/v2\/product"}],"about":[{"href":"https:\/\/softlinefurniture.com\/fr\/wp-json\/wp\/v2\/types\/product"}],"replies":[{"embeddable":true,"href":"https:\/\/softlinefurniture.com\/fr\/wp-json\/wp\/v2\/comments?post=21802"}],"version-history":[{"count":0,"href":"https:\/\/softlinefurniture.com\/fr\/wp-json\/wp\/v2\/product\/21802\/revisions"}],"wp:featuredmedia":[{"embeddable":true,"href":"https:\/\/softlinefurniture.com\/fr\/wp-json\/wp\/v2\/media\/14264"}],"wp:attachment":[{"href":"https:\/\/softlinefurniture.com\/fr\/wp-json\/wp\/v2\/media?parent=21802"}],"wp:term":[{"taxonomy":"product_brand","embeddable":true,"href":"https:\/\/softlinefurniture.com\/fr\/wp-json\/wp\/v2\/product_brand?post=21802"},{"taxonomy":"product_cat","embeddable":true,"href":"https:\/\/softlinefurniture.com\/fr\/wp-json\/wp\/v2\/product_cat?post=21802"},{"taxonomy":"product_tag","embeddable":true,"href":"https:\/\/softlinefurniture.com\/fr\/wp-json\/wp\/v2\/product_tag?post=21802"}],"curies":[{"name":"wp","href":"https:\/\/api.w.org\/{rel}","templated":true}]}}