{"id":21863,"date":"2020-06-07T04:56:38","date_gmt":"2020-06-07T02:56:38","guid":{"rendered":"https:\/\/softlinefurniture.com\/product\/cabala-element-modulaire\/"},"modified":"2026-03-11T12:58:35","modified_gmt":"2026-03-11T11:58:35","slug":"cabala-element-modulaire","status":"publish","type":"product","link":"https:\/\/softlinefurniture.com\/fr\/produit\/cabala-element-modulaire\/","title":{"rendered":"CABALA \u00c9l\u00e9ment Modulaire"},"content":{"rendered":"<p><strong>Organisez-le \u00e0 votre fa\u00e7on<\/strong><br \/>\nCABALA est un programme de canap\u00e9s modulaires intelligents avec des possibilit\u00e9s infinies d\u2019agencement et de regroupement.<\/p>\n<p>Gr\u00e2ce \u00e0 une caract\u00e9ristique unique et simple, l\u2019orientation du si\u00e8ge peut \u00eatre modifi\u00e9e en un instant et il est possible de cr\u00e9er deux directions d\u2019assise diff\u00e9rentes \u00e0 la fois \u2013 par exemple une vers la fen\u00eatre et une vers la chemin\u00e9e, face \u00e0 la t\u00e9l\u00e9vision ou face \u00e0 l\u2019\u0153uvre d\u2019art. Il vous suffit de pousser ou de tirer doucement le dossier pour le faire basculer d\u2019un c\u00f4t\u00e9 ou de l\u2019autre. Cette fonction int\u00e9gr\u00e9e permet de s\u2019asseoir des deux c\u00f4t\u00e9s de la base en fonction de la disposition du dossier.<\/p>\n<p>Cette diversit\u00e9 rend CABALA parfait pour les h\u00f4tels, les mus\u00e9es, les salles d\u2019attente et bien s\u00fbr les salons. Ses coins arrondis lui conf\u00e8rent une touche de modernisme complet\u00e9 par des d\u00e9tails de rembourrage de haute qualit\u00e9.<\/p>\n<p>Vainqueur du Good Design Award 2018<\/p>\n","protected":false},"excerpt":{"rendered":"<p>Organisez-le \u00e0 votre fa\u00e7on CABALA est un programme de canap\u00e9s modulaires intelligents avec des possibilit\u00e9s infinies d\u2019agencement et de regroupement. Gr\u00e2ce \u00e0 une caract\u00e9ristique unique et simple, l\u2019orientation du si\u00e8ge peut \u00eatre modifi\u00e9e en un instant et il est possible de cr\u00e9er deux directions d\u2019assise diff\u00e9rentes \u00e0 la fois \u2013 par exemple une vers la [&hellip;]<\/p>\n","protected":false},"featured_media":84750,"comment_status":"closed","ping_status":"closed","template":"","meta":{"_acf_changed":false},"product_brand":[48347],"product_cat":[6268],"product_tag":[],"class_list":{"0":"post-21863","1":"product","2":"type-product","3":"status-publish","4":"has-post-thumbnail","6":"product_brand-cabala","7":"product_cat-element-de-canape","8":"pa_covers-nettoyage-les-housses-ayant-le-symbole-p-peuvent-etre-nettoyees-a-sec-des-housses-supplementaires-peuvent-etre-commandees-si-vous-souhaitez-une-nouvelle-couleur-ou-un-autre-tissu","10":"first","11":"instock","12":"shipping-taxable","13":"purchasable","14":"product-type-variable"},"acf":[],"_links":{"self":[{"href":"https:\/\/softlinefurniture.com\/fr\/wp-json\/wp\/v2\/product\/21863","targetHints":{"allow":["GET"]}}],"collection":[{"href":"https:\/\/softlinefurniture.com\/fr\/wp-json\/wp\/v2\/product"}],"about":[{"href":"https:\/\/softlinefurniture.com\/fr\/wp-json\/wp\/v2\/types\/product"}],"replies":[{"embeddable":true,"href":"https:\/\/softlinefurniture.com\/fr\/wp-json\/wp\/v2\/comments?post=21863"}],"version-history":[{"count":0,"href":"https:\/\/softlinefurniture.com\/fr\/wp-json\/wp\/v2\/product\/21863\/revisions"}],"wp:featuredmedia":[{"embeddable":true,"href":"https:\/\/softlinefurniture.com\/fr\/wp-json\/wp\/v2\/media\/84750"}],"wp:attachment":[{"href":"https:\/\/softlinefurniture.com\/fr\/wp-json\/wp\/v2\/media?parent=21863"}],"wp:term":[{"taxonomy":"product_brand","embeddable":true,"href":"https:\/\/softlinefurniture.com\/fr\/wp-json\/wp\/v2\/product_brand?post=21863"},{"taxonomy":"product_cat","embeddable":true,"href":"https:\/\/softlinefurniture.com\/fr\/wp-json\/wp\/v2\/product_cat?post=21863"},{"taxonomy":"product_tag","embeddable":true,"href":"https:\/\/softlinefurniture.com\/fr\/wp-json\/wp\/v2\/product_tag?post=21863"}],"curies":[{"name":"wp","href":"https:\/\/api.w.org\/{rel}","templated":true}]}}