{"id":21877,"date":"2020-06-13T08:07:06","date_gmt":"2020-06-13T06:07:06","guid":{"rendered":"https:\/\/softlinefurniture.com\/product\/lounge-canape\/"},"modified":"2026-03-11T14:19:20","modified_gmt":"2026-03-11T13:19:20","slug":"lounge-canape","status":"publish","type":"product","link":"https:\/\/softlinefurniture.com\/fr\/produit\/lounge-canape\/","title":{"rendered":"LOUNGE Canap\u00e9"},"content":{"rendered":"<p><strong>Minimalisme sophistiqu\u00e9<\/strong><br \/>\nUtilisez le canap\u00e9 seul ou combinez un canap\u00e9 et une chaise longue pour cr\u00e9er un grand et beau canap\u00e9 d&#8217;angle. C\u2019est un canap\u00e9 avec trois fonctions. Le dossier r\u00e9glable rend LOUNGE extr\u00eamement confortable, et le canap\u00e9 et la chaise longue sont confortables pour s&#8217;asseoir &#8211; et sont un r\u00eave pour dormir. La s\u00e9rie LOUNGE se compose \u00e9galement d&#8217;un pouf qui peut \u00eatre transform\u00e9 en lit en retournant la surface d&#8217;assise. Le confort est superbe et il est facile \u00e0 manipuler.<\/p>\n","protected":false},"excerpt":{"rendered":"<p>Minimalisme sophistiqu\u00e9 Utilisez le canap\u00e9 seul ou combinez un canap\u00e9 et une chaise longue pour cr\u00e9er un grand et beau canap\u00e9 d&#8217;angle. C\u2019est un canap\u00e9 avec trois fonctions. Le dossier r\u00e9glable rend LOUNGE extr\u00eamement confortable, et le canap\u00e9 et la chaise longue sont confortables pour s&#8217;asseoir &#8211; et sont un r\u00eave pour dormir. La s\u00e9rie [&hellip;]<\/p>\n","protected":false},"featured_media":14416,"comment_status":"closed","ping_status":"closed","template":"","meta":{"_acf_changed":false},"product_brand":[48515],"product_cat":[6269,6268],"product_tag":[6273,34678],"class_list":{"0":"post-21877","1":"product","2":"type-product","3":"status-publish","4":"has-post-thumbnail","6":"product_brand-lounge","7":"product_cat-canape-lit","8":"product_cat-element-de-canape","9":"product_tag-fonction","10":"product_tag-sofa-fr","11":"pa_covers-removable-covers-cleaning-covers-can-be-dry-cleaned-as-they-have-been-given-the-symbol-p-extra-covers-can-be-purchased-if-you-need-a-new-colour-or-fabric-fr","13":"first","14":"instock","15":"shipping-taxable","16":"purchasable","17":"product-type-variable"},"acf":[],"_links":{"self":[{"href":"https:\/\/softlinefurniture.com\/fr\/wp-json\/wp\/v2\/product\/21877","targetHints":{"allow":["GET"]}}],"collection":[{"href":"https:\/\/softlinefurniture.com\/fr\/wp-json\/wp\/v2\/product"}],"about":[{"href":"https:\/\/softlinefurniture.com\/fr\/wp-json\/wp\/v2\/types\/product"}],"replies":[{"embeddable":true,"href":"https:\/\/softlinefurniture.com\/fr\/wp-json\/wp\/v2\/comments?post=21877"}],"version-history":[{"count":0,"href":"https:\/\/softlinefurniture.com\/fr\/wp-json\/wp\/v2\/product\/21877\/revisions"}],"wp:featuredmedia":[{"embeddable":true,"href":"https:\/\/softlinefurniture.com\/fr\/wp-json\/wp\/v2\/media\/14416"}],"wp:attachment":[{"href":"https:\/\/softlinefurniture.com\/fr\/wp-json\/wp\/v2\/media?parent=21877"}],"wp:term":[{"taxonomy":"product_brand","embeddable":true,"href":"https:\/\/softlinefurniture.com\/fr\/wp-json\/wp\/v2\/product_brand?post=21877"},{"taxonomy":"product_cat","embeddable":true,"href":"https:\/\/softlinefurniture.com\/fr\/wp-json\/wp\/v2\/product_cat?post=21877"},{"taxonomy":"product_tag","embeddable":true,"href":"https:\/\/softlinefurniture.com\/fr\/wp-json\/wp\/v2\/product_tag?post=21877"}],"curies":[{"name":"wp","href":"https:\/\/api.w.org\/{rel}","templated":true}]}}