{"id":21937,"date":"2020-06-15T00:57:37","date_gmt":"2020-06-14T22:57:37","guid":{"rendered":"https:\/\/softlinefurniture.com\/product\/nevada-coussin\/"},"modified":"2026-03-11T14:26:08","modified_gmt":"2026-03-11T13:26:08","slug":"nevada-coussin","status":"publish","type":"product","link":"https:\/\/softlinefurniture.com\/fr\/produit\/nevada-coussin\/","title":{"rendered":"NEVADA Coussin"},"content":{"rendered":"<p><strong>Simplicit\u00e9 et fonctionnalit\u00e9 tout en un<\/strong><br \/>\nAsseyez-vous et d\u00e9tendez-vous, d\u00e9tendez-vous ou reposez-vous. NEVADA est un syst\u00e8me de canap\u00e9 polyvalent parfait pour les espaces priv\u00e9s et publics. Jouez avec les couleurs des \u00e9l\u00e9ments et cr\u00e9ez une combinaison qui correspond \u00e0 votre d\u00e9coration int\u00e9rieure. En tant que caract\u00e9ristique suppl\u00e9mentaire cach\u00e9e, NEVADA se transforme facilement en un lit confortable.<\/p>\n","protected":false},"excerpt":{"rendered":"<p>Simplicit\u00e9 et fonctionnalit\u00e9 tout en un Asseyez-vous et d\u00e9tendez-vous, d\u00e9tendez-vous ou reposez-vous. NEVADA est un syst\u00e8me de canap\u00e9 polyvalent parfait pour les espaces priv\u00e9s et publics. Jouez avec les couleurs des \u00e9l\u00e9ments et cr\u00e9ez une combinaison qui correspond \u00e0 votre d\u00e9coration int\u00e9rieure. En tant que caract\u00e9ristique suppl\u00e9mentaire cach\u00e9e, NEVADA se transforme facilement en un lit [&hellip;]<\/p>\n","protected":false},"featured_media":81020,"comment_status":"closed","ping_status":"closed","template":"","meta":{"_acf_changed":false},"product_brand":[48579],"product_cat":[6236],"product_tag":[],"class_list":{"0":"post-21937","1":"product","2":"type-product","3":"status-publish","4":"has-post-thumbnail","6":"product_brand-nevada","7":"product_cat-coussins","8":"pa_covers-removable-covers-cleaning-covers-can-be-dry-cleaned-as-they-have-been-given-the-symbol-p-extra-covers-can-be-purchased-if-you-need-a-new-colour-or-fabric-fr","10":"first","11":"instock","12":"shipping-taxable","13":"purchasable","14":"product-type-variable"},"acf":[],"_links":{"self":[{"href":"https:\/\/softlinefurniture.com\/fr\/wp-json\/wp\/v2\/product\/21937","targetHints":{"allow":["GET"]}}],"collection":[{"href":"https:\/\/softlinefurniture.com\/fr\/wp-json\/wp\/v2\/product"}],"about":[{"href":"https:\/\/softlinefurniture.com\/fr\/wp-json\/wp\/v2\/types\/product"}],"replies":[{"embeddable":true,"href":"https:\/\/softlinefurniture.com\/fr\/wp-json\/wp\/v2\/comments?post=21937"}],"version-history":[{"count":0,"href":"https:\/\/softlinefurniture.com\/fr\/wp-json\/wp\/v2\/product\/21937\/revisions"}],"wp:featuredmedia":[{"embeddable":true,"href":"https:\/\/softlinefurniture.com\/fr\/wp-json\/wp\/v2\/media\/81020"}],"wp:attachment":[{"href":"https:\/\/softlinefurniture.com\/fr\/wp-json\/wp\/v2\/media?parent=21937"}],"wp:term":[{"taxonomy":"product_brand","embeddable":true,"href":"https:\/\/softlinefurniture.com\/fr\/wp-json\/wp\/v2\/product_brand?post=21937"},{"taxonomy":"product_cat","embeddable":true,"href":"https:\/\/softlinefurniture.com\/fr\/wp-json\/wp\/v2\/product_cat?post=21937"},{"taxonomy":"product_tag","embeddable":true,"href":"https:\/\/softlinefurniture.com\/fr\/wp-json\/wp\/v2\/product_tag?post=21937"}],"curies":[{"name":"wp","href":"https:\/\/api.w.org\/{rel}","templated":true}]}}