{"id":21959,"date":"2020-06-14T22:49:46","date_gmt":"2020-06-14T20:49:46","guid":{"rendered":"https:\/\/softlinefurniture.com\/product\/nevada-3-p\/"},"modified":"2026-03-11T14:25:19","modified_gmt":"2026-03-11T13:25:19","slug":"nevada-3-p","status":"publish","type":"product","link":"https:\/\/softlinefurniture.com\/fr\/produit\/nevada-3-p\/","title":{"rendered":"NEVADA 3-P"},"content":{"rendered":"<p><strong>Tout simplement \u00e9l\u00e9gant<\/strong><br \/>\nNEVADA 3-P est un canap\u00e9 confortable et adaptable qui se transforme facilement en lit double. Le design est simple et \u00e9l\u00e9gant et l\u2018encombrement est parfait si vous disposez d\u2019un espace limit\u00e9. Vous pouvez \u00e9galement le combiner avec d&#8217;autres modules de la gamme NEVADA et concevoir votre propre composition de salon.<\/p>\n","protected":false},"excerpt":{"rendered":"<p>Tout simplement \u00e9l\u00e9gant NEVADA 3-P est un canap\u00e9 confortable et adaptable qui se transforme facilement en lit double. Le design est simple et \u00e9l\u00e9gant et l\u2018encombrement est parfait si vous disposez d\u2019un espace limit\u00e9. Vous pouvez \u00e9galement le combiner avec d&#8217;autres modules de la gamme NEVADA et concevoir votre propre composition de salon.<\/p>\n","protected":false},"featured_media":97433,"comment_status":"closed","ping_status":"closed","template":"","meta":{"_acf_changed":false},"product_brand":[48579],"product_cat":[6269,6270],"product_tag":[6273,34678],"class_list":{"0":"post-21959","1":"product","2":"type-product","3":"status-publish","4":"has-post-thumbnail","6":"product_brand-nevada","7":"product_cat-canape-lit","8":"product_cat-modes","9":"product_tag-fonction","10":"product_tag-sofa-fr","11":"pa_covers-cleaning-covers-can-be-dry-cleaned-as-they-have-been-given-the-symbol-p-extra-covers-can-be-purchased-if-you-need-a-new-colour-or-fabric","13":"first","14":"instock","15":"shipping-taxable","16":"purchasable","17":"product-type-variable"},"acf":[],"_links":{"self":[{"href":"https:\/\/softlinefurniture.com\/fr\/wp-json\/wp\/v2\/product\/21959","targetHints":{"allow":["GET"]}}],"collection":[{"href":"https:\/\/softlinefurniture.com\/fr\/wp-json\/wp\/v2\/product"}],"about":[{"href":"https:\/\/softlinefurniture.com\/fr\/wp-json\/wp\/v2\/types\/product"}],"replies":[{"embeddable":true,"href":"https:\/\/softlinefurniture.com\/fr\/wp-json\/wp\/v2\/comments?post=21959"}],"version-history":[{"count":0,"href":"https:\/\/softlinefurniture.com\/fr\/wp-json\/wp\/v2\/product\/21959\/revisions"}],"wp:featuredmedia":[{"embeddable":true,"href":"https:\/\/softlinefurniture.com\/fr\/wp-json\/wp\/v2\/media\/97433"}],"wp:attachment":[{"href":"https:\/\/softlinefurniture.com\/fr\/wp-json\/wp\/v2\/media?parent=21959"}],"wp:term":[{"taxonomy":"product_brand","embeddable":true,"href":"https:\/\/softlinefurniture.com\/fr\/wp-json\/wp\/v2\/product_brand?post=21959"},{"taxonomy":"product_cat","embeddable":true,"href":"https:\/\/softlinefurniture.com\/fr\/wp-json\/wp\/v2\/product_cat?post=21959"},{"taxonomy":"product_tag","embeddable":true,"href":"https:\/\/softlinefurniture.com\/fr\/wp-json\/wp\/v2\/product_tag?post=21959"}],"curies":[{"name":"wp","href":"https:\/\/api.w.org\/{rel}","templated":true}]}}