{"id":21974,"date":"2020-05-24T04:47:07","date_gmt":"2020-05-24T02:47:07","guid":{"rendered":"https:\/\/softlinefurniture.com\/product\/moai-fauteuil\/"},"modified":"2026-03-11T14:24:14","modified_gmt":"2026-03-11T13:24:14","slug":"moai-fauteuil","status":"publish","type":"product","link":"https:\/\/softlinefurniture.com\/fr\/produit\/moai-fauteuil\/","title":{"rendered":"MOAI Fauteuil"},"content":{"rendered":"<p><strong>D\u00e9tendez-vous et laissez-vous emporter<br \/>\n<\/strong>La grande coque du fauteuil\u00a0MOAI\u00a0s\u2019inspire des formes douces des briques et des pierres qui roulent d\u2019avant en arri\u00e8re sur la plage. Il est con\u00e7u pour se refermer confortablement autour de vous lorsque vous vous y asseyez. Une petite pi\u00e8ce tranquille sur quatre pieds qui vous permet de profiter d\u2019un moment de paix rien qu\u2019\u00e0 vous, cr\u00e9\u00e9e pour pr\u00e9server l\u2019intimit\u00e9 avec une acoustique optimale.<\/p>\n<p>Les encoches distinctives autour de l\u2019accoudoir ajoutent de la personnalit\u00e9 et servent de support confortable lorsque vous vous levez. Vu de c\u00f4t\u00e9, le fauteuil\u00a0MOAI\u00a0poss\u00e8de une expression unique et l\u00e9g\u00e8rement na\u00efve qui rappelle les immenses sculptures de visages de l\u2019\u00eele de P\u00e2ques.<\/p>\n<p>Laur\u00e9at du\u00a0Good Design Award 2017<br \/>\nLaur\u00e9at du\u00a0German Design Award 2018<\/p>\n<p>&nbsp;<\/p>\n","protected":false},"excerpt":{"rendered":"<p>&nbsp;<\/p>\n<p>&nbsp;<\/p>\n","protected":false},"featured_media":42678,"comment_status":"closed","ping_status":"closed","template":"","meta":{"_acf_changed":false},"product_brand":[48563],"product_cat":[6238,6240,47817],"product_tag":[],"class_list":{"0":"post-21974","1":"product","2":"type-product","3":"status-publish","4":"has-post-thumbnail","6":"product_brand-moai","7":"product_cat-fauteuils","8":"product_cat-fauteuils-lounge","9":"product_cat-workspace","10":"pa_covers-nettoyage-les-housses-ayant-le-symbole-p-peuvent-etre-nettoyees-a-sec-des-housses-supplementaires-peuvent-etre-commandees-si-vous-souhaitez-une-nouvelle-couleur-ou-un-autre-tissu","12":"first","13":"instock","14":"shipping-taxable","15":"purchasable","16":"product-type-variable"},"acf":[],"_links":{"self":[{"href":"https:\/\/softlinefurniture.com\/fr\/wp-json\/wp\/v2\/product\/21974","targetHints":{"allow":["GET"]}}],"collection":[{"href":"https:\/\/softlinefurniture.com\/fr\/wp-json\/wp\/v2\/product"}],"about":[{"href":"https:\/\/softlinefurniture.com\/fr\/wp-json\/wp\/v2\/types\/product"}],"replies":[{"embeddable":true,"href":"https:\/\/softlinefurniture.com\/fr\/wp-json\/wp\/v2\/comments?post=21974"}],"version-history":[{"count":0,"href":"https:\/\/softlinefurniture.com\/fr\/wp-json\/wp\/v2\/product\/21974\/revisions"}],"wp:featuredmedia":[{"embeddable":true,"href":"https:\/\/softlinefurniture.com\/fr\/wp-json\/wp\/v2\/media\/42678"}],"wp:attachment":[{"href":"https:\/\/softlinefurniture.com\/fr\/wp-json\/wp\/v2\/media?parent=21974"}],"wp:term":[{"taxonomy":"product_brand","embeddable":true,"href":"https:\/\/softlinefurniture.com\/fr\/wp-json\/wp\/v2\/product_brand?post=21974"},{"taxonomy":"product_cat","embeddable":true,"href":"https:\/\/softlinefurniture.com\/fr\/wp-json\/wp\/v2\/product_cat?post=21974"},{"taxonomy":"product_tag","embeddable":true,"href":"https:\/\/softlinefurniture.com\/fr\/wp-json\/wp\/v2\/product_tag?post=21974"}],"curies":[{"name":"wp","href":"https:\/\/api.w.org\/{rel}","templated":true}]}}