{"id":21993,"date":"2020-06-15T01:42:27","date_gmt":"2020-06-14T23:42:27","guid":{"rendered":"https:\/\/softlinefurniture.com\/product\/noa-chaise-longue\/"},"modified":"2025-07-08T02:06:34","modified_gmt":"2025-07-08T00:06:34","slug":"noa-chaise-longue","status":"publish","type":"product","link":"https:\/\/softlinefurniture.com\/fr\/produit\/noa-chaise-longue\/","title":{"rendered":"NOA Chaise Longue"},"content":{"rendered":"<p><strong>Un composable simplement moderne<\/strong><br \/>\nAvec sa construction modulaire simple, NOA convient \u00e0 de nombreux environnements de salon. Il diff\u00e8re des syst\u00e8mes de modules classiques par ses d\u00e9tails attrayants et ses formes simples. NOA peut \u00eatre adapt\u00e9 \u00e0 votre go\u00fbt personnel avec une gamme de tissus \u00e0 la fois classiques et modernes.<\/p>\n","protected":false},"excerpt":{"rendered":"<p>Un composable simplement moderne Avec sa construction modulaire simple, NOA convient \u00e0 de nombreux environnements de salon. Il diff\u00e8re des syst\u00e8mes de modules classiques par ses d\u00e9tails attrayants et ses formes simples. NOA peut \u00eatre adapt\u00e9 \u00e0 votre go\u00fbt personnel avec une gamme de tissus \u00e0 la fois classiques et modernes.<\/p>\n","protected":false},"featured_media":42728,"comment_status":"closed","ping_status":"closed","template":"","meta":{"_acf_changed":false},"product_brand":[48583],"product_cat":[6268],"product_tag":[],"class_list":{"0":"post-21993","1":"product","2":"type-product","3":"status-publish","4":"has-post-thumbnail","6":"product_brand-noa","7":"product_cat-element-de-canape","8":"pa_covers-nettoyage-les-housses-ayant-le-symbole-p-peuvent-etre-nettoyees-a-sec-des-housses-supplementaires-peuvent-etre-commandees-si-vous-souhaitez-une-nouvelle-couleur-ou-un-autre-tissu","10":"first","11":"instock","12":"shipping-taxable","13":"purchasable","14":"product-type-variable"},"acf":[],"_links":{"self":[{"href":"https:\/\/softlinefurniture.com\/fr\/wp-json\/wp\/v2\/product\/21993","targetHints":{"allow":["GET"]}}],"collection":[{"href":"https:\/\/softlinefurniture.com\/fr\/wp-json\/wp\/v2\/product"}],"about":[{"href":"https:\/\/softlinefurniture.com\/fr\/wp-json\/wp\/v2\/types\/product"}],"replies":[{"embeddable":true,"href":"https:\/\/softlinefurniture.com\/fr\/wp-json\/wp\/v2\/comments?post=21993"}],"version-history":[{"count":0,"href":"https:\/\/softlinefurniture.com\/fr\/wp-json\/wp\/v2\/product\/21993\/revisions"}],"wp:featuredmedia":[{"embeddable":true,"href":"https:\/\/softlinefurniture.com\/fr\/wp-json\/wp\/v2\/media\/42728"}],"wp:attachment":[{"href":"https:\/\/softlinefurniture.com\/fr\/wp-json\/wp\/v2\/media?parent=21993"}],"wp:term":[{"taxonomy":"product_brand","embeddable":true,"href":"https:\/\/softlinefurniture.com\/fr\/wp-json\/wp\/v2\/product_brand?post=21993"},{"taxonomy":"product_cat","embeddable":true,"href":"https:\/\/softlinefurniture.com\/fr\/wp-json\/wp\/v2\/product_cat?post=21993"},{"taxonomy":"product_tag","embeddable":true,"href":"https:\/\/softlinefurniture.com\/fr\/wp-json\/wp\/v2\/product_tag?post=21993"}],"curies":[{"name":"wp","href":"https:\/\/api.w.org\/{rel}","templated":true}]}}