{"id":22012,"date":"2020-06-07T08:32:02","date_gmt":"2020-06-07T06:32:02","guid":{"rendered":"https:\/\/softlinefurniture.com\/product\/planet-pouf\/"},"modified":"2025-07-08T10:32:02","modified_gmt":"2025-07-08T08:32:02","slug":"planet-pouf","status":"publish","type":"product","link":"https:\/\/softlinefurniture.com\/fr\/produit\/planet-pouf\/","title":{"rendered":"PLANET Pouf"},"content":{"rendered":"<p><strong>Cr\u00e9ez votre univers<\/strong><br \/>\nLe composable PLANET b\u00e9n\u00e9ficie d\u2019un design tr\u00e8s simple, apaisant et confortable. La conception du pi\u00e9tement chrom\u00e9 donne \u00e0 l\u2019ensemble une impression de l\u00e9g\u00e8ret\u00e9. PLANET se compose de trois \u00e9l\u00e9ments \u2013 angle, simple et pouf &#8211; permettant de nombreuses combinaisons qui se fondent facilement dans votre d\u00e9cor sans le dominer.<\/p>\n","protected":false},"excerpt":{"rendered":"<p>Cr\u00e9ez votre univers Le composable PLANET b\u00e9n\u00e9ficie d\u2019un design tr\u00e8s simple, apaisant et confortable. La conception du pi\u00e9tement chrom\u00e9 donne \u00e0 l\u2019ensemble une impression de l\u00e9g\u00e8ret\u00e9. PLANET se compose de trois \u00e9l\u00e9ments \u2013 angle, simple et pouf &#8211; permettant de nombreuses combinaisons qui se fondent facilement dans votre d\u00e9cor sans le dominer.<\/p>\n","protected":false},"featured_media":45174,"comment_status":"closed","ping_status":"closed","template":"","meta":{"_acf_changed":false},"product_brand":[48647],"product_cat":[6244],"product_tag":[],"class_list":{"0":"post-22012","1":"product","2":"type-product","3":"status-publish","4":"has-post-thumbnail","6":"product_brand-planet","7":"product_cat-poufs-repose-pied","8":"pa_covers-nettoyage-les-housses-ayant-le-symbole-p-peuvent-etre-nettoyees-a-sec-des-housses-supplementaires-peuvent-etre-commandees-si-vous-souhaitez-une-nouvelle-couleur-ou-un-autre-tissu","10":"first","11":"instock","12":"shipping-taxable","13":"purchasable","14":"product-type-variable"},"acf":[],"_links":{"self":[{"href":"https:\/\/softlinefurniture.com\/fr\/wp-json\/wp\/v2\/product\/22012","targetHints":{"allow":["GET"]}}],"collection":[{"href":"https:\/\/softlinefurniture.com\/fr\/wp-json\/wp\/v2\/product"}],"about":[{"href":"https:\/\/softlinefurniture.com\/fr\/wp-json\/wp\/v2\/types\/product"}],"replies":[{"embeddable":true,"href":"https:\/\/softlinefurniture.com\/fr\/wp-json\/wp\/v2\/comments?post=22012"}],"version-history":[{"count":0,"href":"https:\/\/softlinefurniture.com\/fr\/wp-json\/wp\/v2\/product\/22012\/revisions"}],"wp:featuredmedia":[{"embeddable":true,"href":"https:\/\/softlinefurniture.com\/fr\/wp-json\/wp\/v2\/media\/45174"}],"wp:attachment":[{"href":"https:\/\/softlinefurniture.com\/fr\/wp-json\/wp\/v2\/media?parent=22012"}],"wp:term":[{"taxonomy":"product_brand","embeddable":true,"href":"https:\/\/softlinefurniture.com\/fr\/wp-json\/wp\/v2\/product_brand?post=22012"},{"taxonomy":"product_cat","embeddable":true,"href":"https:\/\/softlinefurniture.com\/fr\/wp-json\/wp\/v2\/product_cat?post=22012"},{"taxonomy":"product_tag","embeddable":true,"href":"https:\/\/softlinefurniture.com\/fr\/wp-json\/wp\/v2\/product_tag?post=22012"}],"curies":[{"name":"wp","href":"https:\/\/api.w.org\/{rel}","templated":true}]}}