{"id":22052,"date":"2020-06-07T21:11:16","date_gmt":"2020-06-07T19:11:16","guid":{"rendered":"https:\/\/softlinefurniture.com\/product\/orlando-swivel-fauteuil\/"},"modified":"2026-03-11T14:40:31","modified_gmt":"2026-03-11T13:40:31","slug":"orlando-swivel-fauteuil","status":"publish","type":"product","link":"https:\/\/softlinefurniture.com\/fr\/produit\/orlando-swivel-fauteuil\/","title":{"rendered":"ORLANDO Swivel Fauteuil"},"content":{"rendered":"<p><strong>L\u00e9ger et simple<\/strong><br \/>\nMinimaliste et comfortable, ORLANDO est un fauteuil pivotant moderne dans un design simple, joyeux et positif qui convient \u00e0 n&#8217;importe quell espace public ou priv\u00e9. Choisissez parmi les nombreuses couleurs et trouvez-en une qui correspond \u00e0 votre d\u00e9coration int\u00e9rieure.<\/p>\n","protected":false},"excerpt":{"rendered":"<p>L\u00e9ger et simple Minimaliste et comfortable, ORLANDO est un fauteuil pivotant moderne dans un design simple, joyeux et positif qui convient \u00e0 n&#8217;importe quell espace public ou priv\u00e9. Choisissez parmi les nombreuses couleurs et trouvez-en une qui correspond \u00e0 votre d\u00e9coration int\u00e9rieure.<\/p>\n","protected":false},"featured_media":42843,"comment_status":"closed","ping_status":"closed","template":"","meta":{"_acf_changed":false},"product_brand":[48627],"product_cat":[6240,47950,6270],"product_tag":[],"class_list":{"0":"post-22052","1":"product","2":"type-product","3":"status-publish","4":"has-post-thumbnail","6":"product_brand-orlando-swivel-chair","7":"product_cat-fauteuils-lounge","8":"product_cat-fauteuils-pivontants","9":"product_cat-modes","10":"pa_covers-nettoyage-les-housses-ayant-le-symbole-p-peuvent-etre-nettoyees-a-sec-des-housses-supplementaires-peuvent-etre-commandees-si-vous-souhaitez-une-nouvelle-couleur-ou-un-autre-tissu","12":"first","13":"instock","14":"shipping-taxable","15":"purchasable","16":"product-type-variable"},"acf":[],"_links":{"self":[{"href":"https:\/\/softlinefurniture.com\/fr\/wp-json\/wp\/v2\/product\/22052","targetHints":{"allow":["GET"]}}],"collection":[{"href":"https:\/\/softlinefurniture.com\/fr\/wp-json\/wp\/v2\/product"}],"about":[{"href":"https:\/\/softlinefurniture.com\/fr\/wp-json\/wp\/v2\/types\/product"}],"replies":[{"embeddable":true,"href":"https:\/\/softlinefurniture.com\/fr\/wp-json\/wp\/v2\/comments?post=22052"}],"version-history":[{"count":0,"href":"https:\/\/softlinefurniture.com\/fr\/wp-json\/wp\/v2\/product\/22052\/revisions"}],"wp:featuredmedia":[{"embeddable":true,"href":"https:\/\/softlinefurniture.com\/fr\/wp-json\/wp\/v2\/media\/42843"}],"wp:attachment":[{"href":"https:\/\/softlinefurniture.com\/fr\/wp-json\/wp\/v2\/media?parent=22052"}],"wp:term":[{"taxonomy":"product_brand","embeddable":true,"href":"https:\/\/softlinefurniture.com\/fr\/wp-json\/wp\/v2\/product_brand?post=22052"},{"taxonomy":"product_cat","embeddable":true,"href":"https:\/\/softlinefurniture.com\/fr\/wp-json\/wp\/v2\/product_cat?post=22052"},{"taxonomy":"product_tag","embeddable":true,"href":"https:\/\/softlinefurniture.com\/fr\/wp-json\/wp\/v2\/product_tag?post=22052"}],"curies":[{"name":"wp","href":"https:\/\/api.w.org\/{rel}","templated":true}]}}