{"id":22078,"date":"2020-05-24T10:24:34","date_gmt":"2020-05-24T08:24:34","guid":{"rendered":"https:\/\/softlinefurniture.com\/product\/noomi-chaise-pivotante\/"},"modified":"2026-03-11T14:28:13","modified_gmt":"2026-03-11T13:28:13","slug":"noomi-chaise-pivotante","status":"publish","type":"product","link":"https:\/\/softlinefurniture.com\/fr\/produit\/noomi-chaise-pivotante\/","title":{"rendered":"NOOMI Chaise Pivotante"},"content":{"rendered":"<p><strong>Fauteuil de salon \u00e9l\u00e9gante<\/strong><br \/>\nLe fauteuil NOOMI est inspir\u00e9 par la tradition du design scandinave avec toutes les qualit\u00e9s de notre mobilier classique, hors du temps, et donc toujours tr\u00e8s contemporain. Dans la tradition scandinave, la forme et la fonction sont aussi importantes l\u2019une que l\u2019autre et notre mobilier refl\u00e8te notre histoire. NOOMI est fid\u00e8le \u00e0 cette tradition dans la simplicit\u00e9 de sa conception, mais en m\u00eame temps, elle poss\u00e8de une forme individuelle qui \u00e9pouse les contours du corps humain, avec son assise courbe et son haut dossier. Ses formes organiques incurv\u00e9es impliquent beaucoup de travail de fa\u00e7onnage manuel traditionnel.<\/p>\n<p>NOOMI offre un bon soutien lombaire, l&#8217;inclinaison du dossier a \u00e9t\u00e9 soigneusement pens\u00e9e, et les larges accoudoirs sont confortables pour reposer vos bras. Il semble vous inviter \u00e0 adopter diff\u00e9rentes positions assises et son design simple le rend adapt\u00e9 \u00e0 toutes sortes de fonctions, en espace priv\u00e9 ou architecturaux. C\u2019est un fauteuil qui inspire le confort et le repos. NOOMI remet l&#8217;histoire \u00e0 jour &#8211; sous une forme simple, douce et contemporaine.<\/p>\n","protected":false},"excerpt":{"rendered":"<p>Fauteuil de salon \u00e9l\u00e9gante Le fauteuil NOOMI est inspir\u00e9 par la tradition du design scandinave avec toutes les qualit\u00e9s de notre mobilier classique, hors du temps, et donc toujours tr\u00e8s contemporain. Dans la tradition scandinave, la forme et la fonction sont aussi importantes l\u2019une que l\u2019autre et notre mobilier refl\u00e8te notre histoire. NOOMI est fid\u00e8le [&hellip;]<\/p>\n","protected":false},"featured_media":44934,"comment_status":"closed","ping_status":"closed","template":"","meta":{"_acf_changed":false},"product_brand":[48595],"product_cat":[6238,6240,47950],"product_tag":[],"class_list":{"0":"post-22078","1":"product","2":"type-product","3":"status-publish","4":"has-post-thumbnail","6":"product_brand-noomi","7":"product_cat-fauteuils","8":"product_cat-fauteuils-lounge","9":"product_cat-fauteuils-pivontants","10":"pa_covers-nettoyage-les-housses-ayant-le-symbole-p-peuvent-etre-nettoyees-a-sec-des-housses-supplementaires-peuvent-etre-commandees-si-vous-souhaitez-une-nouvelle-couleur-ou-un-autre-tissu","12":"first","13":"instock","14":"shipping-taxable","15":"purchasable","16":"product-type-variable"},"acf":[],"_links":{"self":[{"href":"https:\/\/softlinefurniture.com\/fr\/wp-json\/wp\/v2\/product\/22078","targetHints":{"allow":["GET"]}}],"collection":[{"href":"https:\/\/softlinefurniture.com\/fr\/wp-json\/wp\/v2\/product"}],"about":[{"href":"https:\/\/softlinefurniture.com\/fr\/wp-json\/wp\/v2\/types\/product"}],"replies":[{"embeddable":true,"href":"https:\/\/softlinefurniture.com\/fr\/wp-json\/wp\/v2\/comments?post=22078"}],"version-history":[{"count":0,"href":"https:\/\/softlinefurniture.com\/fr\/wp-json\/wp\/v2\/product\/22078\/revisions"}],"wp:featuredmedia":[{"embeddable":true,"href":"https:\/\/softlinefurniture.com\/fr\/wp-json\/wp\/v2\/media\/44934"}],"wp:attachment":[{"href":"https:\/\/softlinefurniture.com\/fr\/wp-json\/wp\/v2\/media?parent=22078"}],"wp:term":[{"taxonomy":"product_brand","embeddable":true,"href":"https:\/\/softlinefurniture.com\/fr\/wp-json\/wp\/v2\/product_brand?post=22078"},{"taxonomy":"product_cat","embeddable":true,"href":"https:\/\/softlinefurniture.com\/fr\/wp-json\/wp\/v2\/product_cat?post=22078"},{"taxonomy":"product_tag","embeddable":true,"href":"https:\/\/softlinefurniture.com\/fr\/wp-json\/wp\/v2\/product_tag?post=22078"}],"curies":[{"name":"wp","href":"https:\/\/api.w.org\/{rel}","templated":true}]}}