{"id":31470,"date":"2020-05-24T09:53:55","date_gmt":"2020-05-24T07:53:55","guid":{"rendered":"https:\/\/softlinefurniture.com\/product\/angel-fauteuil\/"},"modified":"2026-03-11T12:48:41","modified_gmt":"2026-03-11T11:48:41","slug":"angel-chaise-pivotante","status":"publish","type":"product","link":"https:\/\/softlinefurniture.com\/fr\/produit\/angel-chaise-pivotante\/","title":{"rendered":"ANGEL CHAISE PIVOTANTE"},"content":{"rendered":"<p><strong>Des formes iconiques<\/strong><br \/>\nAvec un design avant-gardiste et embl\u00e9matique, ANGEL est un fauteuil qui peut \u00eatre utilis\u00e9e comme \u00e9l\u00e9ment autonome dans la d\u00e9coration int\u00e9rieure, mais s\u2019adapte aussi parfaitement en se combinant avec d&#8217;autres styles de meubles pour un look personnel et moderne. Son design est \u00e0 la fois doux, accueillant et ultra-\u00e9l\u00e9gant.<\/p>\n<p>Vainqueur du Good Design Award 2011<\/p>\n","protected":false},"excerpt":{"rendered":"<p>Des formes iconiques Avec un design avant-gardiste et embl\u00e9matique, ANGEL est un fauteuil qui peut \u00eatre utilis\u00e9e comme \u00e9l\u00e9ment autonome dans la d\u00e9coration int\u00e9rieure, mais s\u2019adapte aussi parfaitement en se combinant avec d&#8217;autres styles de meubles pour un look personnel et moderne. Son design est \u00e0 la fois doux, accueillant et ultra-\u00e9l\u00e9gant. Vainqueur du Good [&hellip;]<\/p>\n","protected":false},"featured_media":42233,"comment_status":"closed","ping_status":"closed","template":"","meta":{"_acf_changed":false},"product_brand":[48302],"product_cat":[6238,6240,47950,6270],"product_tag":[],"class_list":{"0":"post-31470","1":"product","2":"type-product","3":"status-publish","4":"has-post-thumbnail","6":"product_brand-angel-swivel-chair","7":"product_cat-fauteuils","8":"product_cat-fauteuils-lounge","9":"product_cat-fauteuils-pivontants","10":"product_cat-modes","11":"pa_covers-nettoyage-les-housses-ayant-le-symbole-p-peuvent-etre-nettoyees-a-sec-des-housses-supplementaires-peuvent-etre-commandees-si-vous-souhaitez-une-nouvelle-couleur-ou-un-autre-tissu","13":"first","14":"instock","15":"shipping-taxable","16":"purchasable","17":"product-type-variable"},"acf":[],"_links":{"self":[{"href":"https:\/\/softlinefurniture.com\/fr\/wp-json\/wp\/v2\/product\/31470","targetHints":{"allow":["GET"]}}],"collection":[{"href":"https:\/\/softlinefurniture.com\/fr\/wp-json\/wp\/v2\/product"}],"about":[{"href":"https:\/\/softlinefurniture.com\/fr\/wp-json\/wp\/v2\/types\/product"}],"replies":[{"embeddable":true,"href":"https:\/\/softlinefurniture.com\/fr\/wp-json\/wp\/v2\/comments?post=31470"}],"version-history":[{"count":0,"href":"https:\/\/softlinefurniture.com\/fr\/wp-json\/wp\/v2\/product\/31470\/revisions"}],"wp:featuredmedia":[{"embeddable":true,"href":"https:\/\/softlinefurniture.com\/fr\/wp-json\/wp\/v2\/media\/42233"}],"wp:attachment":[{"href":"https:\/\/softlinefurniture.com\/fr\/wp-json\/wp\/v2\/media?parent=31470"}],"wp:term":[{"taxonomy":"product_brand","embeddable":true,"href":"https:\/\/softlinefurniture.com\/fr\/wp-json\/wp\/v2\/product_brand?post=31470"},{"taxonomy":"product_cat","embeddable":true,"href":"https:\/\/softlinefurniture.com\/fr\/wp-json\/wp\/v2\/product_cat?post=31470"},{"taxonomy":"product_tag","embeddable":true,"href":"https:\/\/softlinefurniture.com\/fr\/wp-json\/wp\/v2\/product_tag?post=31470"}],"curies":[{"name":"wp","href":"https:\/\/api.w.org\/{rel}","templated":true}]}}