{"id":31484,"date":"2020-06-04T09:02:09","date_gmt":"2020-06-04T07:02:09","guid":{"rendered":"https:\/\/softlinefurniture.com\/product\/apollo-pouf\/"},"modified":"2026-03-11T12:49:13","modified_gmt":"2026-03-11T11:49:13","slug":"apollo-pouf","status":"publish","type":"product","link":"https:\/\/softlinefurniture.com\/fr\/produit\/apollo-pouf\/","title":{"rendered":"APOLLO Pouf"},"content":{"rendered":"<p><strong>Continuez de vous balancer<\/strong><br \/>\nUn fauteuil \u00e0 bascule? Oui, un fauteuil amusant au design moderne, c&#8217;est pr\u00e9cis\u00e9ment ce qu&#8217;est APOLLO. Tr\u00e8s d\u00e9coratif et sculptural en lui-m\u00eame, le fauteuil APOLLO sera votre nouveau lieu de d\u00e9tente favori. Le design est compact et peu encombrante.<\/p>\n","protected":false},"excerpt":{"rendered":"<p>Continuez de vous balancer Un fauteuil \u00e0 bascule? Oui, un fauteuil amusant au design moderne, c&#8217;est pr\u00e9cis\u00e9ment ce qu&#8217;est APOLLO. Tr\u00e8s d\u00e9coratif et sculptural en lui-m\u00eame, le fauteuil APOLLO sera votre nouveau lieu de d\u00e9tente favori. Le design est compact et peu encombrante.<\/p>\n","protected":false},"featured_media":81147,"comment_status":"closed","ping_status":"closed","template":"","meta":{"_acf_changed":false},"product_brand":[48300],"product_cat":[6242,6244],"product_tag":[],"class_list":{"0":"post-31484","1":"product","2":"type-product","3":"status-publish","4":"has-post-thumbnail","6":"product_brand-apollo","7":"product_cat-meubles-pour-enfants","8":"product_cat-poufs-repose-pied","9":"pa_covers-nettoyage-les-housses-ayant-le-symbole-p-peuvent-etre-nettoyees-a-sec-des-housses-supplementaires-peuvent-etre-commandees-si-vous-souhaitez-une-nouvelle-couleur-ou-un-autre-tissu","11":"first","12":"instock","13":"shipping-taxable","14":"purchasable","15":"product-type-variable"},"acf":[],"_links":{"self":[{"href":"https:\/\/softlinefurniture.com\/fr\/wp-json\/wp\/v2\/product\/31484","targetHints":{"allow":["GET"]}}],"collection":[{"href":"https:\/\/softlinefurniture.com\/fr\/wp-json\/wp\/v2\/product"}],"about":[{"href":"https:\/\/softlinefurniture.com\/fr\/wp-json\/wp\/v2\/types\/product"}],"replies":[{"embeddable":true,"href":"https:\/\/softlinefurniture.com\/fr\/wp-json\/wp\/v2\/comments?post=31484"}],"version-history":[{"count":0,"href":"https:\/\/softlinefurniture.com\/fr\/wp-json\/wp\/v2\/product\/31484\/revisions"}],"wp:featuredmedia":[{"embeddable":true,"href":"https:\/\/softlinefurniture.com\/fr\/wp-json\/wp\/v2\/media\/81147"}],"wp:attachment":[{"href":"https:\/\/softlinefurniture.com\/fr\/wp-json\/wp\/v2\/media?parent=31484"}],"wp:term":[{"taxonomy":"product_brand","embeddable":true,"href":"https:\/\/softlinefurniture.com\/fr\/wp-json\/wp\/v2\/product_brand?post=31484"},{"taxonomy":"product_cat","embeddable":true,"href":"https:\/\/softlinefurniture.com\/fr\/wp-json\/wp\/v2\/product_cat?post=31484"},{"taxonomy":"product_tag","embeddable":true,"href":"https:\/\/softlinefurniture.com\/fr\/wp-json\/wp\/v2\/product_tag?post=31484"}],"curies":[{"name":"wp","href":"https:\/\/api.w.org\/{rel}","templated":true}]}}