{"id":31515,"date":"2020-05-14T03:40:59","date_gmt":"2020-05-14T01:40:59","guid":{"rendered":"https:\/\/softlinefurniture.com\/product\/baixa-chair\/"},"modified":"2026-03-11T12:49:28","modified_gmt":"2026-03-11T11:49:28","slug":"baixa-fauteuil","status":"publish","type":"product","link":"https:\/\/softlinefurniture.com\/fr\/produit\/baixa-fauteuil\/","title":{"rendered":"BAIXA Fauteuil"},"content":{"rendered":"<p><strong>S&#8217;installer<\/strong><br \/>\nBAIXA est un fauteuil confortable au design unique qui \u00e9voque autant le pass\u00e9 que le futur. Avec fluidit\u00e9, le support lombaire se transforme en accoudoir &#8211; rond et doux- comme la partie sup\u00e9rieure du dossier.<\/p>\n<p>Vainqueur du Good Design Award 2019<\/p>\n","protected":false},"excerpt":{"rendered":"<p>S&#8217;installer BAIXA est un fauteuil confortable au design unique qui \u00e9voque autant le pass\u00e9 que le futur. Avec fluidit\u00e9, le support lombaire se transforme en accoudoir &#8211; rond et doux- comme la partie sup\u00e9rieure du dossier. Vainqueur du Good Design Award 2019<\/p>\n","protected":false},"featured_media":42253,"comment_status":"closed","ping_status":"closed","template":"","meta":{"_acf_changed":false},"product_brand":[48304],"product_cat":[6240,6270],"product_tag":[],"class_list":{"0":"post-31515","1":"product","2":"type-product","3":"status-publish","4":"has-post-thumbnail","6":"product_brand-baixa","7":"product_cat-fauteuils-lounge","8":"product_cat-modes","9":"pa_covers-removable-covers-cleaning-covers-can-be-dry-cleaned-as-they-have-been-given-the-symbol-p-extra-covers-can-be-purchased-if-you-need-a-new-colour-or-fabric-fr","11":"first","12":"instock","13":"shipping-taxable","14":"purchasable","15":"product-type-variable"},"acf":[],"_links":{"self":[{"href":"https:\/\/softlinefurniture.com\/fr\/wp-json\/wp\/v2\/product\/31515","targetHints":{"allow":["GET"]}}],"collection":[{"href":"https:\/\/softlinefurniture.com\/fr\/wp-json\/wp\/v2\/product"}],"about":[{"href":"https:\/\/softlinefurniture.com\/fr\/wp-json\/wp\/v2\/types\/product"}],"replies":[{"embeddable":true,"href":"https:\/\/softlinefurniture.com\/fr\/wp-json\/wp\/v2\/comments?post=31515"}],"version-history":[{"count":0,"href":"https:\/\/softlinefurniture.com\/fr\/wp-json\/wp\/v2\/product\/31515\/revisions"}],"wp:featuredmedia":[{"embeddable":true,"href":"https:\/\/softlinefurniture.com\/fr\/wp-json\/wp\/v2\/media\/42253"}],"wp:attachment":[{"href":"https:\/\/softlinefurniture.com\/fr\/wp-json\/wp\/v2\/media?parent=31515"}],"wp:term":[{"taxonomy":"product_brand","embeddable":true,"href":"https:\/\/softlinefurniture.com\/fr\/wp-json\/wp\/v2\/product_brand?post=31515"},{"taxonomy":"product_cat","embeddable":true,"href":"https:\/\/softlinefurniture.com\/fr\/wp-json\/wp\/v2\/product_cat?post=31515"},{"taxonomy":"product_tag","embeddable":true,"href":"https:\/\/softlinefurniture.com\/fr\/wp-json\/wp\/v2\/product_tag?post=31515"}],"curies":[{"name":"wp","href":"https:\/\/api.w.org\/{rel}","templated":true}]}}