{"id":31530,"date":"2020-05-16T22:27:42","date_gmt":"2020-05-16T20:27:42","guid":{"rendered":"https:\/\/softlinefurniture.com\/product\/basel-sofa\/"},"modified":"2026-03-11T12:51:06","modified_gmt":"2026-03-11T11:51:06","slug":"basel-sofa","status":"publish","type":"product","link":"https:\/\/softlinefurniture.com\/fr\/produit\/basel-sofa\/","title":{"rendered":"BASEL Canap\u00e9"},"content":{"rendered":"<p><strong>Futuriste et amusant<\/strong><br \/>\nSes lignes \u00e9pur\u00e9es et la simplicit\u00e9 de sa conception sont frappantes, mais un regard attentif r\u00e9v\u00e8le nombre de d\u00e9tails de conception qui donnent \u00e0 BASEL une personnalit\u00e9 vraiment unique. Les lignes du si\u00e8ge sont le r\u00e9sultat d\u2019une fusion de plusieurs formes g\u00e9om\u00e9triques pour aboutir \u00e0 une forme unique, rigoureuse et douce \u00e0 la fois. Le dossier caract\u00e9ristique fait office d\u2019accoudoir int\u00e9gr\u00e9 et discret: il constitue un \u00e9l\u00e9ment avanc\u00e9 de conception tridimensionnelle malgr\u00e9 son aspect minimaliste. La s\u00e9paration visible entre le dossier et le si\u00e8ge permet de m\u00e9langer les couleurs et les mat\u00e9riaux et offre la possiblit\u00e9 \u00e0 l&#8217;architecte d&#8217;int\u00e9rieur de travailler avec BASEL dans toutes sortes de finitions.<\/p>\n","protected":false},"excerpt":{"rendered":"<p>Futuriste et amusant Ses lignes \u00e9pur\u00e9es et la simplicit\u00e9 de sa conception sont frappantes, mais un regard attentif r\u00e9v\u00e8le nombre de d\u00e9tails de conception qui donnent \u00e0 BASEL une personnalit\u00e9 vraiment unique. Les lignes du si\u00e8ge sont le r\u00e9sultat d\u2019une fusion de plusieurs formes g\u00e9om\u00e9triques pour aboutir \u00e0 une forme unique, rigoureuse et douce \u00e0 [&hellip;]<\/p>\n","protected":false},"featured_media":42263,"comment_status":"closed","ping_status":"closed","template":"","meta":{"_acf_changed":false},"product_brand":[48306],"product_cat":[6266],"product_tag":[34678],"class_list":{"0":"post-31530","1":"product","2":"type-product","3":"status-publish","4":"has-post-thumbnail","6":"product_brand-basel","7":"product_cat-canapes","8":"product_tag-sofa-fr","9":"pa_covers-modele-dehoussable","10":"pa_covers-nettoyage-les-housses-ayant-le-symbole-p-peuvent-etre-nettoyees-a-sec-des-housses-supplementaires-peuvent-etre-commandees-si-vous-souhaitez-une-nouvelle-couleur-ou-un-autre-tissu","12":"first","13":"instock","14":"shipping-taxable","15":"purchasable","16":"product-type-variable"},"acf":[],"_links":{"self":[{"href":"https:\/\/softlinefurniture.com\/fr\/wp-json\/wp\/v2\/product\/31530","targetHints":{"allow":["GET"]}}],"collection":[{"href":"https:\/\/softlinefurniture.com\/fr\/wp-json\/wp\/v2\/product"}],"about":[{"href":"https:\/\/softlinefurniture.com\/fr\/wp-json\/wp\/v2\/types\/product"}],"replies":[{"embeddable":true,"href":"https:\/\/softlinefurniture.com\/fr\/wp-json\/wp\/v2\/comments?post=31530"}],"version-history":[{"count":0,"href":"https:\/\/softlinefurniture.com\/fr\/wp-json\/wp\/v2\/product\/31530\/revisions"}],"wp:featuredmedia":[{"embeddable":true,"href":"https:\/\/softlinefurniture.com\/fr\/wp-json\/wp\/v2\/media\/42263"}],"wp:attachment":[{"href":"https:\/\/softlinefurniture.com\/fr\/wp-json\/wp\/v2\/media?parent=31530"}],"wp:term":[{"taxonomy":"product_brand","embeddable":true,"href":"https:\/\/softlinefurniture.com\/fr\/wp-json\/wp\/v2\/product_brand?post=31530"},{"taxonomy":"product_cat","embeddable":true,"href":"https:\/\/softlinefurniture.com\/fr\/wp-json\/wp\/v2\/product_cat?post=31530"},{"taxonomy":"product_tag","embeddable":true,"href":"https:\/\/softlinefurniture.com\/fr\/wp-json\/wp\/v2\/product_tag?post=31530"}],"curies":[{"name":"wp","href":"https:\/\/api.w.org\/{rel}","templated":true}]}}