{"id":31536,"date":"2020-06-03T10:48:11","date_gmt":"2020-06-03T08:48:11","guid":{"rendered":"https:\/\/softlinefurniture.com\/product\/bingo-pouf\/"},"modified":"2026-03-11T12:57:18","modified_gmt":"2026-03-11T11:57:18","slug":"bingo-pouf","status":"publish","type":"product","link":"https:\/\/softlinefurniture.com\/fr\/produit\/bingo-pouf\/","title":{"rendered":"BINGO Pouf"},"content":{"rendered":"<p><strong>Pouf au design fonctionnel<\/strong><br \/>\nCe pouf est tr\u00e8s populaire dans beaucoup de foyers. Il est \u00e0 la fois d\u00e9coratif, fonctionnel, facile \u00e0 stocker et \u00e0 d\u00e9plier. Le matelas en trois coussins reli\u00e9s se d\u00e9plie en matelas de couchage \u2013 un lit d\u2019appoint parfait pour vos invit\u00e9s ou un espace o\u00f9 les enfants peuventjouer. La tablette l\u00e9g\u00e8re transforme le pouf en table.<\/p>\n","protected":false},"excerpt":{"rendered":"<p>Pouf au design fonctionnel Ce pouf est tr\u00e8s populaire dans beaucoup de foyers. Il est \u00e0 la fois d\u00e9coratif, fonctionnel, facile \u00e0 stocker et \u00e0 d\u00e9plier. Le matelas en trois coussins reli\u00e9s se d\u00e9plie en matelas de couchage \u2013 un lit d\u2019appoint parfait pour vos invit\u00e9s ou un espace o\u00f9 les enfants peuventjouer. La tablette [&hellip;]<\/p>\n","protected":false},"featured_media":42298,"comment_status":"closed","ping_status":"closed","template":"","meta":{"_acf_changed":false},"product_brand":[48312],"product_cat":[6242,6270,34638],"product_tag":[6273],"class_list":{"0":"post-31536","1":"product","2":"type-product","3":"status-publish","4":"has-post-thumbnail","6":"product_brand-bingo","7":"product_cat-meubles-pour-enfants","8":"product_cat-modes","9":"product_cat-repose-pied-matelas","10":"product_tag-fonction","11":"pa_covers-nettoyage-les-housses-ayant-le-symbole-p-peuvent-etre-nettoyees-a-sec-des-housses-supplementaires-peuvent-etre-commandees-si-vous-souhaitez-une-nouvelle-couleur-ou-un-autre-tissu","13":"first","14":"instock","15":"shipping-taxable","16":"purchasable","17":"product-type-variable"},"acf":[],"_links":{"self":[{"href":"https:\/\/softlinefurniture.com\/fr\/wp-json\/wp\/v2\/product\/31536","targetHints":{"allow":["GET"]}}],"collection":[{"href":"https:\/\/softlinefurniture.com\/fr\/wp-json\/wp\/v2\/product"}],"about":[{"href":"https:\/\/softlinefurniture.com\/fr\/wp-json\/wp\/v2\/types\/product"}],"replies":[{"embeddable":true,"href":"https:\/\/softlinefurniture.com\/fr\/wp-json\/wp\/v2\/comments?post=31536"}],"version-history":[{"count":0,"href":"https:\/\/softlinefurniture.com\/fr\/wp-json\/wp\/v2\/product\/31536\/revisions"}],"wp:featuredmedia":[{"embeddable":true,"href":"https:\/\/softlinefurniture.com\/fr\/wp-json\/wp\/v2\/media\/42298"}],"wp:attachment":[{"href":"https:\/\/softlinefurniture.com\/fr\/wp-json\/wp\/v2\/media?parent=31536"}],"wp:term":[{"taxonomy":"product_brand","embeddable":true,"href":"https:\/\/softlinefurniture.com\/fr\/wp-json\/wp\/v2\/product_brand?post=31536"},{"taxonomy":"product_cat","embeddable":true,"href":"https:\/\/softlinefurniture.com\/fr\/wp-json\/wp\/v2\/product_cat?post=31536"},{"taxonomy":"product_tag","embeddable":true,"href":"https:\/\/softlinefurniture.com\/fr\/wp-json\/wp\/v2\/product_tag?post=31536"}],"curies":[{"name":"wp","href":"https:\/\/api.w.org\/{rel}","templated":true}]}}