{"id":31544,"date":"2020-06-07T01:02:34","date_gmt":"2020-06-06T23:02:34","guid":{"rendered":"https:\/\/softlinefurniture.com\/product\/bob-fauteuil\/"},"modified":"2026-03-11T12:57:31","modified_gmt":"2026-03-11T11:57:31","slug":"bob-fauteuil","status":"publish","type":"product","link":"https:\/\/softlinefurniture.com\/fr\/produit\/bob-fauteuil\/","title":{"rendered":"BOB Fauteuil"},"content":{"rendered":"<p><strong>Le compagnon du canap\u00e9<\/strong><br \/>\nLe fauteuil BOB est con\u00e7u pour accompagner un canap\u00e9 ou servir de fauteuil d&#8217;appoint dans le salon, un coin canap\u00e9, l&#8217;espace de relaxation ou la chambre des enfants. BOB est reconnu pour son aspect dense et comique et son charisme charmant qui pla\u00eet aux enfants comme aux adultes. Les dimensions et les d\u00e9tails simples le rendent tout aussi confortable et ind\u00e9modable.<\/p>\n","protected":false},"excerpt":{"rendered":"<p>Le compagnon du canap\u00e9 Le fauteuil BOB est con\u00e7u pour accompagner un canap\u00e9 ou servir de fauteuil d&#8217;appoint dans le salon, un coin canap\u00e9, l&#8217;espace de relaxation ou la chambre des enfants. BOB est reconnu pour son aspect dense et comique et son charisme charmant qui pla\u00eet aux enfants comme aux adultes. Les dimensions et [&hellip;]<\/p>\n","protected":false},"featured_media":42303,"comment_status":"closed","ping_status":"closed","template":"","meta":{"_acf_changed":false},"product_brand":[48315],"product_cat":[6238,6242,6270],"product_tag":[],"class_list":{"0":"post-31544","1":"product","2":"type-product","3":"status-publish","4":"has-post-thumbnail","6":"product_brand-bob","7":"product_cat-fauteuils","8":"product_cat-meubles-pour-enfants","9":"product_cat-modes","10":"pa_covers-nettoyage-les-housses-ayant-le-symbole-p-peuvent-etre-nettoyees-a-sec-des-housses-supplementaires-peuvent-etre-commandees-si-vous-souhaitez-une-nouvelle-couleur-ou-un-autre-tissu","12":"first","13":"instock","14":"shipping-taxable","15":"purchasable","16":"product-type-variable"},"acf":[],"_links":{"self":[{"href":"https:\/\/softlinefurniture.com\/fr\/wp-json\/wp\/v2\/product\/31544","targetHints":{"allow":["GET"]}}],"collection":[{"href":"https:\/\/softlinefurniture.com\/fr\/wp-json\/wp\/v2\/product"}],"about":[{"href":"https:\/\/softlinefurniture.com\/fr\/wp-json\/wp\/v2\/types\/product"}],"replies":[{"embeddable":true,"href":"https:\/\/softlinefurniture.com\/fr\/wp-json\/wp\/v2\/comments?post=31544"}],"version-history":[{"count":0,"href":"https:\/\/softlinefurniture.com\/fr\/wp-json\/wp\/v2\/product\/31544\/revisions"}],"wp:featuredmedia":[{"embeddable":true,"href":"https:\/\/softlinefurniture.com\/fr\/wp-json\/wp\/v2\/media\/42303"}],"wp:attachment":[{"href":"https:\/\/softlinefurniture.com\/fr\/wp-json\/wp\/v2\/media?parent=31544"}],"wp:term":[{"taxonomy":"product_brand","embeddable":true,"href":"https:\/\/softlinefurniture.com\/fr\/wp-json\/wp\/v2\/product_brand?post=31544"},{"taxonomy":"product_cat","embeddable":true,"href":"https:\/\/softlinefurniture.com\/fr\/wp-json\/wp\/v2\/product_cat?post=31544"},{"taxonomy":"product_tag","embeddable":true,"href":"https:\/\/softlinefurniture.com\/fr\/wp-json\/wp\/v2\/product_tag?post=31544"}],"curies":[{"name":"wp","href":"https:\/\/api.w.org\/{rel}","templated":true}]}}