{"id":31550,"date":"2020-06-05T08:53:27","date_gmt":"2020-06-05T06:53:27","guid":{"rendered":"https:\/\/softlinefurniture.com\/product\/boggie-table-satellite\/"},"modified":"2026-03-11T12:57:38","modified_gmt":"2026-03-11T11:57:38","slug":"boggie-table","status":"publish","type":"product","link":"https:\/\/softlinefurniture.com\/fr\/produit\/boggie-table\/","title":{"rendered":"BOGGIE Table"},"content":{"rendered":"<p><strong>Un bout de canap\u00e9 dynamique et \u00e9l\u00e9gant<\/strong><br \/>\nCette petite et charmante table satellite est extr\u00eamement utile dans tous les contextes. Sa conception permet de la positionner au dessus de l\u2019assise d&#8217;une chaise ou d&#8217;un canap\u00e9 et est pratique pour poser votre tasse de caf\u00e9, un iPad ou un livre. La table peut \u00e9galement devenir une table de rangement dans le hall ou une table de chevet dans la chambre. Le pi\u00e9tement circulaire et son design \u00e9nergique cr\u00e9ent une sensation positive et un look \u00e9l\u00e9gant dans n&#8217;importe quelle circonsrtance.<\/p>\n","protected":false},"excerpt":{"rendered":"<p>Un bout de canap\u00e9 dynamique et \u00e9l\u00e9gant Cette petite et charmante table satellite est extr\u00eamement utile dans tous les contextes. Sa conception permet de la positionner au dessus de l\u2019assise d&#8217;une chaise ou d&#8217;un canap\u00e9 et est pratique pour poser votre tasse de caf\u00e9, un iPad ou un livre. La table peut \u00e9galement devenir une [&hellip;]<\/p>\n","protected":false},"featured_media":114639,"comment_status":"closed","ping_status":"closed","template":"","meta":{"_acf_changed":false},"product_brand":[48319],"product_cat":[6270,6271],"product_tag":[],"class_list":{"0":"post-31550","1":"product","2":"type-product","3":"status-publish","4":"has-post-thumbnail","6":"product_brand-boggie","7":"product_cat-modes","8":"product_cat-tables-fr","10":"first","11":"instock","12":"shipping-taxable","13":"purchasable","14":"product-type-variable"},"acf":[],"_links":{"self":[{"href":"https:\/\/softlinefurniture.com\/fr\/wp-json\/wp\/v2\/product\/31550","targetHints":{"allow":["GET"]}}],"collection":[{"href":"https:\/\/softlinefurniture.com\/fr\/wp-json\/wp\/v2\/product"}],"about":[{"href":"https:\/\/softlinefurniture.com\/fr\/wp-json\/wp\/v2\/types\/product"}],"replies":[{"embeddable":true,"href":"https:\/\/softlinefurniture.com\/fr\/wp-json\/wp\/v2\/comments?post=31550"}],"version-history":[{"count":0,"href":"https:\/\/softlinefurniture.com\/fr\/wp-json\/wp\/v2\/product\/31550\/revisions"}],"wp:featuredmedia":[{"embeddable":true,"href":"https:\/\/softlinefurniture.com\/fr\/wp-json\/wp\/v2\/media\/114639"}],"wp:attachment":[{"href":"https:\/\/softlinefurniture.com\/fr\/wp-json\/wp\/v2\/media?parent=31550"}],"wp:term":[{"taxonomy":"product_brand","embeddable":true,"href":"https:\/\/softlinefurniture.com\/fr\/wp-json\/wp\/v2\/product_brand?post=31550"},{"taxonomy":"product_cat","embeddable":true,"href":"https:\/\/softlinefurniture.com\/fr\/wp-json\/wp\/v2\/product_cat?post=31550"},{"taxonomy":"product_tag","embeddable":true,"href":"https:\/\/softlinefurniture.com\/fr\/wp-json\/wp\/v2\/product_tag?post=31550"}],"curies":[{"name":"wp","href":"https:\/\/api.w.org\/{rel}","templated":true}]}}