{"id":31557,"date":"2020-06-11T08:28:07","date_gmt":"2020-06-11T06:28:07","guid":{"rendered":"https:\/\/softlinefurniture.com\/product\/chat-pouf\/"},"modified":"2026-03-11T13:41:58","modified_gmt":"2026-03-11T12:41:58","slug":"chat-pouf","status":"publish","type":"product","link":"https:\/\/softlinefurniture.com\/fr\/produit\/chat-pouf\/","title":{"rendered":"CHAT Pouf"},"content":{"rendered":"<p><strong>Soyez cr\u00e9atif!<\/strong><br \/>\nCHAT s\u2019adapte \u00e0 toutes sortes d\u2019environnements et de multiples fa\u00e7ons. Il vous offre la possibilit\u00e9 de cr\u00e9er un objet qui vous ressemble. Choisissez une couleur accrocheuse pour cr\u00e9er une atmosph\u00e8re tonique ou une teinte naturelle pour une atmosph\u00e8re discr\u00e8te et minimaliste. Les possibilit\u00e9s sont infinies, et c\u2019est \u00e0 vous d\u2019\u00eatre cr\u00e9atif. Le pouf CHAT est l\u00e9ger et facile \u00e0 d\u00e9placer et \u00e0 ranger.<\/p>\n","protected":false},"excerpt":{"rendered":"<p>Soyez cr\u00e9atif! CHAT s\u2019adapte \u00e0 toutes sortes d\u2019environnements et de multiples fa\u00e7ons. Il vous offre la possibilit\u00e9 de cr\u00e9er un objet qui vous ressemble. Choisissez une couleur accrocheuse pour cr\u00e9er une atmosph\u00e8re tonique ou une teinte naturelle pour une atmosph\u00e8re discr\u00e8te et minimaliste. Les possibilit\u00e9s sont infinies, et c\u2019est \u00e0 vous d\u2019\u00eatre cr\u00e9atif. Le pouf [&hellip;]<\/p>\n","protected":false},"featured_media":68077,"comment_status":"closed","ping_status":"closed","template":"","meta":{"_acf_changed":false},"product_brand":[48363],"product_cat":[6242,6270,6244],"product_tag":[],"class_list":{"0":"post-31557","1":"product","2":"type-product","3":"status-publish","4":"has-post-thumbnail","6":"product_brand-chat-pouf","7":"product_cat-meubles-pour-enfants","8":"product_cat-modes","9":"product_cat-poufs-repose-pied","10":"pa_covers-nettoyage-les-housses-ayant-le-symbole-p-peuvent-etre-nettoyees-a-sec-des-housses-supplementaires-peuvent-etre-commandees-si-vous-souhaitez-une-nouvelle-couleur-ou-un-autre-tissu","12":"first","13":"instock","14":"shipping-taxable","15":"purchasable","16":"product-type-variable"},"acf":[],"_links":{"self":[{"href":"https:\/\/softlinefurniture.com\/fr\/wp-json\/wp\/v2\/product\/31557","targetHints":{"allow":["GET"]}}],"collection":[{"href":"https:\/\/softlinefurniture.com\/fr\/wp-json\/wp\/v2\/product"}],"about":[{"href":"https:\/\/softlinefurniture.com\/fr\/wp-json\/wp\/v2\/types\/product"}],"replies":[{"embeddable":true,"href":"https:\/\/softlinefurniture.com\/fr\/wp-json\/wp\/v2\/comments?post=31557"}],"version-history":[{"count":0,"href":"https:\/\/softlinefurniture.com\/fr\/wp-json\/wp\/v2\/product\/31557\/revisions"}],"wp:featuredmedia":[{"embeddable":true,"href":"https:\/\/softlinefurniture.com\/fr\/wp-json\/wp\/v2\/media\/68077"}],"wp:attachment":[{"href":"https:\/\/softlinefurniture.com\/fr\/wp-json\/wp\/v2\/media?parent=31557"}],"wp:term":[{"taxonomy":"product_brand","embeddable":true,"href":"https:\/\/softlinefurniture.com\/fr\/wp-json\/wp\/v2\/product_brand?post=31557"},{"taxonomy":"product_cat","embeddable":true,"href":"https:\/\/softlinefurniture.com\/fr\/wp-json\/wp\/v2\/product_cat?post=31557"},{"taxonomy":"product_tag","embeddable":true,"href":"https:\/\/softlinefurniture.com\/fr\/wp-json\/wp\/v2\/product_tag?post=31557"}],"curies":[{"name":"wp","href":"https:\/\/api.w.org\/{rel}","templated":true}]}}